{"id":164332,"date":"2025-02-11T12:48:51","date_gmt":"2025-02-11T12:48:51","guid":{"rendered":"https:\/\/nexgendecors.com\/en\/product\/lightweight-foamed-ceramic-hollow-bricks-internet-celebrity-decorative-partition-walls-double-sided-triumphal-arches-support-a-variety-of-modeling-component-bricks\/"},"modified":"2025-04-15T11:18:06","modified_gmt":"2025-04-15T11:18:06","slug":"lightweight-foamed-ceramic-hollow-bricks-internet-celebrity-decorative-partition-walls-double-sided-triumphal-arches-support-a-variety-of-modeling-component-bricks","status":"publish","type":"product","link":"https:\/\/nexgendecors.com\/ar\/\u0645\u0646\u062a\u062c\/lightweight-foamed-ceramic-hollow-bricks-internet-celebrity-decorative-partition-walls-double-sided-triumphal-arches-support-a-variety-of-modeling-component-bricks\/","title":{"rendered":"\u0637\u0648\u0628 \u0645\u062c\u0648\u0641 \u0645\u0646 \u0627\u0644\u0633\u064a\u0631\u0627\u0645\u064a\u0643 \u0627\u0644\u0631\u063a\u0648\u064a \u062e\u0641\u064a\u0641 \u0627\u0644\u0648\u0632\u0646 \u0644\u0644\u062c\u062f\u0631\u0627\u0646 \u0627\u0644\u0623\u0646\u064a\u0642\u0629"},"content":{"rendered":"<ul>\n<li><strong>\u0645\u0627\u0631\u0643\u0629<\/strong>:Yingxin Ancient Building<\/li>\n<li><strong>\u0646\u0645\u0648\u0630\u062c<\/strong>:20&#215;20<\/li>\n<li><strong>\u0645\u0627\u062f\u0629<\/strong>:cement<\/li>\n<li><strong>\u0623\u0635\u0644<\/strong>:\u0627\u0644\u0628\u0631 \u0627\u0644\u0631\u0626\u064a\u0633\u064a \u0627\u0644\u0635\u064a\u0646\u064a<\/li>\n<li><strong>\u0641\u0631\u0632 \u062d\u0633\u0628 \u0627\u0644\u0644\u0648\u0646<\/strong>:190*190\u00d750,190\u00d7190\u00d7100 single-sided,190x190x100 double-sided,190\u00d7290\u00d7100 single-sided,190x290x100 double-sided,105\u00d7300\u00d7100,180*180*50,600\u00d7600\u00d7100,200x200x100 double-sided<\/li>\n<li><strong><\/strong>:<\/li>\n<\/ul>","protected":false},"excerpt":{"rendered":"<p>\u0627\u0644\u0639\u0644\u0627\u0645\u0629 \u0627\u0644\u062a\u062c\u0627\u0631\u064a\u0629: Yingxin \u0627\u0644\u0642\u062f\u064a\u0645\u0629 \u0646\u0645\u0648\u0630\u062c \u0627\u0644\u0628\u0646\u0627\u0621: 20 \u00d7 20 \u0627\u0644\u0645\u0627\u062f\u0629: \u0623\u0633\u0645\u0646\u062a \u0627\u0644\u0645\u0646\u0634\u0623: \u0627\u0644\u0628\u0631 \u0627\u0644\u0631\u0626\u064a\u0633\u064a \u0627\u0644\u0635\u064a\u0646\u064a \u0627\u0644\u0641\u0631\u0632 \u062d\u0633\u0628 \u0627\u0644\u0644\u0648\u0646: 190*190\u00d750\u060c 190\u00d7190\u00d7190\u00d7100 \u0623\u062d\u0627\u062f\u064a \u0627\u0644\u062c\u0627\u0646\u0628\u060c 190\u00d7190\u00d7100 \u0645\u0632\u062f\u0648\u062c \u0627\u0644\u062c\u0627\u0646\u0628\u060c 190\u00d7290\u00d7100 \u0623\u062d\u0627\u062f\u064a \u0627\u0644\u062c\u0627\u0646\u0628\u060c 190\u00d7290\u00d7100 \u0645\u0632\u062f\u0648\u062c \u0627\u0644\u062c\u0627\u0646\u0628\u060c 105\u00d7300\u00d7100\u060c 180*180\u00d750\u060c 600\u00d7600\u00d7100\u060c 200\u00d7200\u00d7100 \u0645\u0632\u062f\u0648\u062c \u0627\u0644\u062c\u0627\u0646\u0628:<\/p>","protected":false},"featured_media":164331,"comment_status":"open","ping_status":"closed","template":"","meta":[],"product_brand":[],"product_cat":[30892,30986,30878],"product_tag":[30891],"class_list":{"0":"post-164332","1":"product","2":"type-product","3":"status-publish","4":"has-post-thumbnail","6":"product_cat-export","7":"product_cat-tiles-wall-bricks","8":"product_cat-wall-panel","9":"product_tag-title-adjust","11":"first","12":"instock","13":"taxable","14":"shipping-taxable","15":"purchasable","16":"product-type-variable"},"_links":{"self":[{"href":"https:\/\/nexgendecors.com\/ar\/wp-json\/wp\/v2\/product\/164332","targetHints":{"allow":["GET"]}}],"collection":[{"href":"https:\/\/nexgendecors.com\/ar\/wp-json\/wp\/v2\/product"}],"about":[{"href":"https:\/\/nexgendecors.com\/ar\/wp-json\/wp\/v2\/types\/product"}],"replies":[{"embeddable":true,"href":"https:\/\/nexgendecors.com\/ar\/wp-json\/wp\/v2\/comments?post=164332"}],"version-history":[{"count":0,"href":"https:\/\/nexgendecors.com\/ar\/wp-json\/wp\/v2\/product\/164332\/revisions"}],"wp:featuredmedia":[{"embeddable":true,"href":"https:\/\/nexgendecors.com\/ar\/wp-json\/wp\/v2\/media\/164331"}],"wp:attachment":[{"href":"https:\/\/nexgendecors.com\/ar\/wp-json\/wp\/v2\/media?parent=164332"}],"wp:term":[{"taxonomy":"product_brand","embeddable":true,"href":"https:\/\/nexgendecors.com\/ar\/wp-json\/wp\/v2\/product_brand?post=164332"},{"taxonomy":"product_cat","embeddable":true,"href":"https:\/\/nexgendecors.com\/ar\/wp-json\/wp\/v2\/product_cat?post=164332"},{"taxonomy":"product_tag","embeddable":true,"href":"https:\/\/nexgendecors.com\/ar\/wp-json\/wp\/v2\/product_tag?post=164332"}],"curies":[{"name":"wp","href":"https:\/\/api.w.org\/{rel}","templated":true}]}}