{"id":52931,"date":"2025-01-26T02:36:54","date_gmt":"2025-01-26T02:36:54","guid":{"rendered":"https:\/\/nexgendecors.com\/product\/costzon-kids-table-and-chair-set-3-piece-activity-table-w-detachable-toy-storage-bin-2-chairs-for-children-reading-art-craft-strong-bearing-capacity-lightweight-toddler-table-chair-set-coffee171188"},"modified":"2025-04-06T08:27:07","modified_gmt":"2025-04-06T08:27:07","slug":"costzon-kids-table-and-chair-set-3-piece-activity-table-w-detachable-toy-storage-bin-2-chairs-for-children-reading-art-craft-strong-bearing-capacity-lightweight-toddler-table-chair-set-coffee171188013","status":"publish","type":"product","link":"https:\/\/nexgendecors.com\/ar\/\u0645\u0646\u062a\u062c\/costzon-kids-table-and-chair-set-3-piece-activity-table-w-detachable-toy-storage-bin-2-chairs-for-children-reading-art-craft-strong-bearing-capacity-lightweight-toddler-table-chair-set-coffee171188013\/","title":{"rendered":"\u0637\u0642\u0645 \u0637\u0627\u0648\u0644\u0629 \u0648\u0643\u0631\u0633\u064a \u0644\u0644\u0623\u0637\u0641\u0627\u0644 \u0645\u0646 \u0643\u0648\u0633\u062a\u0632\u0648\u0646 \u0645\u0639 \u0645\u0633\u0627\u062d\u0629 \u0644\u062a\u062e\u0632\u064a\u0646 \u0627\u0644\u0623\u0644\u0639\u0627\u0628\u060c \u0644\u0648\u0646 \u0627\u0644\u0642\u0647\u0648\u0629"},"content":{"rendered":"<p data-mce-fragment=\"1\">\ud83c\udf1f <strong data-mce-fragment=\"1\">Perfectly Sized for Kids:<\/strong><\/p>\n<ul data-mce-fragment=\"1\">\n<li data-mce-fragment=\"1\">Give your children their own space with a table and chair set designed just for them!<\/li>\n<li data-mce-fragment=\"1\">Perfect for playrooms, living rooms, kindergartens, patios, and more.<\/li>\n<li data-mce-fragment=\"1\">Ideal for snacks, crafts, and learning activities.<\/li>\n<li data-mce-fragment=\"1\">Table: 27&#8243; \u00d7 27&#8243; \u00d7 20&#8243;, Chair: 13&#8243; \u00d7 13&#8243; \u00d7 20&#8243;, suitable for kids aged 3 to 7 years old.<\/li>\n<\/ul>\n<p data-mce-fragment=\"1\">\ud83c\udf6d <strong data-mce-fragment=\"1\">Sweet Storage Design:<\/strong><\/p>\n<ul data-mce-fragment=\"1\">\n<li data-mce-fragment=\"1\">Four detachable storage boxes under the tabletop for small toys, pencils, snacks, and more.<\/li>\n<li data-mce-fragment=\"1\">Kids will love having their own space to organize and store their belongings.<\/li>\n<li data-mce-fragment=\"1\">Easy to clean, ensuring the table stays tidy.<\/li>\n<\/ul>\n<p data-mce-fragment=\"1\">\ud83d\udee1\ufe0f <strong data-mce-fragment=\"1\">Safe and Durable Material:<\/strong><\/p>\n<ul data-mce-fragment=\"1\">\n<li data-mce-fragment=\"1\">Constructed of durable and premium PE material for safety and longevity.<\/li>\n<li data-mce-fragment=\"1\">Rounded corners provide a smooth touch, preventing clothes or skin scratches.<\/li>\n<\/ul>\n<p data-mce-fragment=\"1\">\ud83d\udcaa <strong data-mce-fragment=\"1\">Strong Weight Capacity:<\/strong><\/p>\n<ul data-mce-fragment=\"1\">\n<li data-mce-fragment=\"1\">X-shaped leg support and anti-slip suction cups ensure stability.<\/li>\n<li data-mce-fragment=\"1\">Lightweight yet sturdy frame supports up to 176 pounds on both table and chairs.<\/li>\n<li data-mce-fragment=\"1\">Allows kids to play freely without worry.<\/li>\n<\/ul>\n<p data-mce-fragment=\"1\">\ud83d\udd27 <strong data-mce-fragment=\"1\">Tool-free Assembly &#038; Easy Cleaning:<\/strong><\/p>\n<ul data-mce-fragment=\"1\">\n<li data-mce-fragment=\"1\">No screws needed for assembly; simply snap pieces together.<\/li>\n<li data-mce-fragment=\"1\">Waterproof and stain-resistant surface for easy cleaning of food and crayon marks.<\/li>\n<\/ul>\n<div><\/div>","protected":false},"excerpt":{"rendered":"<p>\ud83c\udf1f \u062d\u062c\u0645 \u0645\u062b\u0627\u0644\u064a \u0644\u0644\u0623\u0637\u0641\u0627\u0644: \u0627\u0645\u0646\u062d \u0623\u0637\u0641\u0627\u0644\u0643 \u0645\u0633\u0627\u062d\u062a\u0647\u0645 \u0627\u0644\u062e\u0627\u0635\u0629 \u0645\u0639 \u0645\u062c\u0645\u0648\u0639\u0629 \u0637\u0627\u0648\u0644\u0629 \u0648\u0643\u0631\u0627\u0633\u064a \u0645\u0635\u0645\u0645\u0629 \u062e\u0635\u064a\u0635\u064b\u0627 \u0644\u0647\u0645<\/p>","protected":false},"featured_media":111419,"comment_status":"open","ping_status":"closed","template":"","meta":[],"product_brand":[],"product_cat":[30971,30836,30839,30849],"product_tag":[],"class_list":{"0":"post-52931","1":"product","2":"type-product","3":"status-publish","4":"has-post-thumbnail","6":"product_cat-hp","7":"product_cat-kids-chairs","8":"product_cat-kids-tables","9":"product_cat-kindergarten-school-furniture","11":"first","12":"instock","13":"taxable","14":"shipping-taxable","15":"purchasable","16":"product-type-variable"},"_links":{"self":[{"href":"https:\/\/nexgendecors.com\/ar\/wp-json\/wp\/v2\/product\/52931","targetHints":{"allow":["GET"]}}],"collection":[{"href":"https:\/\/nexgendecors.com\/ar\/wp-json\/wp\/v2\/product"}],"about":[{"href":"https:\/\/nexgendecors.com\/ar\/wp-json\/wp\/v2\/types\/product"}],"replies":[{"embeddable":true,"href":"https:\/\/nexgendecors.com\/ar\/wp-json\/wp\/v2\/comments?post=52931"}],"version-history":[{"count":0,"href":"https:\/\/nexgendecors.com\/ar\/wp-json\/wp\/v2\/product\/52931\/revisions"}],"wp:featuredmedia":[{"embeddable":true,"href":"https:\/\/nexgendecors.com\/ar\/wp-json\/wp\/v2\/media\/111419"}],"wp:attachment":[{"href":"https:\/\/nexgendecors.com\/ar\/wp-json\/wp\/v2\/media?parent=52931"}],"wp:term":[{"taxonomy":"product_brand","embeddable":true,"href":"https:\/\/nexgendecors.com\/ar\/wp-json\/wp\/v2\/product_brand?post=52931"},{"taxonomy":"product_cat","embeddable":true,"href":"https:\/\/nexgendecors.com\/ar\/wp-json\/wp\/v2\/product_cat?post=52931"},{"taxonomy":"product_tag","embeddable":true,"href":"https:\/\/nexgendecors.com\/ar\/wp-json\/wp\/v2\/product_tag?post=52931"}],"curies":[{"name":"wp","href":"https:\/\/api.w.org\/{rel}","templated":true}]}}