{"id":70673,"date":"2025-01-26T03:20:27","date_gmt":"2025-01-26T03:20:27","guid":{"rendered":"https:\/\/nexgendecors.com\/product\/nawei-original-wood-color-japanese-style-wabi-sabi-style-tv-cabinet-coffee-table-combination-modern-simple-2023-new-living-room-furniture\/"},"modified":"2025-04-06T09:16:02","modified_gmt":"2025-04-06T09:16:02","slug":"nawei-original-wood-color-japanese-style-wabi-sabi-style-tv-cabinet-coffee-table-combination-modern-simple-2023-new-living-room-furniture","status":"publish","type":"product","link":"https:\/\/nexgendecors.com\/ar\/\u0645\u0646\u062a\u062c\/nawei-original-wood-color-japanese-style-wabi-sabi-style-tv-cabinet-coffee-table-combination-modern-simple-2023-new-living-room-furniture\/","title":{"rendered":"\u0637\u0642\u0645 \u0637\u0627\u0648\u0644\u0629 \u0642\u0647\u0648\u0629 \u0648\u062e\u0632\u0627\u0646\u0629 \u062a\u0644\u0641\u0632\u064a\u0648\u0646 \u062e\u0634\u0628\u064a\u0629 \u0645\u0646 \u0646\u0627\u0648\u064a \u0648\u0627\u0628\u064a \u0633\u0627\u0628\u064a"},"content":{"rendered":"<ul>\n<li>\n<strong>\u0645\u0627\u0631\u0643\u0629<\/strong>:NAV\/NAV \u0627\u0644\u0635\u0641\u062d\u0629 \u0627\u0644\u0631\u0626\u064a\u0633\u064a\u0629<\/li>\n<li>\n<strong>\u0646\u0645\u0648\u0630\u062c<\/strong>:TC230+TC101+TB1082<\/li>\n<li>\n<strong>\u0645\u0627\u062f\u0629<\/strong>:: \u0627\u0644\u0623\u0644\u0648\u0627\u062d \u0627\u0644\u062e\u0634\u0628\u064a\u0629<\/li>\n<li>\n<strong>\u0623\u0646\u0648\u0627\u0639 \u0627\u0644\u0623\u0644\u0648\u0627\u062d \u0627\u0644\u0627\u0635\u0637\u0646\u0627\u0639\u064a\u0629<\/strong>:\u0644\u0648\u062d \u0627\u0644\u0643\u062b\u0627\u0641\u0629\/\u0644\u0648\u062d \u0627\u0644\u0623\u0644\u064a\u0627\u0641<\/li>\n<li>\n<strong>\u0646\u0645\u0637<\/strong>:\u0641\u0646<\/li>\n<li>\n<strong>\u0623\u0633\u0644\u0648\u0628<\/strong>:\u0623\u0633\u0644\u0648\u0628 \u0648\u0627\u0628\u064a \u0633\u0627\u0628\u064a<\/li>\n<li>\n<strong>\u062a\u062b\u0628\u064a\u062a<\/strong>:\u0639\u0644\u064a\u0629<\/li>\n<li>\n<strong>\u0641\u0631\u0632 \u062d\u0633\u0628 \u0627\u0644\u0644\u0648\u0646<\/strong>:A TV cabinet (all light wood) A TV cabinet (light wood + white) B TV cabinet (all light wood) B TV cabinet (light wood + white) Coffee table 80\u00d780 (light wood) Coffee table 100\u00d7100 (light wood) Coffee table 100\u00d7100 (light wood) + 100\u00d760 (white) Coffee table 80\u00d780 (light wood) + 80\u00d760 (white). Coffee table 80\u00d780 (light wood) + 80\u00d760 (camel). Coffee table 100\u00d7100 (light wood) + 100\u00d760 (camel)<\/li>\n<li>\n<strong>\u0627\u0644\u0648\u0632\u0646 \u0627\u0644\u0625\u062c\u0645\u0627\u0644\u064a<\/strong>:100<\/li>\n<li>\n<strong>\u0645\u0648\u0627\u062f \u0627\u0644\u062a\u0634\u0637\u064a\u0628<\/strong>:\u062e\u0634\u0628<\/li>\n<li>\n<strong>\u0639\u0645\u0644\u064a\u0629 \u0627\u0644\u0637\u0644\u0627\u0621<\/strong>:\u0631\u0630\u0627\u0630 \u0627\u0644\u0637\u0644\u0627\u0621<\/li>\n<li>\n<strong>Paint gloss<\/strong>:\u0645\u0627\u062a\u064a<\/li>\n<li>\n<strong>\u0639\u0627\u0644\u064a<\/strong>:600mm and below<\/li>\n<li>\n<strong>\u0647\u0644 \u0647\u0648 \u0642\u0627\u0628\u0644 \u0644\u0644\u062a\u062e\u0635\u064a\u0635\u061f<\/strong>:\u0644\u0627<\/li>\n<li>\n<strong>\u0633\u0648\u0627\u0621 \u0645\u0639 \u0627\u0644\u0623\u0633\u0637\u0648\u0627\u0646\u0629<\/strong>:\u0644\u0627<\/li>\n<li>\n<strong>\u0645\u0645\u064a\u0632\u0627\u062a \u0627\u0636\u0627\u0641\u064a\u0629<\/strong>:\u062a\u0645\u062f\u062f<\/li>\n<li>\n<strong>\u0637\u0648\u0644<\/strong>:2.0m (not included) &#8211; 2.3m (inclusive)<\/li>\n<li>\n<strong>\u0645\u0646\u0627\u0633\u0628<\/strong>:\u0627\u0644\u0643\u0628\u0627\u0631<\/li>\n<li>\n<strong>\u0647\u064a\u0643\u0644 \u0627\u0644\u0623\u062b\u0627\u062b<\/strong>:\u0647\u064a\u0643\u0644 \u0625\u0637\u0627\u0631 \u0627\u0644\u0635\u0646\u062f\u0648\u0642<\/li>\n<li>\n<strong>\u0645\u062a\u0627\u062d \u0627\u0644\u062a\u0648\u0635\u064a\u0644\/\u0627\u0644\u062a\u0631\u0643\u064a\u0628<\/strong>:All cities Beijing Chongqing Shanghai Tianjin Shenzhen Chengdu National Shenyang Dalian Harbin Nanjing Wuxi Changzhou Suzhou Hangzhou Ningbo Wenzhou Jinhua Taizhou Fuzhou Xiamen Nanchang Qingdao Zhengzhou Wuhan Changsha Guangzhou Foshan Dongguan Nanning Guiyang Xi&#8217;an<\/li>\n<li>\n<strong>\u062a\u062c\u0645\u0639<\/strong>:\u0644\u0627<\/li>\n<li>\n<strong>\u062d\u062c\u0645 \u0627\u0644\u062d\u0632\u0645\u0629<\/strong>:2<\/li>\n<li>\n<strong>\u062a\u0641\u0627\u0635\u064a\u0644 \u062a\u0639\u0644\u064a\u0645\u0627\u062a \u0627\u0644\u062a\u062b\u0628\u064a\u062a<\/strong>:\u062a\u0648\u0641\u064a\u0631 \u0641\u064a\u062f\u064a\u0648 \u062a\u0639\u0644\u064a\u0645\u0627\u062a \u0627\u0644\u062a\u062b\u0628\u064a\u062a\u060c \u0648\u062a\u0648\u0641\u064a\u0631 \u062f\u0644\u064a\u0644 \u0627\u0644\u062a\u062b\u0628\u064a\u062a\u060c \u0648\u062a\u0648\u0641\u064a\u0631 \u0623\u062f\u0648\u0627\u062a \u0627\u0644\u062a\u062b\u0628\u064a\u062a \u0627\u0644\u0628\u0633\u064a\u0637\u0629<\/li>\n<\/ul>\n<p><img><\/p>","protected":false},"excerpt":{"rendered":"<p>\u0627\u0644\u0639\u0644\u0627\u0645\u0629 \u0627\u0644\u062a\u062c\u0627\u0631\u064a\u0629: NAV\/NAV Home \u0627\u0644\u0637\u0631\u0627\u0632: TC230+TC101+TB1082 \u0627\u0644\u0645\u0648\u0627\u062f: \u0623\u0644\u0648\u0627\u062d \u062e\u0634\u0628\u064a\u0629 \u0623\u0646\u0648\u0627\u0639 \u0627\u0644\u0623\u0644\u0648\u0627\u062d \u0627\u0644\u0635\u0646\u0627\u0639\u064a\u0629: \u0644\u0648\u062d \u0627\u0644\u0643\u062b\u0627\u0641\u0629\/\u0644\u0648\u062d \u0627\u0644\u0623\u0644\u064a\u0627\u0641 \u0627\u0644\u0646\u0645\u0637: \u0646\u0645\u0637 \u0641\u0646\u064a: \u0646\u0645\u0637 Wabi-sabi \u0627\u0644\u062a\u0631\u0643\u064a\u0628: \u0639\u0628\u0648\u0629 \u0645\u0631\u062a\u0628\u0629 \u062d\u0633\u0628 \u0627\u0644\u0644\u0648\u0646: \u062e\u0632\u0627\u0646\u0629 \u062a\u0644\u0641\u0632\u064a\u0648\u0646 (\u062c\u0645\u064a\u0639<\/p>","protected":false},"featured_media":130847,"comment_status":"open","ping_status":"closed","template":"","meta":[],"product_brand":[],"product_cat":[30862,30971,30850,30857],"product_tag":[],"class_list":{"0":"post-70673","1":"product","2":"type-product","3":"status-publish","4":"has-post-thumbnail","6":"product_cat-wholesales-hotels","7":"product_cat-hp","8":"product_cat-wholesale-furniture","9":"product_cat-wholesale-sofa-table","11":"first","12":"instock","13":"taxable","14":"shipping-taxable","15":"purchasable","16":"product-type-variable"},"_links":{"self":[{"href":"https:\/\/nexgendecors.com\/ar\/wp-json\/wp\/v2\/product\/70673","targetHints":{"allow":["GET"]}}],"collection":[{"href":"https:\/\/nexgendecors.com\/ar\/wp-json\/wp\/v2\/product"}],"about":[{"href":"https:\/\/nexgendecors.com\/ar\/wp-json\/wp\/v2\/types\/product"}],"replies":[{"embeddable":true,"href":"https:\/\/nexgendecors.com\/ar\/wp-json\/wp\/v2\/comments?post=70673"}],"version-history":[{"count":0,"href":"https:\/\/nexgendecors.com\/ar\/wp-json\/wp\/v2\/product\/70673\/revisions"}],"wp:featuredmedia":[{"embeddable":true,"href":"https:\/\/nexgendecors.com\/ar\/wp-json\/wp\/v2\/media\/130847"}],"wp:attachment":[{"href":"https:\/\/nexgendecors.com\/ar\/wp-json\/wp\/v2\/media?parent=70673"}],"wp:term":[{"taxonomy":"product_brand","embeddable":true,"href":"https:\/\/nexgendecors.com\/ar\/wp-json\/wp\/v2\/product_brand?post=70673"},{"taxonomy":"product_cat","embeddable":true,"href":"https:\/\/nexgendecors.com\/ar\/wp-json\/wp\/v2\/product_cat?post=70673"},{"taxonomy":"product_tag","embeddable":true,"href":"https:\/\/nexgendecors.com\/ar\/wp-json\/wp\/v2\/product_tag?post=70673"}],"curies":[{"name":"wp","href":"https:\/\/api.w.org\/{rel}","templated":true}]}}