{"id":165395,"date":"2024-12-27T08:49:08","date_gmt":"2024-12-27T08:49:08","guid":{"rendered":"https:\/\/bejustsimple.com\/delivery-policy\/"},"modified":"2025-02-20T04:34:50","modified_gmt":"2025-02-20T04:34:50","slug":"politica-de-entrega","status":"publish","type":"page","link":"https:\/\/nexgendecors.com\/es\/politica-de-entrega\/","title":{"rendered":"POL\u00cdTICA DE ENTREGA"},"content":{"rendered":"<h1 style=\"text-align: center;\">\u00a0<\/h1>\n<p data-start=\"142\" data-end=\"349\">NexGenDecor espera gestionar la entrega y el env\u00edo de sus materiales de construcci\u00f3n, desde nuestra f\u00e1brica hasta el puerto de carga, durante el transporte mar\u00edtimo y al llegar al puerto de destino.<\/p>\n<p data-start=\"351\" data-end=\"394\">Con nuestra experiencia en log\u00edstica, ofrecemos:<\/p>\n<ul data-start=\"395\" data-end=\"499\">\n<li data-start=\"395\" data-end=\"428\">Tarifas competitivas de flete mar\u00edtimo<\/li>\n<li data-start=\"429\" data-end=\"457\">Despacho de aduanas oportuno<\/li>\n<li data-start=\"458\" data-end=\"499\">Servicios de seguimiento de carga y seguros<\/li>\n<\/ul>\n<p data-start=\"501\" data-end=\"566\">Esto garantiza que sus materiales de construcci\u00f3n lleguen de forma segura y a tiempo.<\/p>\n<p data-start=\"568\" data-end=\"587\">Solo necesitas:<\/p>\n<ol data-start=\"588\" data-end=\"730\">\n<li data-start=\"588\" data-end=\"655\">Proporcione la direcci\u00f3n del puerto de destino y la informaci\u00f3n de contacto.<\/li>\n<li data-start=\"656\" data-end=\"730\">Confirmar la hora de llegada de los materiales al puerto de destino.<\/li>\n<\/ol>\n<p data-start=\"732\" data-end=\"762\">Nosotros nos encargamos del resto.<\/p>\n<h3 data-start=\"769\" data-end=\"794\"><strong data-start=\"773\" data-end=\"792\">POL\u00cdTICA DE ENV\u00cdOS<\/strong><\/h3>\n<p data-start=\"796\" data-end=\"1136\">Debido a la cambiante situaci\u00f3n mundial, su pedido podr\u00eda sufrir retrasos debido a la falta de personal, restricciones fronterizas o retrasos en la entrega. Haremos todo lo posible para que su pedido llegue lo antes posible. Si tiene alguna duda, p\u00f3ngase en contacto con nosotros. <strong data-start=\"1067\" data-end=\"1092\"><a rel=\"noopener\" data-start=\"1069\" data-end=\"1090\">ventas@nexgendecors.com<\/a><\/strong>Gracias por su paciencia y apoyo.<\/p>\n<h3 data-start=\"1143\" data-end=\"1166\"><strong data-start=\"1147\" data-end=\"1164\">A D\u00d3NDE ENVIAMOS<\/strong><\/h3>\n<ul data-start=\"1168\" data-end=\"1455\">\n<li data-start=\"1168\" data-end=\"1264\"><strong data-start=\"1170\" data-end=\"1189\">Muestras por aire:<\/strong> Env\u00edo a todo el mundo (entrega expr\u00e9s de 5 a 8 d\u00edas, seg\u00fan el pa\u00eds).<\/li>\n<li data-start=\"1265\" data-end=\"1393\"><strong data-start=\"1267\" data-end=\"1290\">Pedidos al por mayor por mar:<\/strong> Env\u00edos a todos los pa\u00edses (el plazo de entrega var\u00eda de uno a dos meses seg\u00fan el destino).<\/li>\n<li data-start=\"1394\" data-end=\"1455\">Nuestra responsabilidad es enviar \u00fanicamente al puerto de destino.<\/li>\n<\/ul>\n<h3 data-start=\"1462\" data-end=\"1507\"><strong data-start=\"1466\" data-end=\"1505\">TIEMPOS ESTIMADOS DE ENV\u00cdO Y ENTREGA<\/strong><\/h3>\n<ul data-start=\"1509\" data-end=\"1683\">\n<li data-start=\"1509\" data-end=\"1554\"><strong data-start=\"1511\" data-end=\"1531\">Tiempo de procesamiento:<\/strong> De 2 a 5 d\u00edas laborables.<\/li>\n<li data-start=\"1555\" data-end=\"1615\"><strong data-start=\"1557\" data-end=\"1584\">Env\u00edo a\u00e9reo (muestras):<\/strong> 5-8 d\u00edas (env\u00edo expr\u00e9s).<\/li>\n<li data-start=\"1616\" data-end=\"1683\"><strong data-start=\"1618\" data-end=\"1649\">Env\u00edo mar\u00edtimo (pedidos al por mayor):<\/strong> 1-2 meses (var\u00eda seg\u00fan el pa\u00eds).<\/li>\n<\/ul>\n<p data-start=\"1685\" data-end=\"1768\">Siempre haremos todo lo posible para garantizar que su pedido se entregue lo antes posible.<\/p>\n<h3 data-start=\"1775\" data-end=\"1813\"><strong data-start=\"1779\" data-end=\"1811\">ACCESO DE ENTREGA Y FRANJAS HORARIAS<\/strong><\/h3>\n<ul data-start=\"1815\" data-end=\"1987\">\n<li data-start=\"1815\" data-end=\"1873\">Se proporcionar\u00e1 un horario de entrega antes del env\u00edo.<\/li>\n<li data-start=\"1874\" data-end=\"1987\">Las entregas est\u00e1ndar se realizan de lunes a viernes, entre las 9:00 y las 17:00 horas (las entregas en fines de semana y festivos no est\u00e1n disponibles).<\/li>\n<\/ul>\n<p data-start=\"1989\" data-end=\"2022\">Antes de la entrega, aseg\u00farese de:<\/p>\n<ul data-start=\"2023\" data-end=\"2213\">\n<li data-start=\"2023\" data-end=\"2075\">Suficiente acceso y espacio para grandes env\u00edos.<\/li>\n<li data-start=\"2076\" data-end=\"2130\">Las escaleras y los ascensores son adecuados para mercanc\u00edas pesadas.<\/li>\n<li data-start=\"2131\" data-end=\"2213\">Los objetos fr\u00e1giles como l\u00e1mparas, jarrones y cuadros se mueven para evitar da\u00f1os.<\/li>\n<\/ul>\n<p data-start=\"2215\" data-end=\"2308\">Es su responsabilidad confirmar que todos los art\u00edculos quepan en su propiedad antes de realizar el pedido.<\/p>\n<h3 data-start=\"2315\" data-end=\"2348\"><strong data-start=\"2319\" data-end=\"2346\">MONTAJE E INSTALACI\u00d3N<\/strong><\/h3>\n<p data-start=\"2350\" data-end=\"2466\">Actualmente no ofrecemos instalaci\u00f3n, desembalaje ni montaje. El env\u00edo est\u00e1ndar se realiza \u00fanicamente en el puerto o domicilio.<\/p>\n<h3 data-start=\"2473\" data-end=\"2496\"><strong data-start=\"2477\" data-end=\"2494\">NUESTRA RESPONSABILIDAD<\/strong><\/h3>\n<p data-start=\"2498\" data-end=\"2681\">En caso de circunstancias imprevistas como aver\u00edas en el transporte, retrasos en el tr\u00e1fico, condiciones clim\u00e1ticas adversas o problemas aduaneros, nos pondremos en contacto con usted para acordar un horario de entrega alternativo.<\/p>\n<p data-start=\"2683\" data-end=\"2712\">No somos responsables de:<\/p>\n<ul data-start=\"2713\" data-end=\"2968\">\n<li data-start=\"2713\" data-end=\"2826\">Cualquier p\u00e9rdida, incluidos ingresos, ganancias, oportunidades de negocio o da\u00f1o a la reputaci\u00f3n debido a retrasos en la entrega.<\/li>\n<li data-start=\"2827\" data-end=\"2885\">Defectos ocasionados por mal manejo por parte suya o de terceros.<\/li>\n<li data-start=\"2886\" data-end=\"2968\">Compensaci\u00f3n m\u00e1s all\u00e1 del reembolso del coste del producto (excluidos los gastos de env\u00edo).<\/li>\n<\/ul>\n<p data-start=\"2970\" data-end=\"3035\" data-is-last-node=\"\">Para obtener m\u00e1s ayuda, p\u00f3ngase en contacto con <strong data-start=\"3009\" data-end=\"3034\"><a rel=\"noopener\" data-start=\"3011\" data-end=\"3032\">ventas@nexgendecors.com<\/a><\/strong>.<\/p>\n\n\n<p><\/p>","protected":false},"excerpt":{"rendered":"<p>\u00a0 NexGenDecor looks forward to handling the delivery and shipment of your building materials\u2014from our factory to the port of<\/p>","protected":false},"author":1,"featured_media":0,"parent":0,"menu_order":0,"comment_status":"closed","ping_status":"closed","template":"","meta":{"footnotes":""},"class_list":["post-165395","page","type-page","status-publish","hentry"],"_links":{"self":[{"href":"https:\/\/nexgendecors.com\/es\/wp-json\/wp\/v2\/pages\/165395","targetHints":{"allow":["GET"]}}],"collection":[{"href":"https:\/\/nexgendecors.com\/es\/wp-json\/wp\/v2\/pages"}],"about":[{"href":"https:\/\/nexgendecors.com\/es\/wp-json\/wp\/v2\/types\/page"}],"author":[{"embeddable":true,"href":"https:\/\/nexgendecors.com\/es\/wp-json\/wp\/v2\/users\/1"}],"replies":[{"embeddable":true,"href":"https:\/\/nexgendecors.com\/es\/wp-json\/wp\/v2\/comments?post=165395"}],"version-history":[{"count":0,"href":"https:\/\/nexgendecors.com\/es\/wp-json\/wp\/v2\/pages\/165395\/revisions"}],"wp:attachment":[{"href":"https:\/\/nexgendecors.com\/es\/wp-json\/wp\/v2\/media?parent=165395"}],"curies":[{"name":"wp","href":"https:\/\/api.w.org\/{rel}","templated":true}]}}