{"id":32954,"date":"2024-12-27T08:49:10","date_gmt":"2024-12-27T08:49:10","guid":{"rendered":"https:\/\/bejustsimple.com\/safety-glasses-policy\/"},"modified":"2024-12-27T08:49:10","modified_gmt":"2024-12-27T08:49:10","slug":"politica-de-gafas-de-seguridad","status":"publish","type":"page","link":"https:\/\/nexgendecors.com\/es\/politica-de-gafas-de-seguridad\/","title":{"rendered":"Pol\u00edtica de gafas de seguridad"},"content":{"rendered":"<p class=\"font_8\"><span>Kabboul Kenza<\/span><\/p>\n<p class=\"font_8\"><span><span class=\"wixGuard\">\u200b<\/span><\/span><\/p>\n<p class=\"font_8\"><span>Vicepresidente de Finanzas e Instalaciones<\/span><\/p>\n<p class=\"font_8\"><span>Categor\u00eda<\/span><\/p>\n<p class=\"font_8\"><span>Finanzas<\/span><\/p>\n<p class=\"font_8\"><span>Fecha de entrada en vigor<\/span><\/p>\n<p class=\"font_8\"><span>1 de marzo de 2020<\/span><\/p>\n<p class=\"font_8\"><span>\u00daltima actualizaci\u00f3n de contenido<\/span><\/p>\n<p class=\"font_8\"><span>1 de marzo de 2021<\/span><\/p>\n<h2 class=\"font_2\"><span>Objetivo<\/span><\/h2>\n<p class=\"font_8\"><span>El prop\u00f3sito de esta pol\u00edtica es establecer claramente que la TIENDA exige el uso de protecci\u00f3n ocular a todos los empleados que trabajan en \u00e1reas con riesgo de lesiones oculares debido a objetos proyectados, impactos, calor, productos qu\u00edmicos, polvo o radiaci\u00f3n \u00f3ptica. La pol\u00edtica describe qu\u00e9 tipos de gafas de seguridad cubrir\u00e1 el propietario de la tienda.<\/span><\/p>\n<h2 class=\"font_2\"><span>Pol\u00edtica<\/span><\/h2>\n<p class=\"font_8\"><span>Jennyclothings desea brindar un entorno de trabajo seguro a sus empleados. Todos los empleados de la tienda deben usar gafas de seguridad cuando lo exijan las normas de OSHA, las pol\u00edticas de la tienda o las regulaciones estatales o federales.<\/span><\/p>\n<p class=\"font_8\"><span>La tienda se ha coordinado con el proveedor estatal de gafas de seguridad graduadas para ofrecer a los empleados gafas de seguridad aprobadas sin costo para las gafas de seguridad graduadas b\u00e1sicas. Las gafas de seguridad se proporcionar\u00e1n cada dos a\u00f1os o cuando la prescripci\u00f3n cambie dr\u00e1sticamente. La tienda cubrir\u00e1 los da\u00f1os laborales. La TIENDA se compromete a pagar el precio base de las gafas de seguridad, incluyendo el tintado, el revestimiento antirayaduras, las protecciones laterales de todo tipo y las lentes de alta potencia, como las bifocales o trifocales. Todas las mejoras de los art\u00edculos mencionados anteriormente pueden adquirirse a cargo del empleado y deben pagarse al momento del pedido.<\/span><\/p>\n<p class=\"font_8\"><span>La compra de gafas de seguridad se realizar\u00e1 mediante una orden de compra gestionada por la oficina administrativa del campus con el proveedor contratado por el estado. No se podr\u00e1n comprar gafas de seguridad con la tarjeta de compra de la TIENDA.<\/span><\/p>\n<h2 class=\"font_2\"><span>Responsabilidad<\/span><\/h2>\n<h6 class=\"font_6\"><span>Supervisor<\/span><\/h6>\n<p class=\"font_8\"><span>Aseg\u00farese de que los empleados que necesitan protecci\u00f3n para los ojos utilicen las gafas de seguridad adecuadas.<\/span><\/p>\n<h6 class=\"font_6\"><span>Gerentes de negocios<\/span><\/h6>\n<p class=\"font_8\"><span>Trabajar con los empleados para gestionar la documentaci\u00f3n necesaria para que los empleados compren gafas de seguridad a trav\u00e9s del contrato aprobado por el estado.<\/span><\/p>\n<h6 class=\"font_6\"><span>Empleados<\/span><\/h6>\n<p class=\"font_8\"><span>Comprenda los riesgos de su entorno laboral y use protecci\u00f3n ocular cuando sea necesario. Los empleados tambi\u00e9n deber\u00e1n colaborar con la oficina administrativa del campus para adquirir las gafas de seguridad necesarias.<\/span><\/p>","protected":false},"excerpt":{"rendered":"<p>Kabboul Kenza \u200b Vice President of Finance and Facilities Category Finance Effective date March 1, 2020 Last content update March<\/p>","protected":false},"author":1,"featured_media":0,"parent":0,"menu_order":0,"comment_status":"closed","ping_status":"closed","template":"","meta":{"footnotes":""},"class_list":["post-32954","page","type-page","status-publish","hentry"],"_links":{"self":[{"href":"https:\/\/nexgendecors.com\/es\/wp-json\/wp\/v2\/pages\/32954","targetHints":{"allow":["GET"]}}],"collection":[{"href":"https:\/\/nexgendecors.com\/es\/wp-json\/wp\/v2\/pages"}],"about":[{"href":"https:\/\/nexgendecors.com\/es\/wp-json\/wp\/v2\/types\/page"}],"author":[{"embeddable":true,"href":"https:\/\/nexgendecors.com\/es\/wp-json\/wp\/v2\/users\/1"}],"replies":[{"embeddable":true,"href":"https:\/\/nexgendecors.com\/es\/wp-json\/wp\/v2\/comments?post=32954"}],"version-history":[{"count":0,"href":"https:\/\/nexgendecors.com\/es\/wp-json\/wp\/v2\/pages\/32954\/revisions"}],"wp:attachment":[{"href":"https:\/\/nexgendecors.com\/es\/wp-json\/wp\/v2\/media?parent=32954"}],"curies":[{"name":"wp","href":"https:\/\/api.w.org\/{rel}","templated":true}]}}