{"id":4400,"date":"2021-10-12T15:51:09","date_gmt":"2021-10-12T15:51:09","guid":{"rendered":"http:\/\/dummy.xtemos.com\/woodmart2\/elementor\/?page_id=4400"},"modified":"2025-03-07T08:32:11","modified_gmt":"2025-03-07T08:32:11","slug":"sobre-nosotros-3","status":"publish","type":"page","link":"https:\/\/nexgendecors.com\/es\/sobre-nosotros-3\/","title":{"rendered":"Sobre nosotros"},"content":{"rendered":"<div data-elementor-type=\"wp-page\" data-elementor-id=\"4400\" class=\"elementor elementor-4400\" data-elementor-post-type=\"page\">\n\t\t\t\t<div class=\"wd-negative-gap elementor-element elementor-element-8ed6f41 e-flex e-con-boxed e-con e-parent\" data-id=\"8ed6f41\" data-element_type=\"container\">\n\t\t\t\t\t<div class=\"e-con-inner\">\n\t\t\t\t<div class=\"elementor-element elementor-element-f12c548 elementor-widget elementor-widget-heading\" data-id=\"f12c548\" data-element_type=\"widget\" data-widget_type=\"heading.default\">\n\t\t\t\t<div class=\"elementor-widget-container\">\n\t\t\t\t\t<h2 class=\"elementor-heading-title elementor-size-default\">SOBRE NOSOTROS<\/h2>\t\t\t\t<\/div>\n\t\t\t\t<\/div>\n\t\t\t\t\t<\/div>\n\t\t\t\t<\/div>\n\t\t<div class=\"elementor-element elementor-element-94e6c75 e-con-full e-flex e-con e-parent\" data-id=\"94e6c75\" data-element_type=\"container\">\n\t\t<div class=\"elementor-element elementor-element-24ba0c4 e-con-full e-flex e-con e-child\" data-id=\"24ba0c4\" data-element_type=\"container\">\n\t\t\t\t<div class=\"elementor-element elementor-element-695bc3b elementor-widget elementor-widget-wd_image_or_svg\" data-id=\"695bc3b\" data-element_type=\"widget\" data-widget_type=\"wd_image_or_svg.default\">\n\t\t\t\t<div class=\"elementor-widget-container\">\n\t\t\t\t\t\n\t\t<div class=\"wd-image text-left\">\n\t\t\t\t\t\t\t\t<img fetchpriority=\"high\" decoding=\"async\" width=\"1304\" height=\"1080\" src=\"https:\/\/nexgendecors.com\/wp-content\/uploads\/2025\/03\/nexgendecor-about-us.jpg\" class=\"attachment-full size-full\" alt=\"\" srcset=\"https:\/\/nexgendecors.com\/wp-content\/uploads\/2025\/03\/nexgendecor-about-us.jpg 1304w, https:\/\/nexgendecors.com\/wp-content\/uploads\/2025\/03\/nexgendecor-about-us-362x300.jpg 362w, https:\/\/nexgendecors.com\/wp-content\/uploads\/2025\/03\/nexgendecor-about-us-966x800.jpg 966w, https:\/\/nexgendecors.com\/wp-content\/uploads\/2025\/03\/nexgendecor-about-us-768x636.jpg 768w, https:\/\/nexgendecors.com\/wp-content\/uploads\/2025\/03\/nexgendecor-about-us-14x12.jpg 14w, https:\/\/nexgendecors.com\/wp-content\/uploads\/2025\/03\/nexgendecor-about-us-700x580.jpg 700w, https:\/\/nexgendecors.com\/wp-content\/uploads\/2025\/03\/nexgendecor-about-us-100x83.jpg 100w\" sizes=\"(max-width: 1304px) 100vw, 1304px\" \/>\t\t\t\t\t<\/div>\n\n\t\t\t\t\t\t<\/div>\n\t\t\t\t<\/div>\n\t\t\t\t<\/div>\n\t\t<div class=\"elementor-element elementor-element-80528d9 e-con-full e-flex e-con e-child\" data-id=\"80528d9\" data-element_type=\"container\">\n\t\t\t\t<div class=\"elementor-element elementor-element-ce677c4 wd-width-100 elementor-widget elementor-widget-wd_title\" data-id=\"ce677c4\" data-element_type=\"widget\" data-widget_type=\"wd_title.default\">\n\t\t\t\t<div class=\"elementor-widget-container\">\n\t\t\t\t\t\t\t<div class=\"title-wrapper wd-set-mb reset-last-child wd-title-color-primary wd-title-style-default wd-title-size-large text-center\">\n\n\t\t\t\t\t\t\t\t\t\t\t<div class=\"title-subtitle subtitle-color-primary subtitle-style-default wd-fontsize-xs\">\n\t\t\t\t\tDecoraci\u00f3n NexGen \t\t\t\t<\/div>\n\t\t\t\n\t\t\t<div class=\"liner-continer\">\n\t\t\t\t<h4 class=\"woodmart-title-container title wd-fontsize-xxl\"> Su fuente \u00fanica de materiales de construcci\u00f3n y muebles<\/h4> \n\t\t\t\t\t\t\t<\/div>\n\n\t\t\t\t\t<\/div>\n\t\t\t\t\t\t<\/div>\n\t\t\t\t<\/div>\n\t\t\t\t<div class=\"elementor-element elementor-element-d283ccd elementor-widget elementor-widget-wd_text_block\" data-id=\"d283ccd\" data-element_type=\"widget\" data-widget_type=\"wd_text_block.default\">\n\t\t\t\t<div class=\"elementor-widget-container\">\n\t\t\t\t\t\t\t<div class=\"wd-text-block reset-last-child text-center\">\n\t\t\t\n\t\t\t<p data-start=\"88\" data-end=\"165\">\u00a0<span style=\"font-size: 16px; text-align: var(--text-align); background-color: var(--wd-main-bgcolor); color: var(--wd-text-color);\">A diferencia de las empresas que se especializan en un solo producto, como gabinetes de cocina o iluminaci\u00f3n, simplificamos sus necesidades de construcci\u00f3n ofreciendo todo bajo un mismo techo. <\/span><strong style=\"font-size: 16px; text-align: var(--text-align); background-color: var(--wd-main-bgcolor); color: var(--wd-text-color);\" data-start=\"334\" data-end=\"350\">Decoraci\u00f3n NexGen<\/strong><span style=\"font-size: 16px; text-align: var(--text-align); background-color: var(--wd-main-bgcolor); color: var(--wd-text-color);\"> ofrece una amplia gama de productos, incluyendo gabinetes, armarios, puertas y ventanas, iluminaci\u00f3n, azulejos, accesorios de ba\u00f1o, cortinas, pisos de madera, m\u00e1rmol y m\u00e1s.<\/span><\/p><p data-start=\"516\" data-end=\"781\">Al elegir <strong data-start=\"528\" data-end=\"544\">Decoraci\u00f3n NexGen<\/strong>Con un proveedor global de confianza, elimina la molestia de negociar con m\u00faltiples proveedores en diferentes ubicaciones. Ahorra tiempo, esfuerzo y dinero al obtener todos tus materiales de construcci\u00f3n y decoraci\u00f3n de un \u00fanico socio confiable.<\/p>\n\t\t\t\t\t<\/div>\n\t\t\t\t\t\t<\/div>\n\t\t\t\t<\/div>\n\t\t\t\t<\/div>\n\t\t\t\t<\/div>\n\t\t<div class=\"wd-negative-gap elementor-element elementor-element-0aaf669 wd-section-stretch e-flex e-con-boxed e-con e-parent\" data-id=\"0aaf669\" data-element_type=\"container\" data-settings=\"{&quot;background_background&quot;:&quot;classic&quot;}\">\n\t\t\t\t\t<div class=\"e-con-inner\">\n\t\t<div class=\"elementor-element elementor-element-49529c7 color-scheme-light e-con-full e-flex e-con e-child\" data-id=\"49529c7\" data-element_type=\"container\">\n\t\t\t\t<div class=\"elementor-element elementor-element-95c7bfa wd-width-100 elementor-widget elementor-widget-wd_title\" data-id=\"95c7bfa\" data-element_type=\"widget\" data-widget_type=\"wd_title.default\">\n\t\t\t\t<div class=\"elementor-widget-container\">\n\t\t\t\t\t\t\t<div class=\"title-wrapper wd-set-mb reset-last-child wd-title-color-primary wd-title-style-default wd-title-size-large text-center\">\n\n\t\t\t\n\t\t\t<div class=\"liner-continer\">\n\t\t\t\t<h4 class=\"woodmart-title-container title wd-fontsize-xxl\">\u00bfPOR QU\u00c9 ELEGIRNOS?<br \/>\n<\/h4> \n\t\t\t\t\t\t\t<\/div>\n\n\t\t\t\t\t\t\t<div class=\"title-after_title reset-last-child wd-fontsize-s\">\n\t\t\t\t\t<p>NEXGEN DECOR proporcionar m\u00e1s de decenas de miles de productos, por lo menos 2000 nuevos productos se actualizar\u00e1 mensualmente, que son de alto valor, la calidad garantizada salidas de f\u00e1brica con precio competitivo.<\/p><p>reunimos y construimos una cadena de suministro de categor\u00eda completa que abarca las f\u00e1bricas aut\u00f3nomas, las marcas de primera l\u00ednea y las f\u00e1bricas famosas.<\/p>\t\t\t\t<\/div>\n\t\t\t\t\t<\/div>\n\t\t\t\t\t\t<\/div>\n\t\t\t\t<\/div>\n\t\t\t\t<\/div>\n\t\t<div class=\"elementor-element elementor-element-112f98a e-con-full e-flex e-con e-child\" data-id=\"112f98a\" data-element_type=\"container\">\n\t\t<div class=\"elementor-element elementor-element-48c7dd1 e-con-full e-flex e-con e-child\" data-id=\"48c7dd1\" data-element_type=\"container\">\n\t\t<div class=\"elementor-element elementor-element-54eb2d3 e-con-full e-flex e-con e-child\" data-id=\"54eb2d3\" data-element_type=\"container\">\n\t\t\t\t<div class=\"elementor-element elementor-element-14ff076 elementor-widget elementor-widget-wd_counter\" data-id=\"14ff076\" data-element_type=\"widget\" data-widget_type=\"wd_counter.default\">\n\t\t\t\t<div class=\"elementor-widget-container\">\n\t\t\t\t\t\t\t<div class=\"woodmart-counter counter-large text-center color-scheme-light\">\n\t\t\t<div class=\"counter-value\" data-state=\"new\" data-final=\"30000\">\n\t\t\t\t0\t\t\t<\/div>\n\n\t\t\t\t\t\t\t<div class=\"counter-label\">\n\t\t\t\t\tPRODUCTOS\t\t\t\t<\/div>\n\t\t\t\t\t<\/div>\n\t\t\t\t\t\t<\/div>\n\t\t\t\t<\/div>\n\t\t\t\t<\/div>\n\t\t<div class=\"elementor-element elementor-element-668ca24 e-con-full e-flex e-con e-child\" data-id=\"668ca24\" data-element_type=\"container\">\n\t\t\t\t<div class=\"elementor-element elementor-element-da35035 elementor-widget elementor-widget-wd_counter\" data-id=\"da35035\" data-element_type=\"widget\" data-widget_type=\"wd_counter.default\">\n\t\t\t\t<div class=\"elementor-widget-container\">\n\t\t\t\t\t\t\t<div class=\"woodmart-counter counter-large text-center color-scheme-light\">\n\t\t\t<div class=\"counter-value\" data-state=\"new\" data-final=\"275\">\n\t\t\t\t0\t\t\t<\/div>\n\n\t\t\t\t\t\t\t<div class=\"counter-label\">\n\t\t\t\t\tPROYECTOS FINALIZADOS\t\t\t\t<\/div>\n\t\t\t\t\t<\/div>\n\t\t\t\t\t\t<\/div>\n\t\t\t\t<\/div>\n\t\t\t\t<\/div>\n\t\t\t\t<\/div>\n\t\t<div class=\"elementor-element elementor-element-6b5c35a e-con-full e-flex e-con e-child\" data-id=\"6b5c35a\" data-element_type=\"container\">\n\t\t<div class=\"elementor-element elementor-element-214e692 e-con-full e-flex e-con e-child\" data-id=\"214e692\" data-element_type=\"container\">\n\t\t\t\t<div class=\"elementor-element elementor-element-168ddab elementor-widget elementor-widget-wd_counter\" data-id=\"168ddab\" data-element_type=\"widget\" data-widget_type=\"wd_counter.default\">\n\t\t\t\t<div class=\"elementor-widget-container\">\n\t\t\t\t\t\t\t<div class=\"woodmart-counter counter-large text-center color-scheme-light\">\n\t\t\t<div class=\"counter-value\" data-state=\"new\" data-final=\"55\">\n\t\t\t\t0\t\t\t<\/div>\n\n\t\t\t\t\t\t\t<div class=\"counter-label\">\n\t\t\t\t\tPA\u00cdSES\t\t\t\t<\/div>\n\t\t\t\t\t<\/div>\n\t\t\t\t\t\t<\/div>\n\t\t\t\t<\/div>\n\t\t\t\t<\/div>\n\t\t<div class=\"elementor-element elementor-element-214de82 e-con-full e-flex e-con e-child\" data-id=\"214de82\" data-element_type=\"container\">\n\t\t\t\t<div class=\"elementor-element elementor-element-3444280 elementor-widget elementor-widget-wd_counter\" data-id=\"3444280\" data-element_type=\"widget\" data-widget_type=\"wd_counter.default\">\n\t\t\t\t<div class=\"elementor-widget-container\">\n\t\t\t\t\t\t\t<div class=\"woodmart-counter counter-large text-center color-scheme-light\">\n\t\t\t<div class=\"counter-value\" data-state=\"new\" data-final=\"1524\">\n\t\t\t\t0\t\t\t<\/div>\n\n\t\t\t\t\t\t\t<div class=\"counter-label\">\n\t\t\t\t\tCLIENTES SATISFECHOS\t\t\t\t<\/div>\n\t\t\t\t\t<\/div>\n\t\t\t\t\t\t<\/div>\n\t\t\t\t<\/div>\n\t\t\t\t<\/div>\n\t\t\t\t<\/div>\n\t\t<div class=\"elementor-element elementor-element-2d29667 e-con-full e-flex e-con e-child\" data-id=\"2d29667\" data-element_type=\"container\">\n\t\t<div class=\"elementor-element elementor-element-9b12710 e-con-full e-flex e-con e-child\" data-id=\"9b12710\" data-element_type=\"container\">\n\t\t\t\t<div class=\"elementor-element elementor-element-f4d40e8 elementor-widget elementor-widget-wd_counter\" data-id=\"f4d40e8\" data-element_type=\"widget\" data-widget_type=\"wd_counter.default\">\n\t\t\t\t<div class=\"elementor-widget-container\">\n\t\t\t\t\t\t\t<div class=\"woodmart-counter counter-large text-center color-scheme-light\">\n\t\t\t<div class=\"counter-value\" data-state=\"new\" data-final=\"41\">\n\t\t\t\t0\t\t\t<\/div>\n\n\t\t\t\t\t\t\t<div class=\"counter-label\">\n\t\t\t\t\tMIEMBROS DEL EQUIPO\t\t\t\t<\/div>\n\t\t\t\t\t<\/div>\n\t\t\t\t\t\t<\/div>\n\t\t\t\t<\/div>\n\t\t\t\t<\/div>\n\t\t<div class=\"elementor-element elementor-element-cc152f4 e-con-full e-flex e-con e-child\" data-id=\"cc152f4\" data-element_type=\"container\">\n\t\t\t\t<div class=\"elementor-element elementor-element-d17999d elementor-widget elementor-widget-wd_counter\" data-id=\"d17999d\" data-element_type=\"widget\" data-widget_type=\"wd_counter.default\">\n\t\t\t\t<div class=\"elementor-widget-container\">\n\t\t\t\t\t\t\t<div class=\"woodmart-counter counter-large text-center color-scheme-light\">\n\t\t\t<div class=\"counter-value\" data-state=\"new\" data-final=\"156\">\n\t\t\t\t0\t\t\t<\/div>\n\n\t\t\t\t\t\t\t<div class=\"counter-label\">\n\t\t\t\t\tTRABAJOS DE DISE\u00d1O\t\t\t\t<\/div>\n\t\t\t\t\t<\/div>\n\t\t\t\t\t\t<\/div>\n\t\t\t\t<\/div>\n\t\t\t\t<\/div>\n\t\t\t\t<\/div>\n\t\t\t\t<\/div>\n\t\t\t\t\t<\/div>\n\t\t\t\t<\/div>\n\t\t<div class=\"wd-negative-gap elementor-element elementor-element-ff6a0c6 e-flex e-con-boxed e-con e-parent\" data-id=\"ff6a0c6\" data-element_type=\"container\">\n\t\t\t\t\t<div class=\"e-con-inner\">\n\t\t<div class=\"elementor-element elementor-element-5313c74 e-con-full e-flex e-con e-child\" data-id=\"5313c74\" data-element_type=\"container\">\n\t\t\t\t<div class=\"elementor-element elementor-element-98d830b wd-width-100 elementor-widget elementor-widget-wd_title\" data-id=\"98d830b\" data-element_type=\"widget\" data-widget_type=\"wd_title.default\">\n\t\t\t\t<div class=\"elementor-widget-container\">\n\t\t\t\t\t\t\t<div class=\"title-wrapper wd-set-mb reset-last-child wd-title-color-primary wd-title-style-default wd-title-size-large text-center\">\n\n\t\t\t\n\t\t\t<div class=\"liner-continer\">\n\t\t\t\t<h4 class=\"woodmart-title-container title wd-fontsize-xxl\">Soluciones completas para sus proyectos de construcci\u00f3n<\/h4> \n\t\t\t\t\t\t\t<\/div>\n\n\t\t\t\t\t<\/div>\n\t\t\t\t\t\t<\/div>\n\t\t\t\t<\/div>\n\t\t\t\t<div class=\"elementor-element elementor-element-66e47ad elementor-widget elementor-widget-wd_text_block\" data-id=\"66e47ad\" data-element_type=\"widget\" data-widget_type=\"wd_text_block.default\">\n\t\t\t\t<div class=\"elementor-widget-container\">\n\t\t\t\t\t\t\t<div class=\"wd-text-block reset-last-child text-center\">\n\t\t\t\n\t\t\t<p data-start=\"87\" data-end=\"419\">Gestionar un proyecto de construcci\u00f3n puede ser abrumador, pero no tiene por qu\u00e9 serlo. Con <strong data-start=\"220\" data-end=\"236\">Decoraci\u00f3n NexGen<\/strong>Agiliza todo el proceso, reduce el estr\u00e9s y disfruta de las ventajas de trabajar con un solo proveedor. Obt\u00e9n mejores garant\u00edas de producto, servicios de valor a\u00f1adido y tranquilidad.<\/p><p data-start=\"421\" data-end=\"570\">Elegir <strong data-start=\"428\" data-end=\"444\">Decoraci\u00f3n NexGen<\/strong> El proveedor l\u00edder mundial de materiales de construcci\u00f3n y decoraci\u00f3n. Perm\u00edtanos hacer realidad el proyecto de sus sue\u00f1os.<\/p>\n\t\t\t\t\t<\/div>\n\t\t\t\t\t\t<\/div>\n\t\t\t\t<\/div>\n\t\t\t\t<\/div>\n\t\t<div class=\"elementor-element elementor-element-e7cb5cd e-con-full e-flex e-con e-child\" data-id=\"e7cb5cd\" data-element_type=\"container\">\n\t\t\t\t<div class=\"elementor-element elementor-element-56aec39 elementor-widget elementor-widget-wd_image_or_svg\" data-id=\"56aec39\" data-element_type=\"widget\" data-widget_type=\"wd_image_or_svg.default\">\n\t\t\t\t<div class=\"elementor-widget-container\">\n\t\t\t\t\t\n\t\t<div class=\"wd-image text-left\">\n\t\t\t\t\t\t\t\t<img decoding=\"async\" width=\"600\" height=\"400\" src=\"https:\/\/nexgendecors.com\/wp-content\/uploads\/2025\/03\/site-measurements-and-design-solution.jpeg\" class=\"attachment-full size-full\" alt=\"\" srcset=\"https:\/\/nexgendecors.com\/wp-content\/uploads\/2025\/03\/site-measurements-and-design-solution.jpeg 600w, https:\/\/nexgendecors.com\/wp-content\/uploads\/2025\/03\/site-measurements-and-design-solution-400x267.jpeg 400w, https:\/\/nexgendecors.com\/wp-content\/uploads\/2025\/03\/site-measurements-and-design-solution-18x12.jpeg 18w, https:\/\/nexgendecors.com\/wp-content\/uploads\/2025\/03\/site-measurements-and-design-solution-100x67.jpeg 100w\" sizes=\"(max-width: 600px) 100vw, 600px\" \/>\t\t\t\t\t<\/div>\n\n\t\t\t\t\t\t<\/div>\n\t\t\t\t<\/div>\n\t\t\t\t<\/div>\n\t\t\t\t\t<\/div>\n\t\t\t\t<\/div>\n\t\t<div class=\"wd-negative-gap elementor-element elementor-element-716e9bb e-flex e-con-boxed e-con e-parent\" data-id=\"716e9bb\" data-element_type=\"container\">\n\t\t\t\t\t<div class=\"e-con-inner\">\n\t\t<div class=\"elementor-element elementor-element-ef8a97c e-con-full e-flex e-con e-child\" data-id=\"ef8a97c\" data-element_type=\"container\">\n\t\t\t\t<div class=\"elementor-element elementor-element-693b70f elementor-widget elementor-widget-wd_image_or_svg\" data-id=\"693b70f\" data-element_type=\"widget\" data-widget_type=\"wd_image_or_svg.default\">\n\t\t\t\t<div class=\"elementor-widget-container\">\n\t\t\t\t\t\n\t\t<div class=\"wd-image text-left\">\n\t\t\t\t\t\t\t\t<img decoding=\"async\" width=\"600\" height=\"400\" src=\"https:\/\/nexgendecors.com\/wp-content\/uploads\/2025\/03\/wood-flooing-showroom-in-George-Furniture.jpeg\" class=\"attachment-full size-full\" alt=\"\" srcset=\"https:\/\/nexgendecors.com\/wp-content\/uploads\/2025\/03\/wood-flooing-showroom-in-George-Furniture.jpeg 600w, https:\/\/nexgendecors.com\/wp-content\/uploads\/2025\/03\/wood-flooing-showroom-in-George-Furniture-400x267.jpeg 400w, https:\/\/nexgendecors.com\/wp-content\/uploads\/2025\/03\/wood-flooing-showroom-in-George-Furniture-18x12.jpeg 18w, https:\/\/nexgendecors.com\/wp-content\/uploads\/2025\/03\/wood-flooing-showroom-in-George-Furniture-100x67.jpeg 100w\" sizes=\"(max-width: 600px) 100vw, 600px\" \/>\t\t\t\t\t<\/div>\n\n\t\t\t\t\t\t<\/div>\n\t\t\t\t<\/div>\n\t\t\t\t<\/div>\n\t\t<div class=\"elementor-element elementor-element-3b17bbd e-con-full e-flex e-con e-child\" data-id=\"3b17bbd\" data-element_type=\"container\">\n\t\t\t\t<div class=\"elementor-element elementor-element-f5f1b77 wd-width-100 elementor-widget elementor-widget-wd_title\" data-id=\"f5f1b77\" data-element_type=\"widget\" data-widget_type=\"wd_title.default\">\n\t\t\t\t<div class=\"elementor-widget-container\">\n\t\t\t\t\t\t\t<div class=\"title-wrapper wd-set-mb reset-last-child wd-title-color-primary wd-title-style-default wd-title-size-large text-center\">\n\n\t\t\t\n\t\t\t<div class=\"liner-continer\">\n\t\t\t\t<h4 class=\"woodmart-title-container title wd-fontsize-xxl\">Proveedor de soluciones integrales<\/h4> \n\t\t\t\t\t\t\t<\/div>\n\n\t\t\t\t\t<\/div>\n\t\t\t\t\t\t<\/div>\n\t\t\t\t<\/div>\n\t\t\t\t<div class=\"elementor-element elementor-element-f911446 elementor-widget elementor-widget-wd_text_block\" data-id=\"f911446\" data-element_type=\"widget\" data-widget_type=\"wd_text_block.default\">\n\t\t\t\t<div class=\"elementor-widget-container\">\n\t\t\t\t\t\t\t<div class=\"wd-text-block reset-last-child text-center\">\n\t\t\t\n\t\t\t<p data-start=\"126\" data-end=\"386\">Nuestro servicio va m\u00e1s all\u00e1 del suministro de productos. Como proveedor integral de soluciones, ofrecemos mediciones en obra, soluciones de dise\u00f1o, ingenier\u00eda, selecci\u00f3n de materiales, personalizaci\u00f3n integral de la casa, instalaci\u00f3n in situ, soporte posventa y gesti\u00f3n de proyectos.<\/p><p data-start=\"388\" data-end=\"633\"><strong data-start=\"394\" data-end=\"410\">Decoraci\u00f3n NexGen<\/strong> se ha ganado una reputaci\u00f3n de proporcionar productos y servicios de alta calidad a precios competitivos a nuestros clientes globales, desde propietarios de viviendas hasta condominios, hoteles y desarrolladores de propiedades comerciales.<\/p>\n\t\t\t\t\t<\/div>\n\t\t\t\t\t\t<\/div>\n\t\t\t\t<\/div>\n\t\t\t\t<\/div>\n\t\t\t\t\t<\/div>\n\t\t\t\t<\/div>\n\t\t\t\t<\/div>","protected":false},"excerpt":{"rendered":"<p>ABOUT US NexGen Decor Your One-Stop Source for Building Materials &amp; Furnitures \u00a0Unlike companies that specialize in a single product,<\/p>","protected":false},"author":1,"featured_media":0,"parent":0,"menu_order":0,"comment_status":"closed","ping_status":"closed","template":"","meta":{"footnotes":""},"class_list":["post-4400","page","type-page","status-publish","hentry"],"_links":{"self":[{"href":"https:\/\/nexgendecors.com\/es\/wp-json\/wp\/v2\/pages\/4400","targetHints":{"allow":["GET"]}}],"collection":[{"href":"https:\/\/nexgendecors.com\/es\/wp-json\/wp\/v2\/pages"}],"about":[{"href":"https:\/\/nexgendecors.com\/es\/wp-json\/wp\/v2\/types\/page"}],"author":[{"embeddable":true,"href":"https:\/\/nexgendecors.com\/es\/wp-json\/wp\/v2\/users\/1"}],"replies":[{"embeddable":true,"href":"https:\/\/nexgendecors.com\/es\/wp-json\/wp\/v2\/comments?post=4400"}],"version-history":[{"count":0,"href":"https:\/\/nexgendecors.com\/es\/wp-json\/wp\/v2\/pages\/4400\/revisions"}],"wp:attachment":[{"href":"https:\/\/nexgendecors.com\/es\/wp-json\/wp\/v2\/media?parent=4400"}],"curies":[{"name":"wp","href":"https:\/\/api.w.org\/{rel}","templated":true}]}}