{"id":155326,"date":"2025-02-09T10:57:10","date_gmt":"2025-02-09T10:57:10","guid":{"rendered":"https:\/\/nexgendecors.com\/en\/product\/middle-aged-rock-sofa-designer-large-flat-italian-minimalist-living-room-villa-size-apartment-combination-module\/"},"modified":"2025-04-06T09:48:46","modified_gmt":"2025-04-06T09:48:46","slug":"sofa-de-roca-de-mediana-edad-diseno-de-gran-tamano-apartamento-italiano-minimalista-sala-de-estar-modulo-combinado-de-villa","status":"publish","type":"product","link":"https:\/\/nexgendecors.com\/es\/product\/sofa-de-roca-de-mediana-edad-diseno-de-gran-tamano-apartamento-italiano-minimalista-sala-de-estar-modulo-combinado-de-villa\/","title":{"rendered":"Sof\u00e1 Edra italiano minimalista para salones espaciosos"},"content":{"rendered":"<ul>\n<li><strong><font style=\"vertical-align: inherit\"><font style=\"vertical-align: inherit\">\u00bfHay espacio de almacenamiento?<\/font><\/font><\/strong><font style=\"vertical-align: inherit\"><font style=\"vertical-align: inherit\"> :No<\/font><\/font><\/li>\n<li><strong><font style=\"vertical-align: inherit\"><font style=\"vertical-align: inherit\">estilo<\/font><\/font><\/strong><font style=\"vertical-align: inherit\"><font style=\"vertical-align: inherit\"> :minimalismo italiano<\/font><\/font><\/li>\n<li><strong><font style=\"vertical-align: inherit\"><font style=\"vertical-align: inherit\">Armar<\/font><\/font><\/strong><font style=\"vertical-align: inherit\"><font style=\"vertical-align: inherit\"> :S\u00ed<\/font><\/font><\/li>\n<li><strong><font style=\"vertical-align: inherit\"><font style=\"vertical-align: inherit\">Tela<\/font><\/font><\/strong><font style=\"vertical-align: inherit\"><font style=\"vertical-align: inherit\"> :Chenille<\/font><\/font><\/li>\n<li><strong><font style=\"vertical-align: inherit\"><font style=\"vertical-align: inherit\">Caracter\u00edsticas adicionales<\/font><\/font><\/strong><font style=\"vertical-align: inherit\"><font style=\"vertical-align: inherit\"> :Desmontable<\/font><\/font><\/li>\n<li><strong><font style=\"vertical-align: inherit\"><font style=\"vertical-align: inherit\">Volumen de embalaje<\/font><\/font><\/strong><font style=\"vertical-align: inherit\"><font style=\"vertical-align: inherit\"> : 1<\/font><\/font><\/li>\n<li><strong><font style=\"vertical-align: inherit\"><font style=\"vertical-align: inherit\">Relleno<\/font><\/font><\/strong><font style=\"vertical-align: inherit\"><font style=\"vertical-align: inherit\"> : esponja<\/font><\/font><\/li>\n<li><strong><font style=\"vertical-align: inherit\"><font style=\"vertical-align: inherit\">Combinaci\u00f3n de sof\u00e1s<\/font><\/font><\/strong><font style=\"vertical-align: inherit\"><font style=\"vertical-align: inherit\"> :Forma de L<\/font><\/font><\/li>\n<li><strong><font style=\"vertical-align: inherit\"><font style=\"vertical-align: inherit\">Posicionamiento de estilo<\/font><\/font><\/strong><font style=\"vertical-align: inherit\"><font style=\"vertical-align: inherit\"> :Estilo art\u00edstico<\/font><\/font><\/li>\n<li><strong><font style=\"vertical-align: inherit\"><font style=\"vertical-align: inherit\">ordenar por color<\/font><\/font><\/strong><font style=\"vertical-align: inherit\"><font style=\"vertical-align: inherit\"> :A1-m\u00f3dulo individual, A2-m\u00f3dulo individual, A3-m\u00f3dulo individual, B1-almohada individual, B2-almohada individual, combinaci\u00f3n A, combinaci\u00f3n B, combinaci\u00f3n C, combinaci\u00f3n D, combinaci\u00f3n E, combinaci\u00f3n F, combinaci\u00f3n G, combinaci\u00f3n H, combinaci\u00f3n I, combinaci\u00f3n J, combinaci\u00f3n K<\/font><\/font><\/li>\n<li><strong><font style=\"vertical-align: inherit\"><font style=\"vertical-align: inherit\">marca<\/font><\/font><\/strong><font style=\"vertical-align: inherit\"><font style=\"vertical-align: inherit\"> :Hibisco sabdariffa<\/font><\/font><\/li>\n<li><strong><font style=\"vertical-align: inherit\"><font style=\"vertical-align: inherit\">modelo<\/font><\/font><\/strong><font style=\"vertical-align: inherit\"><font style=\"vertical-align: inherit\"> :20241011FF<\/font><\/font><\/li>\n<li><strong><font style=\"vertical-align: inherit\"><font style=\"vertical-align: inherit\">Elementos populares<\/font><\/font><\/strong><font style=\"vertical-align: inherit\"><font style=\"vertical-align: inherit\"> :Extranjero<\/font><\/font><\/li>\n<li><strong><font style=\"vertical-align: inherit\"><font style=\"vertical-align: inherit\">Dureza del relleno<\/font><\/font><\/strong><font style=\"vertical-align: inherit\"><font style=\"vertical-align: inherit\"> : suave<\/font><\/font><\/li>\n<li><strong><font style=\"vertical-align: inherit\"><font style=\"vertical-align: inherit\">Clientes objetivo<\/font><\/font><\/strong><font style=\"vertical-align: inherit\"><font style=\"vertical-align: inherit\"> :Adultos<\/font><\/font><\/li>\n<li><strong><font style=\"vertical-align: inherit\"><font style=\"vertical-align: inherit\">Tecnolog\u00eda estructural<\/font><\/font><\/strong><font style=\"vertical-align: inherit\"><font style=\"vertical-align: inherit\"> :Artesan\u00eda en madera<\/font><\/font><\/li>\n<li><strong><font style=\"vertical-align: inherit\"><font style=\"vertical-align: inherit\">Tecnolog\u00eda de estructura de madera<\/font><\/font><\/strong><font style=\"vertical-align: inherit\"><font style=\"vertical-align: inherit\"> :otro<\/font><\/font><\/li>\n<li><strong><font style=\"vertical-align: inherit\"><font style=\"vertical-align: inherit\">\u00bfEs personalizable?<\/font><\/font><\/strong><font style=\"vertical-align: inherit\"><font style=\"vertical-align: inherit\"> : S\u00ed<\/font><\/font><\/li>\n<li><strong><font style=\"vertical-align: inherit\"><font style=\"vertical-align: inherit\">\u00bfEs desmontable y lavable?<\/font><\/font><\/strong><font style=\"vertical-align: inherit\"><font style=\"vertical-align: inherit\"> :S\u00ed<\/font><\/font><\/li>\n<li><strong><font style=\"vertical-align: inherit\"><font style=\"vertical-align: inherit\">Material<\/font><\/font><\/strong><font style=\"vertical-align: inherit\"><font style=\"vertical-align: inherit\"> :Madera<\/font><\/font><\/li>\n<li><strong><font style=\"vertical-align: inherit\"><font style=\"vertical-align: inherit\">Material de madera<\/font><\/font><\/strong><font style=\"vertical-align: inherit\"><font style=\"vertical-align: inherit\"> :Pino<\/font><\/font><\/li>\n<li><strong><font style=\"vertical-align: inherit\"><font style=\"vertical-align: inherit\">Detalles de las instrucciones de instalaci\u00f3n<\/font><\/font><\/strong><font style=\"vertical-align: inherit\"><font style=\"vertical-align: inherit\"> :Proporcione instrucciones de instalaci\u00f3n<\/font><\/font><\/li>\n<li><strong><font style=\"vertical-align: inherit\"><font style=\"vertical-align: inherit\">\u00bfCu\u00e1ntas personas se sientan?<\/font><\/font><\/strong><font style=\"vertical-align: inherit\"><font style=\"vertical-align: inherit\"> :Tela de chenilla importada de Edra + almohada de algod\u00f3n con gel<\/font><\/font><\/li>\n<li><strong><font style=\"vertical-align: inherit\"><font style=\"vertical-align: inherit\">patr\u00f3n<\/font><\/font><\/strong><font style=\"vertical-align: inherit\"><font style=\"vertical-align: inherit\"> :Color s\u00f3lido<\/font><\/font><\/li>\n<li><strong><font style=\"vertical-align: inherit\"><font style=\"vertical-align: inherit\">\u00bfHay taxi disponible para transporte?<\/font><\/font><\/strong><font style=\"vertical-align: inherit\"><font style=\"vertical-align: inherit\"> :No<\/font><\/font><\/li>\n<li><strong><font style=\"vertical-align: inherit\"><font style=\"vertical-align: inherit\">Proceso de acabado de tejidos<\/font><\/font><\/strong><font style=\"vertical-align: inherit\"><font style=\"vertical-align: inherit\"> Tratamiento sin hierro<\/font><\/font><\/li>\n<li><strong><font style=\"vertical-align: inherit\"><font style=\"vertical-align: inherit\">Entrega\/instalaci\u00f3n disponible<\/font><\/font><\/strong><font style=\"vertical-align: inherit\"><font style=\"vertical-align: inherit\"> :A escala nacional<\/font><\/font><\/li>\n<\/ul>","protected":false},"excerpt":{"rendered":"<p>\u00bfHay espacio para guardar cosas? :no estilo :minimalismo italiano Montar :s\u00ed Tejido :Chenilla Caracter\u00edsticas adicionales :Desmontable Volumen de embalaje : 1 Relleno<\/p>","protected":false},"featured_media":155325,"comment_status":"open","ping_status":"closed","template":"","meta":[],"product_brand":[],"product_cat":[30892,30846,30873,30890],"product_tag":[30891],"class_list":{"0":"post-155326","1":"product","2":"type-product","3":"status-publish","4":"has-post-thumbnail","6":"product_cat-export","7":"product_cat-living-room","8":"product_cat-sofa","9":"product_cat-sofas-fav","10":"product_tag-title-adjust","12":"first","13":"instock","14":"taxable","15":"shipping-taxable","16":"purchasable","17":"product-type-variable"},"_links":{"self":[{"href":"https:\/\/nexgendecors.com\/es\/wp-json\/wp\/v2\/product\/155326","targetHints":{"allow":["GET"]}}],"collection":[{"href":"https:\/\/nexgendecors.com\/es\/wp-json\/wp\/v2\/product"}],"about":[{"href":"https:\/\/nexgendecors.com\/es\/wp-json\/wp\/v2\/types\/product"}],"replies":[{"embeddable":true,"href":"https:\/\/nexgendecors.com\/es\/wp-json\/wp\/v2\/comments?post=155326"}],"version-history":[{"count":0,"href":"https:\/\/nexgendecors.com\/es\/wp-json\/wp\/v2\/product\/155326\/revisions"}],"wp:featuredmedia":[{"embeddable":true,"href":"https:\/\/nexgendecors.com\/es\/wp-json\/wp\/v2\/media\/155325"}],"wp:attachment":[{"href":"https:\/\/nexgendecors.com\/es\/wp-json\/wp\/v2\/media?parent=155326"}],"wp:term":[{"taxonomy":"product_brand","embeddable":true,"href":"https:\/\/nexgendecors.com\/es\/wp-json\/wp\/v2\/product_brand?post=155326"},{"taxonomy":"product_cat","embeddable":true,"href":"https:\/\/nexgendecors.com\/es\/wp-json\/wp\/v2\/product_cat?post=155326"},{"taxonomy":"product_tag","embeddable":true,"href":"https:\/\/nexgendecors.com\/es\/wp-json\/wp\/v2\/product_tag?post=155326"}],"curies":[{"name":"wp","href":"https:\/\/api.w.org\/{rel}","templated":true}]}}