{"id":155428,"date":"2025-02-09T11:12:20","date_gmt":"2025-02-09T11:12:20","guid":{"rendered":"https:\/\/nexgendecors.com\/en\/product\/light-luxury-hotel-lobby-reception-sofa-negotiation-table-and-chair-combination-sales-office-beauty-salon-office-reception-negotiation-table\/"},"modified":"2025-04-06T09:48:55","modified_gmt":"2025-04-06T09:48:55","slug":"light-luxury-hotel-lobby-reception-sofa-negotiation-table-and-chair-combination-sales-office-beauty-salon-office-reception-negotiation-table","status":"publish","type":"product","link":"https:\/\/nexgendecors.com\/es\/product\/light-luxury-hotel-lobby-reception-sofa-negotiation-table-and-chair-combination-sales-office-beauty-salon-office-reception-negotiation-table\/","title":{"rendered":"Conjunto de sof\u00e1 y mesa de negociaci\u00f3n para vest\u00edbulo de hotel de lujo y luz"},"content":{"rendered":"<ul>\n<li><strong>estilo<\/strong>:Lujo ligero<\/li>\n<li><strong>Armar<\/strong>:S\u00ed<\/li>\n<li><strong>Ciudad<\/strong>:Foshan<\/li>\n<li><strong>Distritos y condados<\/strong>Distrito de Shunde<\/li>\n<li><strong>Material de acabado<\/strong>:Tabla de roca<\/li>\n<li><strong>Si tiene funci\u00f3n de cocina de inducci\u00f3n<\/strong>:No<\/li>\n<li><strong>Volumen de embalaje<\/strong>:1<\/li>\n<li><strong>forma<\/strong>:Redondo<\/li>\n<li><strong>N\u00famero de capas<\/strong>:1st floor<\/li>\n<li><strong>Si traer una silla o un taburete<\/strong>:S\u00ed<\/li>\n<li><strong>Estructura del mobiliario<\/strong>:Estructura<\/li>\n<li><strong>Origen<\/strong>:Provincia de Guangdong<\/li>\n<li><strong>\u00bfHay un gabinete?<\/strong>:No<\/li>\n<li><strong>Tipo de embalaje<\/strong>:Asamblea<\/li>\n<li><strong>Posicionamiento de estilo<\/strong>:Estilo art\u00edstico<\/li>\n<li><strong>ordenar por color<\/strong>:Sofa chair [beige + brown] [small], sofa chair [beige + gray] [small], sofa chair [orange + gray] [small], sofa chair [beige + brown] [large], sofa chair [beige + gray] [large], sofa chair [orange + gray] [large], double sofa chair [beige + brown], double sofa chair [beige + gray], double sofa chair [orange + gray], three-person sofa chair [beige + brown], three-person sofa chair [beige + gray], three-person sofa chair [orange + gray], round table 60*75c m, round table 70*75cm, round table 80*75cm, rock board side table: diameter 50*height 57, rock board coffee table: length 130*width 70*height 35, 50 side table + 2 [small] beige brown single sofas, 60 negotiation table + 4 [small] beige brown single sofas, 70 negotiation table + 4 [small] beige brown single sofas, 80 negotiation table + 4 [small] beige brown single sofas, 2 [small] beige brown single sofas + three-seater sofas + 130 coffee table, 3 [small] beige brown single sofas + three-seater sofas + 130 coffee table<\/li>\n<li><strong>marca<\/strong>:Hibisco sabdariffa<\/li>\n<li><strong>modelo<\/strong>:482<\/li>\n<li><strong>Elementos populares<\/strong>:Dise\u00f1o maestro<\/li>\n<li><strong>Ya sea con rodillo<\/strong>:No<\/li>\n<li><strong>\u00bfEl escritorio es ajustable?<\/strong>:No<\/li>\n<li><strong>\u00bfEs escalable?<\/strong>:No escalable<\/li>\n<li><strong>Si llevar bomba<\/strong>:No<\/li>\n<li><strong>Si llevar un tocadiscos<\/strong>:No<\/li>\n<li><strong>\u00bfEs personalizable?<\/strong>:S\u00ed<\/li>\n<li><strong>Funci\u00f3n<\/strong>:Otro<\/li>\n<li><strong>N\u00famero de personas aplicable<\/strong>:4 personas<\/li>\n<li><strong>\u00bfHay taxi disponible para transporte?<\/strong>:No<\/li>\n<\/ul>","protected":false},"excerpt":{"rendered":"<p>style:Light Luxury Assemble:yes City:Foshan Districts and counties:Shunde District Finishing material:Rock board Whether it has induction cooker function:no Packing volume:1 shape:Round<\/p>","protected":false},"featured_media":155427,"comment_status":"open","ping_status":"closed","template":"","meta":[],"product_brand":[],"product_cat":[30892,30862,30860],"product_tag":[30891],"class_list":{"0":"post-155428","1":"product","2":"type-product","3":"status-publish","4":"has-post-thumbnail","6":"product_cat-export","7":"product_cat-wholesales-hotels","8":"product_cat-wholesale-restaurant","9":"product_tag-title-adjust","11":"first","12":"instock","13":"taxable","14":"shipping-taxable","15":"purchasable","16":"product-type-variable"},"_links":{"self":[{"href":"https:\/\/nexgendecors.com\/es\/wp-json\/wp\/v2\/product\/155428","targetHints":{"allow":["GET"]}}],"collection":[{"href":"https:\/\/nexgendecors.com\/es\/wp-json\/wp\/v2\/product"}],"about":[{"href":"https:\/\/nexgendecors.com\/es\/wp-json\/wp\/v2\/types\/product"}],"replies":[{"embeddable":true,"href":"https:\/\/nexgendecors.com\/es\/wp-json\/wp\/v2\/comments?post=155428"}],"version-history":[{"count":0,"href":"https:\/\/nexgendecors.com\/es\/wp-json\/wp\/v2\/product\/155428\/revisions"}],"wp:featuredmedia":[{"embeddable":true,"href":"https:\/\/nexgendecors.com\/es\/wp-json\/wp\/v2\/media\/155427"}],"wp:attachment":[{"href":"https:\/\/nexgendecors.com\/es\/wp-json\/wp\/v2\/media?parent=155428"}],"wp:term":[{"taxonomy":"product_brand","embeddable":true,"href":"https:\/\/nexgendecors.com\/es\/wp-json\/wp\/v2\/product_brand?post=155428"},{"taxonomy":"product_cat","embeddable":true,"href":"https:\/\/nexgendecors.com\/es\/wp-json\/wp\/v2\/product_cat?post=155428"},{"taxonomy":"product_tag","embeddable":true,"href":"https:\/\/nexgendecors.com\/es\/wp-json\/wp\/v2\/product_tag?post=155428"}],"curies":[{"name":"wp","href":"https:\/\/api.w.org\/{rel}","templated":true}]}}