{"id":155484,"date":"2025-02-09T11:54:52","date_gmt":"2025-02-09T11:54:52","guid":{"rendered":"https:\/\/nexgendecors.com\/en\/product\/light-luxury-modern-single-sofa-chair-hotel-sales-office-reception-beauty-salon-balcony-leisure-negotiation-table-and-chair-combination\/"},"modified":"2025-04-06T09:48:58","modified_gmt":"2025-04-06T09:48:58","slug":"light-luxury-modern-single-sofa-chair-hotel-sales-office-reception-beauty-salon-balcony-leisure-negotiation-table-and-chair-combination","status":"publish","type":"product","link":"https:\/\/nexgendecors.com\/es\/product\/light-luxury-modern-single-sofa-chair-hotel-sales-office-reception-beauty-salon-balcony-leisure-negotiation-table-and-chair-combination\/","title":{"rendered":"Sill\u00f3n individual moderno y ligero de lujo para recepci\u00f3n"},"content":{"rendered":"<ul>\n<li><strong>marca<\/strong>:Hibisco sabdariffa<\/li>\n<li><strong>modelo<\/strong>:2023050811<\/li>\n<li><strong>Material<\/strong>:Metal<\/li>\n<li><strong>Material met\u00e1lico<\/strong>:hierro<\/li>\n<li><strong>patr\u00f3n<\/strong>:Arte<\/li>\n<li><strong>estilo<\/strong>:Estilo de lujo ligero<\/li>\n<li><strong>Elementos populares<\/strong>:Metal<\/li>\n<li><strong>ordenar por color<\/strong>:Tea table: diameter 50*57cm, Tea table: diameter 60*57cm, Single sofa chair [orange], Single sofa chair [gray], Single sofa chair [coffee]<\/li>\n<li><strong>Peso bruto<\/strong>:20<\/li>\n<li><strong>Relleno<\/strong>:Esponja de espuma de alta elasticidad<\/li>\n<li><strong>\u00bfEs personalizable?<\/strong>:S\u00ed<\/li>\n<li><strong>Clientes objetivo<\/strong>:Adultos<\/li>\n<li><strong>\u00bfEs reemplazable?<\/strong>:No<\/li>\n<li><strong>Origen<\/strong>:Provincia de Fujian<\/li>\n<li><strong>Ciudad<\/strong>:Ciudad de Quanzhou<\/li>\n<li><strong>Armar<\/strong>:S\u00ed<\/li>\n<li><strong>Volumen de embalaje<\/strong>:1.5<\/li>\n<li><strong>\u00bfHay taxi disponible para transporte?<\/strong>:No<\/li>\n<li><strong>Posicionamiento de estilo<\/strong>:Lujo de calidad<\/li>\n<li><strong><\/strong>:<\/li>\n<\/ul>","protected":false},"excerpt":{"rendered":"<p>Marca: Hibiscus sabdariffa Modelo: 2023050811 Material: Metal Material del metal: hierro Patr\u00f3n: Arte Estilo: Estilo de lujo ligero Elementos populares: Metal Ordenar por color: Mesa de t\u00e9: di\u00e1metro 50 * 57 cm, Mesa de t\u00e9:<\/p>","protected":false},"featured_media":155483,"comment_status":"open","ping_status":"closed","template":"","meta":[],"product_brand":[],"product_cat":[30898,30892,30862,30860],"product_tag":[30891],"class_list":{"0":"post-155484","1":"product","2":"type-product","3":"status-publish","4":"has-post-thumbnail","6":"product_cat-bs-hotel","7":"product_cat-export","8":"product_cat-wholesales-hotels","9":"product_cat-wholesale-restaurant","10":"product_tag-title-adjust","12":"first","13":"instock","14":"taxable","15":"shipping-taxable","16":"purchasable","17":"product-type-variable"},"_links":{"self":[{"href":"https:\/\/nexgendecors.com\/es\/wp-json\/wp\/v2\/product\/155484","targetHints":{"allow":["GET"]}}],"collection":[{"href":"https:\/\/nexgendecors.com\/es\/wp-json\/wp\/v2\/product"}],"about":[{"href":"https:\/\/nexgendecors.com\/es\/wp-json\/wp\/v2\/types\/product"}],"replies":[{"embeddable":true,"href":"https:\/\/nexgendecors.com\/es\/wp-json\/wp\/v2\/comments?post=155484"}],"version-history":[{"count":0,"href":"https:\/\/nexgendecors.com\/es\/wp-json\/wp\/v2\/product\/155484\/revisions"}],"wp:featuredmedia":[{"embeddable":true,"href":"https:\/\/nexgendecors.com\/es\/wp-json\/wp\/v2\/media\/155483"}],"wp:attachment":[{"href":"https:\/\/nexgendecors.com\/es\/wp-json\/wp\/v2\/media?parent=155484"}],"wp:term":[{"taxonomy":"product_brand","embeddable":true,"href":"https:\/\/nexgendecors.com\/es\/wp-json\/wp\/v2\/product_brand?post=155484"},{"taxonomy":"product_cat","embeddable":true,"href":"https:\/\/nexgendecors.com\/es\/wp-json\/wp\/v2\/product_cat?post=155484"},{"taxonomy":"product_tag","embeddable":true,"href":"https:\/\/nexgendecors.com\/es\/wp-json\/wp\/v2\/product_tag?post=155484"}],"curies":[{"name":"wp","href":"https:\/\/api.w.org\/{rel}","templated":true}]}}