{"id":156085,"date":"2025-02-10T05:04:11","date_gmt":"2025-02-10T05:04:11","guid":{"rendered":"https:\/\/nexgendecors.com\/en\/product\/2023-internet-celebrity-tofu-block-lazy-fabric-sofa-living-room-simple-single-removable-square-module-combination-wick\/"},"modified":"2025-04-06T09:49:46","modified_gmt":"2025-04-06T09:49:46","slug":"2023-internet-celebrity-tofu-block-lazy-fabric-sofa-living-room-simple-single-removable-square-module-combination-wick","status":"publish","type":"product","link":"https:\/\/nexgendecors.com\/es\/product\/2023-internet-celebrity-tofu-block-lazy-fabric-sofa-living-room-simple-single-removable-square-module-combination-wick\/","title":{"rendered":"Sof\u00e1 modular Tofu Block 2023: elegante y extra\u00edble"},"content":{"rendered":"<ul>\n<li><strong>marca<\/strong>:otro\/otro<\/li>\n<li><strong>modelo<\/strong>:202399<\/li>\n<li><strong>Tela<\/strong>:Corduroy<\/li>\n<li><strong>estilo<\/strong>:Moderno y sencillo<\/li>\n<li><strong>\u00bfCu\u00e1ntas personas se sientan?<\/strong>:Small single seat 80cm*80cm, single seat 90cm*90cm, single seat 1mx1m, small double seat 1.6mx80cm, double seat 1.8mx90cm, double seat 2mx1m, triple seat 2.4mx80cm, triple seat 2.7mx90cm, triple seat 3mx1m<\/li>\n<li><strong>ordenar por color<\/strong>:Corduroy is available in multiple colors, German mink, Italian velvet and waterproof flannel are available in multiple colors, waterproof technical cloth and cat scratching cloth are available in multiple colors, lambskin and waterproof lambskin short hair are available in multiple colors, waterproof cotton and linen are available in multiple colors, please contact customer service for customized sizes<\/li>\n<li><strong>Relleno<\/strong>:esponja<\/li>\n<li><strong>\u00bfEs personalizable?<\/strong>:S\u00ed<\/li>\n<li><strong>Caracter\u00edsticas adicionales<\/strong>:Desmontable y lavable<\/li>\n<li><strong>Clientes objetivo<\/strong>:Adultos<\/li>\n<li><strong>Armar<\/strong>:No<\/li>\n<li><strong>Posicionamiento de estilo<\/strong>:Estilo art\u00edstico<\/li>\n<\/ul>","protected":false},"excerpt":{"rendered":"<p>Marca: otro\/otro Modelo: 202399 Tela: pana Estilo: moderno y sencillo Cu\u00e1ntas personas se sientan: asiento individual peque\u00f1o de 80 cm x 80 cm, asiento individual de 90 cm x 90 cm, asiento individual de 1 mx 1 m, peque\u00f1o<\/p>","protected":false},"featured_media":156084,"comment_status":"open","ping_status":"closed","template":"","meta":[],"product_brand":[],"product_cat":[30892,30862,30846,30873,30890],"product_tag":[30891],"class_list":{"0":"post-156085","1":"product","2":"type-product","3":"status-publish","4":"has-post-thumbnail","6":"product_cat-export","7":"product_cat-wholesales-hotels","8":"product_cat-living-room","9":"product_cat-sofa","10":"product_cat-sofas-fav","11":"product_tag-title-adjust","13":"first","14":"instock","15":"taxable","16":"shipping-taxable","17":"purchasable","18":"product-type-variable"},"_links":{"self":[{"href":"https:\/\/nexgendecors.com\/es\/wp-json\/wp\/v2\/product\/156085","targetHints":{"allow":["GET"]}}],"collection":[{"href":"https:\/\/nexgendecors.com\/es\/wp-json\/wp\/v2\/product"}],"about":[{"href":"https:\/\/nexgendecors.com\/es\/wp-json\/wp\/v2\/types\/product"}],"replies":[{"embeddable":true,"href":"https:\/\/nexgendecors.com\/es\/wp-json\/wp\/v2\/comments?post=156085"}],"version-history":[{"count":0,"href":"https:\/\/nexgendecors.com\/es\/wp-json\/wp\/v2\/product\/156085\/revisions"}],"wp:featuredmedia":[{"embeddable":true,"href":"https:\/\/nexgendecors.com\/es\/wp-json\/wp\/v2\/media\/156084"}],"wp:attachment":[{"href":"https:\/\/nexgendecors.com\/es\/wp-json\/wp\/v2\/media?parent=156085"}],"wp:term":[{"taxonomy":"product_brand","embeddable":true,"href":"https:\/\/nexgendecors.com\/es\/wp-json\/wp\/v2\/product_brand?post=156085"},{"taxonomy":"product_cat","embeddable":true,"href":"https:\/\/nexgendecors.com\/es\/wp-json\/wp\/v2\/product_cat?post=156085"},{"taxonomy":"product_tag","embeddable":true,"href":"https:\/\/nexgendecors.com\/es\/wp-json\/wp\/v2\/product_tag?post=156085"}],"curies":[{"name":"wp","href":"https:\/\/api.w.org\/{rel}","templated":true}]}}