{"id":156156,"date":"2025-02-10T05:05:59","date_gmt":"2025-02-10T05:05:59","guid":{"rendered":"https:\/\/nexgendecors.com\/en\/product\/italian-minimalist-edra-petal-bed-master-bedroom-adjustable-head-double-bed-modern-simple-chenille-velvet-bed\/"},"modified":"2025-02-12T06:42:25","modified_gmt":"2025-02-12T06:42:25","slug":"italian-minimalist-edra-petal-bed-master-bedroom-adjustable-head-double-bed-modern-simple-chenille-velvet-bed","status":"publish","type":"product","link":"https:\/\/nexgendecors.com\/es\/product\/italian-minimalist-edra-petal-bed-master-bedroom-adjustable-head-double-bed-modern-simple-chenille-velvet-bed\/","title":{"rendered":"Cama Edra Petal: Dise\u00f1o minimalista moderno de terciopelo"},"content":{"rendered":"<ul>\n<li><strong>marca<\/strong>:Distant Aoki<\/li>\n<li><strong>modelo<\/strong>:AK153#<\/li>\n<li><strong>\u00bfHay espacio de almacenamiento?<\/strong>:S\u00ed<\/li>\n<li><strong>estilo<\/strong>:minimalismo italiano<\/li>\n<li><strong>Tela<\/strong>:Chenille<\/li>\n<li><strong>Tama\u00f1o de cama redonda<\/strong>:200cm<\/li>\n<li><strong>Caracter\u00edsticas adicionales<\/strong>:Almacenamiento<\/li>\n<li><strong>\u00bfEs personalizable?<\/strong>:S\u00ed<\/li>\n<li><strong>forma<\/strong>:Cuadrado<\/li>\n<li><strong>Si tener un marco de cama<\/strong>:S\u00ed<\/li>\n<li><strong>Si se debe brindar soporte blando<\/strong>:S\u00ed<\/li>\n<li><strong>Material<\/strong>:Madera<\/li>\n<li><strong>Detalles de las instrucciones de instalaci\u00f3n<\/strong>:Proporcione instrucciones de instalaci\u00f3n<\/li>\n<li><strong>Estructura del mobiliario<\/strong>:Steel-wood frame, steel-wood pneumatic structure, frame structure<\/li>\n<li><strong>N\u00famero de personas aplicable<\/strong>:2 personas<\/li>\n<li><strong>tama\u00f1o<\/strong>:1500 mm x 2000 mm, 1800 mm x 2000 mm<\/li>\n<li><strong>Tecnolog\u00eda de tejidos<\/strong>:otro<\/li>\n<li><strong>Style details<\/strong>:otro<\/li>\n<li><strong>ordenar por color<\/strong>:Ultimate Edition: Petal Bed [Imported Chenille Velvet \u00d7 15cm Silent Bed Board], Ultimate Edition: Petal Bed + Bedside Table * 1 [Imported Chenille Velvet \u00d7 15cm Silent Bed Board], Ultimate Edition: Petal Bed + Bedside Table * 2 [Imported Chenille Velvet \u00d7 15cm Silent Bed Board], Ultimate Edition: Petal Bed + Comfortable Environmentally Friendly Coconut Palm Mattress [Imported Chenille Velvet \u00d7 15cm Silent Bed Board], Ultimate Edition: Petal Bed + Bedside Table * 1 + Comfortable Environmentally Friendly Coconut Palm Mattress [Imported Chenille Velvet \u00d7 15cm Silent Bed Board], Ultimate Edition: Petal Bed + Bedside Table * 2 + Comfortable Environmentally Friendly Coconut Palm Mattress [Imported Chenille Velvet \u00d7 15cm Silent Bed Board], Ultimate Edition: Petal Bed + 7-Star Latex Mattress [Imported Chenille Velvet \u00d7 15cm Silent Bed Board], Ultimate Edition Version: Petal bed + bedside table * 1 + 7-star latex mattress [imported chenille velvet \u00d7 15cm silent bed board], Ultimate version: Petal bed + bedside table * 2 + 7-star latex mattress [imported chenille velvet \u00d7 15cm silent bed board], Ultimate version: Petal bed + cloud-feeling velvet mattress [imported chenille velvet \u00d7 15cm silent bed board], Ultimate version: Petal bed + bedside table * 1 + cloud-feeling velvet mattress [imported chenille velvet \u00d7 15cm silent bed board], Ultimate version: Petal bed + bedside table * 2 + cloud-feeling velvet mattress [imported chenille velvet \u00d7 15cm silent bed board], Ultimate version: Petal bed + anti-mite and antibacterial lavender health mattress [imported chenille velvet \u00d7 15cm silent bed board], Ultimate version: Petal bed + Bedside table * 1 + anti-mite and antibacterial lavender health mattress [imported chenille velvet \u00d7 15cm silent bed board], Ultimate Edition: Petal bed + bedside table * 2 + anti-mite and antibacterial lavender health mattress [imported chenille velvet \u00d7 15cm silent bed board], Ultimate Edition: Petal bed + velvet independent bag vacuum compressed latex mattress [imported chenille velvet \u00d7 15cm silent bed board], Ultimate Edition: Petal bed + bedside table * 1 + velvet independent bag vacuum compressed latex mattress [imported chenille velvet \u00d7 15cm silent bed board], Ultimate Edition: Petal bed + bedside table * 2 + velvet independent bag vacuum compressed latex mattress [imported chenille velvet \u00d7 15cm silent bed board], Ultimate Edition: Petal bed + Smurf Z1 independent bag vacuum compressed mattress [imported Imported chenille velvet \u00d7 15cm silent bed board], Ultimate Edition: Petal Bed + Bedside Table * 1 + Smurf Z1 Independent Bag Vacuum Compression Mattress [Imported Chenille Velvet \u00d7 15cm Silent Bed Board], Ultimate Edition: Petal Bed + Bedside Table * 2 + Smurf Z1 Independent Bag Vacuum Compression Mattress [Imported Chenille Velvet \u00d7 15cm Silent Bed Board], Ultimate Edition: Petal Bed + 8D Honeycomb Independent Bag Vacuum Compression Mattress [Imported Chenille Velvet \u00d7 15cm Silent Bed Board], Ultimate Edition: Petal Bed + Bedside Table * 1 + 8D Honeycomb Independent Bag Vacuum Compression Mattress [Imported Chenille Velvet \u00d7 15cm Silent Bed Board], Ultimate Edition: Petal Bed + Bedside Table * 2 + 8D Honeycomb Independent Bag Vacuum Compression Mattress [Imported Chenille Velvet \u00d7 15cm Silent Bed Board]<\/li>\n<li><strong><\/strong>:<\/li>\n<\/ul>","protected":false},"excerpt":{"rendered":"<p>Marca: Distant Aoki Modelo: AK153# \u00bfHay espacio de almacenamiento?: S\u00ed Estilo: Minimalismo italiano Tela: Chenilla Tama\u00f1o de la cama redonda: 200 cm Caracter\u00edsticas adicionales: Almacenamiento \u00bfEs personalizable?: S\u00ed Forma: Cuadrada Si<\/p>","protected":false},"featured_media":156155,"comment_status":"open","ping_status":"closed","template":"","meta":[],"product_brand":[],"product_cat":[30815,30858,30895,30892,30862],"product_tag":[30891],"class_list":{"0":"post-156156","1":"product","2":"type-product","3":"status-publish","4":"has-post-thumbnail","6":"product_cat-beds","7":"product_cat-wholesale-bedroom","8":"product_cat-bs-bedroom","9":"product_cat-export","10":"product_cat-wholesales-hotels","11":"product_tag-title-adjust","13":"first","14":"instock","15":"taxable","16":"shipping-taxable","17":"purchasable","18":"product-type-variable"},"_links":{"self":[{"href":"https:\/\/nexgendecors.com\/es\/wp-json\/wp\/v2\/product\/156156","targetHints":{"allow":["GET"]}}],"collection":[{"href":"https:\/\/nexgendecors.com\/es\/wp-json\/wp\/v2\/product"}],"about":[{"href":"https:\/\/nexgendecors.com\/es\/wp-json\/wp\/v2\/types\/product"}],"replies":[{"embeddable":true,"href":"https:\/\/nexgendecors.com\/es\/wp-json\/wp\/v2\/comments?post=156156"}],"version-history":[{"count":0,"href":"https:\/\/nexgendecors.com\/es\/wp-json\/wp\/v2\/product\/156156\/revisions"}],"wp:featuredmedia":[{"embeddable":true,"href":"https:\/\/nexgendecors.com\/es\/wp-json\/wp\/v2\/media\/156155"}],"wp:attachment":[{"href":"https:\/\/nexgendecors.com\/es\/wp-json\/wp\/v2\/media?parent=156156"}],"wp:term":[{"taxonomy":"product_brand","embeddable":true,"href":"https:\/\/nexgendecors.com\/es\/wp-json\/wp\/v2\/product_brand?post=156156"},{"taxonomy":"product_cat","embeddable":true,"href":"https:\/\/nexgendecors.com\/es\/wp-json\/wp\/v2\/product_cat?post=156156"},{"taxonomy":"product_tag","embeddable":true,"href":"https:\/\/nexgendecors.com\/es\/wp-json\/wp\/v2\/product_tag?post=156156"}],"curies":[{"name":"wp","href":"https:\/\/api.w.org\/{rel}","templated":true}]}}