{"id":156464,"date":"2025-02-10T06:21:53","date_gmt":"2025-02-10T06:21:53","guid":{"rendered":"https:\/\/nexgendecors.com\/en\/product\/french-minimalist-cream-style-creative-glass-round-tea-table-combination-home-living-room-small-apartment-high-end-tea-table\/"},"modified":"2025-03-09T06:19:16","modified_gmt":"2025-03-09T06:19:16","slug":"french-minimalist-cream-style-creative-glass-round-tea-table-combination-home-living-room-small-apartment-high-end-tea-table","status":"publish","type":"product","link":"https:\/\/nexgendecors.com\/es\/product\/french-minimalist-cream-style-creative-glass-round-tea-table-combination-home-living-room-small-apartment-high-end-tea-table\/","title":{"rendered":"Mesa de t\u00e9 redonda de cristal minimalista francesa de alta gama"},"content":{"rendered":"<ul>\n<li><strong>tama\u00f1o<\/strong>:0.8&#215;0.8&#215;0.31m<\/li>\n<li><strong>marca<\/strong>:otro\/otro<\/li>\n<li><strong>modelo<\/strong>:cj-100<\/li>\n<li><strong>Elementos populares<\/strong>:Rounded Corners<\/li>\n<li><strong>\u00bfHay espacio de almacenamiento?<\/strong>:No<\/li>\n<li><strong>estilo<\/strong>:Moderno y sencillo<\/li>\n<li><strong>Ya sea con rodillo<\/strong>:No<\/li>\n<li><strong>Armar<\/strong>:S\u00ed<\/li>\n<li><strong>Forma de esquina de mesa de caf\u00e9<\/strong>:Redondo<\/li>\n<li><strong>Material de acabado<\/strong>:Madera<\/li>\n<li><strong>Tecnolog\u00eda estructural<\/strong>:Metalurgia<\/li>\n<li><strong>Tecnolog\u00eda de acabado<\/strong>:Pintar<\/li>\n<li><strong>\u00bfEs personalizable?<\/strong>:No<\/li>\n<li><strong>forma<\/strong>:Redondo<\/li>\n<li><strong>Material<\/strong>:Resina<\/li>\n<li><strong>Detalles de las instrucciones de instalaci\u00f3n<\/strong>:On-site installation<\/li>\n<li><strong>\u00bfHay taxi disponible para transporte?<\/strong>:No<\/li>\n<li><strong>Posicionamiento de estilo<\/strong>:Estilo art\u00edstico<\/li>\n<li><strong>N\u00famero de puertas<\/strong>:Sin puerta<\/li>\n<li><strong>ordenar por color<\/strong>:Single coffee table, high side table, low side table, combination coffee table<\/li>\n<\/ul>","protected":false},"excerpt":{"rendered":"<p>tama\u00f1o: 0,8 \u00d7 0,8 \u00d7 0,31 m marca: otro\/otro modelo: cj-100 Elementos populares: esquinas redondeadas \u00bfHay espacio de almacenamiento?: no estilo: moderno y sencillo ya sea con rodillo: no ensamblar: s\u00ed mesa de caf\u00e9 de esquina<\/p>","protected":false},"featured_media":156463,"comment_status":"open","ping_status":"closed","template":"","meta":[],"product_brand":[],"product_cat":[30892,30862,30846,30854,30857],"product_tag":[30891],"class_list":{"0":"post-156464","1":"product","2":"type-product","3":"status-publish","4":"has-post-thumbnail","6":"product_cat-export","7":"product_cat-wholesales-hotels","8":"product_cat-living-room","9":"product_cat-wholesale-side-table","10":"product_cat-wholesale-sofa-table","11":"product_tag-title-adjust","13":"first","14":"instock","15":"taxable","16":"shipping-taxable","17":"purchasable","18":"product-type-variable"},"_links":{"self":[{"href":"https:\/\/nexgendecors.com\/es\/wp-json\/wp\/v2\/product\/156464","targetHints":{"allow":["GET"]}}],"collection":[{"href":"https:\/\/nexgendecors.com\/es\/wp-json\/wp\/v2\/product"}],"about":[{"href":"https:\/\/nexgendecors.com\/es\/wp-json\/wp\/v2\/types\/product"}],"replies":[{"embeddable":true,"href":"https:\/\/nexgendecors.com\/es\/wp-json\/wp\/v2\/comments?post=156464"}],"version-history":[{"count":0,"href":"https:\/\/nexgendecors.com\/es\/wp-json\/wp\/v2\/product\/156464\/revisions"}],"wp:featuredmedia":[{"embeddable":true,"href":"https:\/\/nexgendecors.com\/es\/wp-json\/wp\/v2\/media\/156463"}],"wp:attachment":[{"href":"https:\/\/nexgendecors.com\/es\/wp-json\/wp\/v2\/media?parent=156464"}],"wp:term":[{"taxonomy":"product_brand","embeddable":true,"href":"https:\/\/nexgendecors.com\/es\/wp-json\/wp\/v2\/product_brand?post=156464"},{"taxonomy":"product_cat","embeddable":true,"href":"https:\/\/nexgendecors.com\/es\/wp-json\/wp\/v2\/product_cat?post=156464"},{"taxonomy":"product_tag","embeddable":true,"href":"https:\/\/nexgendecors.com\/es\/wp-json\/wp\/v2\/product_tag?post=156464"}],"curies":[{"name":"wp","href":"https:\/\/api.w.org\/{rel}","templated":true}]}}