{"id":156591,"date":"2025-02-10T06:28:11","date_gmt":"2025-02-10T06:28:11","guid":{"rendered":"https:\/\/nexgendecors.com\/en\/product\/saba-designer-pixel-sofa-italian-minimalist-top-layer-cowhide-leather-sofa-living-room-module-multifunctional-new\/"},"modified":"2025-04-06T09:50:09","modified_gmt":"2025-04-06T09:50:09","slug":"saba-designer-pixel-sofa-italian-minimalist-top-layer-cowhide-leather-sofa-living-room-module-multifunctional-new","status":"publish","type":"product","link":"https:\/\/nexgendecors.com\/es\/product\/saba-designer-pixel-sofa-italian-minimalist-top-layer-cowhide-leather-sofa-living-room-module-multifunctional-new\/","title":{"rendered":"Sof\u00e1 Saba Pixel: piel de vacuno minimalista italiana"},"content":{"rendered":"<ul>\n<li><strong>marca<\/strong>:otro\/otro<\/li>\n<li><strong>modelo<\/strong>:sf-100<\/li>\n<li><strong>estilo<\/strong>:minimalismo italiano<\/li>\n<li><strong>\u00bfEs personalizable?<\/strong>:S\u00ed<\/li>\n<li><strong>Relleno<\/strong>:esponja<\/li>\n<li><strong>Tela<\/strong>:otro<\/li>\n<li><strong>\u00bfCu\u00e1ntas personas se sientan?<\/strong>:A combination, A1 combination, A2 combination, B combination, C combination, E combination, F1 combination, F2 combination, G1 combination, G2 combination<\/li>\n<li><strong>ordenar por color<\/strong>:Wear-resistant silicone cat scratcher, contact surface first layer cowhide, full coverage first layer cowhide<\/li>\n<\/ul>","protected":false},"excerpt":{"rendered":"<p>marca:otro\/otro modelo:sf-100 estilo:minimalismo italiano \u00bfEs personalizable?:s\u00ed Relleno:esponja Tela:otro Cu\u00e1ntas personas se sientan:combinaci\u00f3n A, combinaci\u00f3n A1, combinaci\u00f3n A2, combinaci\u00f3n B,<\/p>","protected":false},"featured_media":156590,"comment_status":"open","ping_status":"closed","template":"","meta":[],"product_brand":[],"product_cat":[30892,30862,30846,30873,30890],"product_tag":[30891],"class_list":{"0":"post-156591","1":"product","2":"type-product","3":"status-publish","4":"has-post-thumbnail","6":"product_cat-export","7":"product_cat-wholesales-hotels","8":"product_cat-living-room","9":"product_cat-sofa","10":"product_cat-sofas-fav","11":"product_tag-title-adjust","13":"first","14":"instock","15":"taxable","16":"shipping-taxable","17":"purchasable","18":"product-type-variable"},"_links":{"self":[{"href":"https:\/\/nexgendecors.com\/es\/wp-json\/wp\/v2\/product\/156591","targetHints":{"allow":["GET"]}}],"collection":[{"href":"https:\/\/nexgendecors.com\/es\/wp-json\/wp\/v2\/product"}],"about":[{"href":"https:\/\/nexgendecors.com\/es\/wp-json\/wp\/v2\/types\/product"}],"replies":[{"embeddable":true,"href":"https:\/\/nexgendecors.com\/es\/wp-json\/wp\/v2\/comments?post=156591"}],"version-history":[{"count":0,"href":"https:\/\/nexgendecors.com\/es\/wp-json\/wp\/v2\/product\/156591\/revisions"}],"wp:featuredmedia":[{"embeddable":true,"href":"https:\/\/nexgendecors.com\/es\/wp-json\/wp\/v2\/media\/156590"}],"wp:attachment":[{"href":"https:\/\/nexgendecors.com\/es\/wp-json\/wp\/v2\/media?parent=156591"}],"wp:term":[{"taxonomy":"product_brand","embeddable":true,"href":"https:\/\/nexgendecors.com\/es\/wp-json\/wp\/v2\/product_brand?post=156591"},{"taxonomy":"product_cat","embeddable":true,"href":"https:\/\/nexgendecors.com\/es\/wp-json\/wp\/v2\/product_cat?post=156591"},{"taxonomy":"product_tag","embeddable":true,"href":"https:\/\/nexgendecors.com\/es\/wp-json\/wp\/v2\/product_tag?post=156591"}],"curies":[{"name":"wp","href":"https:\/\/api.w.org\/{rel}","templated":true}]}}