{"id":156634,"date":"2025-02-10T06:28:56","date_gmt":"2025-02-10T06:28:56","guid":{"rendered":"https:\/\/nexgendecors.com\/en\/product\/single-lazy-sofa-creative-leisure-living-room-small-sofa-chair-shaped-cotton-designer-new-sofa-recliner\/"},"modified":"2025-04-06T09:50:13","modified_gmt":"2025-04-06T09:50:13","slug":"single-lazy-sofa-creative-leisure-living-room-small-sofa-chair-shaped-cotton-designer-new-sofa-recliner","status":"publish","type":"product","link":"https:\/\/nexgendecors.com\/es\/product\/single-lazy-sofa-creative-leisure-living-room-small-sofa-chair-shaped-cotton-designer-new-sofa-recliner\/","title":{"rendered":"Sill\u00f3n reclinable de algod\u00f3n de dise\u00f1o para el ocio y la vida"},"content":{"rendered":"<ul>\n<li><strong>marca<\/strong>:otro\/otro<\/li>\n<li><strong>modelo<\/strong>:sf-100<\/li>\n<li><strong>patr\u00f3n<\/strong>:Color s\u00f3lido<\/li>\n<li><strong>estilo<\/strong>:Europa del Norte<\/li>\n<li><strong>ordenar por color<\/strong>:Customizable colors<\/li>\n<li><strong>\u00bfEs personalizable?<\/strong>:S\u00ed<\/li>\n<li><strong>\u00bfEs desmontable y lavable?<\/strong>:No<\/li>\n<li><strong>Clientes objetivo<\/strong>:Adultos<\/li>\n<li><strong>Armar<\/strong>:No<\/li>\n<li><strong><\/strong>:<\/li>\n<\/ul>","protected":false},"excerpt":{"rendered":"<p>Marca:Otro\/Otro Modelo:SF-100 Patr\u00f3n:Color s\u00f3lido Estilo:Norte de Europa Ordenar por color:Colores personalizables \u00bfEs personalizable?:S\u00ed \u00bfEs extra\u00edble y lavable?:No Clientes objetivo:Adultos<\/p>","protected":false},"featured_media":156633,"comment_status":"open","ping_status":"closed","template":"","meta":[],"product_brand":[],"product_cat":[30892,30862,30846,30873,30890],"product_tag":[30891],"class_list":{"0":"post-156634","1":"product","2":"type-product","3":"status-publish","4":"has-post-thumbnail","6":"product_cat-export","7":"product_cat-wholesales-hotels","8":"product_cat-living-room","9":"product_cat-sofa","10":"product_cat-sofas-fav","11":"product_tag-title-adjust","13":"first","14":"instock","15":"taxable","16":"shipping-taxable","17":"purchasable","18":"product-type-variable"},"_links":{"self":[{"href":"https:\/\/nexgendecors.com\/es\/wp-json\/wp\/v2\/product\/156634","targetHints":{"allow":["GET"]}}],"collection":[{"href":"https:\/\/nexgendecors.com\/es\/wp-json\/wp\/v2\/product"}],"about":[{"href":"https:\/\/nexgendecors.com\/es\/wp-json\/wp\/v2\/types\/product"}],"replies":[{"embeddable":true,"href":"https:\/\/nexgendecors.com\/es\/wp-json\/wp\/v2\/comments?post=156634"}],"version-history":[{"count":0,"href":"https:\/\/nexgendecors.com\/es\/wp-json\/wp\/v2\/product\/156634\/revisions"}],"wp:featuredmedia":[{"embeddable":true,"href":"https:\/\/nexgendecors.com\/es\/wp-json\/wp\/v2\/media\/156633"}],"wp:attachment":[{"href":"https:\/\/nexgendecors.com\/es\/wp-json\/wp\/v2\/media?parent=156634"}],"wp:term":[{"taxonomy":"product_brand","embeddable":true,"href":"https:\/\/nexgendecors.com\/es\/wp-json\/wp\/v2\/product_brand?post=156634"},{"taxonomy":"product_cat","embeddable":true,"href":"https:\/\/nexgendecors.com\/es\/wp-json\/wp\/v2\/product_cat?post=156634"},{"taxonomy":"product_tag","embeddable":true,"href":"https:\/\/nexgendecors.com\/es\/wp-json\/wp\/v2\/product_tag?post=156634"}],"curies":[{"name":"wp","href":"https:\/\/api.w.org\/{rel}","templated":true}]}}