{"id":156654,"date":"2025-02-10T06:29:43","date_gmt":"2025-02-10T06:29:43","guid":{"rendered":"https:\/\/nexgendecors.com\/en\/product\/italian-light-luxury-piano-special-shaped-creative-designer-leisure-sofa-module-combination-de-sede-snake-shaped-sofa-minimalist\/"},"modified":"2025-04-06T09:50:15","modified_gmt":"2025-04-06T09:50:15","slug":"italian-light-luxury-piano-special-shaped-creative-designer-leisure-sofa-module-combination-de-sede-snake-shaped-sofa-minimalist","status":"publish","type":"product","link":"https:\/\/nexgendecors.com\/es\/product\/italian-light-luxury-piano-special-shaped-creative-designer-leisure-sofa-module-combination-de-sede-snake-shaped-sofa-minimalist\/","title":{"rendered":"Sof\u00e1 de ocio minimalista en forma de serpiente de De Sede"},"content":{"rendered":"<ul>\n<li><strong>marca<\/strong>:otro\/otro<\/li>\n<li><strong>modelo<\/strong>:sf-100<\/li>\n<li><strong>estilo<\/strong>:Modern minimalism<\/li>\n<li><strong>ordenar por color<\/strong>:Module 1, Module 2, Module 3<\/li>\n<li><strong>\u00bfEs personalizable?<\/strong>:S\u00ed<\/li>\n<li><strong>Material de cuero<\/strong>:cuero<\/li>\n<li><strong>Armar<\/strong>:No<\/li>\n<li><strong>Gama de acabados de cuero<\/strong>:Cuero PU completo<\/li>\n<\/ul>","protected":false},"excerpt":{"rendered":"<p>marca:otro\/otro modelo:sf-100 estilo:Minimalismo moderno ordenar por color:M\u00f3dulo 1, M\u00f3dulo 2, M\u00f3dulo 3 \u00bfSe puede personalizar?:s\u00ed Material de la piel:piel Montaje:no Acabado de la piel<\/p>","protected":false},"featured_media":156653,"comment_status":"open","ping_status":"closed","template":"","meta":[],"product_brand":[],"product_cat":[30892,30862,30846,30873,30890],"product_tag":[30891],"class_list":{"0":"post-156654","1":"product","2":"type-product","3":"status-publish","4":"has-post-thumbnail","6":"product_cat-export","7":"product_cat-wholesales-hotels","8":"product_cat-living-room","9":"product_cat-sofa","10":"product_cat-sofas-fav","11":"product_tag-title-adjust","13":"first","14":"instock","15":"taxable","16":"shipping-taxable","17":"purchasable","18":"product-type-variable"},"_links":{"self":[{"href":"https:\/\/nexgendecors.com\/es\/wp-json\/wp\/v2\/product\/156654","targetHints":{"allow":["GET"]}}],"collection":[{"href":"https:\/\/nexgendecors.com\/es\/wp-json\/wp\/v2\/product"}],"about":[{"href":"https:\/\/nexgendecors.com\/es\/wp-json\/wp\/v2\/types\/product"}],"replies":[{"embeddable":true,"href":"https:\/\/nexgendecors.com\/es\/wp-json\/wp\/v2\/comments?post=156654"}],"version-history":[{"count":0,"href":"https:\/\/nexgendecors.com\/es\/wp-json\/wp\/v2\/product\/156654\/revisions"}],"wp:featuredmedia":[{"embeddable":true,"href":"https:\/\/nexgendecors.com\/es\/wp-json\/wp\/v2\/media\/156653"}],"wp:attachment":[{"href":"https:\/\/nexgendecors.com\/es\/wp-json\/wp\/v2\/media?parent=156654"}],"wp:term":[{"taxonomy":"product_brand","embeddable":true,"href":"https:\/\/nexgendecors.com\/es\/wp-json\/wp\/v2\/product_brand?post=156654"},{"taxonomy":"product_cat","embeddable":true,"href":"https:\/\/nexgendecors.com\/es\/wp-json\/wp\/v2\/product_cat?post=156654"},{"taxonomy":"product_tag","embeddable":true,"href":"https:\/\/nexgendecors.com\/es\/wp-json\/wp\/v2\/product_tag?post=156654"}],"curies":[{"name":"wp","href":"https:\/\/api.w.org\/{rel}","templated":true}]}}