{"id":156668,"date":"2025-02-10T06:30:23","date_gmt":"2025-02-10T06:30:23","guid":{"rendered":"https:\/\/nexgendecors.com\/en\/product\/nordic-designer-creative-cipria-sofa-personality-sofa-chair-art-living-room-model-room-hotel-bear-paw-chair\/"},"modified":"2025-04-06T09:50:17","modified_gmt":"2025-04-06T09:50:17","slug":"nordic-designer-creative-cipria-sofa-personality-sofa-chair-art-living-room-model-room-hotel-bear-paw-chair","status":"publish","type":"product","link":"https:\/\/nexgendecors.com\/es\/product\/nordic-designer-creative-cipria-sofa-personality-sofa-chair-art-living-room-model-room-hotel-bear-paw-chair\/","title":{"rendered":"Sof\u00e1 Cipria: sill\u00f3n n\u00f3rdico con dise\u00f1o de pata de oso para un estilo de vida elegante"},"content":{"rendered":"<ul>\n<li><strong>marca<\/strong>:otro\/otro<\/li>\n<li><strong>modelo<\/strong>:sfy-100<\/li>\n<li><strong>estilo<\/strong>:Simple y moderno<\/li>\n<li><strong>\u00bfEs personalizable?<\/strong>:S\u00ed<\/li>\n<li><strong>Armar<\/strong>:No<\/li>\n<li><strong>Clientes objetivo<\/strong>:All people<\/li>\n<li><strong>ordenar por color<\/strong>:Purple, green, gray, custom colors contact customer service<\/li>\n<li><strong><\/strong>:<\/li>\n<\/ul>","protected":false},"excerpt":{"rendered":"<p>Marca: otro\/otro Modelo: sfy-100 Estilo: simple y moderno \u00bfEs personalizable?: s\u00ed Ensamblar: no Clientes objetivo: todas las personas Ordenar por color: morado, verde, gris, colores personalizados Contacto<\/p>","protected":false},"featured_media":156667,"comment_status":"open","ping_status":"closed","template":"","meta":[],"product_brand":[],"product_cat":[30811,30902,30892,30862,30846],"product_tag":[30891],"class_list":{"0":"post-156668","1":"product","2":"type-product","3":"status-publish","4":"has-post-thumbnail","6":"product_cat-armchairs","7":"product_cat-bs-chairs","8":"product_cat-export","9":"product_cat-wholesales-hotels","10":"product_cat-living-room","11":"product_tag-title-adjust","13":"first","14":"instock","15":"sale","16":"taxable","17":"shipping-taxable","18":"purchasable","19":"product-type-variable"},"_links":{"self":[{"href":"https:\/\/nexgendecors.com\/es\/wp-json\/wp\/v2\/product\/156668","targetHints":{"allow":["GET"]}}],"collection":[{"href":"https:\/\/nexgendecors.com\/es\/wp-json\/wp\/v2\/product"}],"about":[{"href":"https:\/\/nexgendecors.com\/es\/wp-json\/wp\/v2\/types\/product"}],"replies":[{"embeddable":true,"href":"https:\/\/nexgendecors.com\/es\/wp-json\/wp\/v2\/comments?post=156668"}],"version-history":[{"count":0,"href":"https:\/\/nexgendecors.com\/es\/wp-json\/wp\/v2\/product\/156668\/revisions"}],"wp:featuredmedia":[{"embeddable":true,"href":"https:\/\/nexgendecors.com\/es\/wp-json\/wp\/v2\/media\/156667"}],"wp:attachment":[{"href":"https:\/\/nexgendecors.com\/es\/wp-json\/wp\/v2\/media?parent=156668"}],"wp:term":[{"taxonomy":"product_brand","embeddable":true,"href":"https:\/\/nexgendecors.com\/es\/wp-json\/wp\/v2\/product_brand?post=156668"},{"taxonomy":"product_cat","embeddable":true,"href":"https:\/\/nexgendecors.com\/es\/wp-json\/wp\/v2\/product_cat?post=156668"},{"taxonomy":"product_tag","embeddable":true,"href":"https:\/\/nexgendecors.com\/es\/wp-json\/wp\/v2\/product_tag?post=156668"}],"curies":[{"name":"wp","href":"https:\/\/api.w.org\/{rel}","templated":true}]}}