{"id":156714,"date":"2025-02-10T06:33:43","date_gmt":"2025-02-10T06:33:43","guid":{"rendered":"https:\/\/nexgendecors.com\/en\/product\/designer-creative-bedside-table-bedroom-italian-minimalist-walnut-storage-side-cabinet-light-luxury-high-end-modern-simplicity\/"},"modified":"2025-04-06T09:50:25","modified_gmt":"2025-04-06T09:50:25","slug":"designer-creative-bedside-table-bedroom-italian-minimalist-walnut-storage-side-cabinet-light-luxury-high-end-modern-simplicity","status":"publish","type":"product","link":"https:\/\/nexgendecors.com\/es\/product\/designer-creative-bedside-table-bedroom-italian-minimalist-walnut-storage-side-cabinet-light-luxury-high-end-modern-simplicity\/","title":{"rendered":"Mesita de noche minimalista de nogal italiano: dise\u00f1o de lujo"},"content":{"rendered":"<ul>\n<li><strong>estilo<\/strong>:Simple y moderno<\/li>\n<li><strong>Armar<\/strong>:No<\/li>\n<li><strong>Ciudad<\/strong>:Foshan<\/li>\n<li><strong>Distritos y condados<\/strong>Distrito de Shunde<\/li>\n<li><strong>Ya sea con amortiguaci\u00f3n<\/strong>:S\u00ed<\/li>\n<li><strong>Material de acabado<\/strong>:Madera<\/li>\n<li><strong>Caracter\u00edsticas adicionales<\/strong>:Almacenamiento<\/li>\n<li><strong>Volumen de embalaje<\/strong>:2<\/li>\n<li><strong>Estructura del mobiliario<\/strong>:Estructura<\/li>\n<li><strong>Origen<\/strong>:Provincia de Guangdong<\/li>\n<li><strong>ordenar por color<\/strong>:Designer model [50CM original art bedside table]_Leonard, Designer model [45CM original art bedside table]_Leonard, Designer model [50CM original smoked color bedside table]_Leonard, Designer model [45CM original smoked color bedside table]_Leonard<\/li>\n<li><strong>Peso bruto<\/strong>:20<\/li>\n<li><strong>marca<\/strong>:Sin marca\/sin marca registrada<\/li>\n<li><strong>modelo<\/strong>:11<\/li>\n<li><strong>Ya sea con rodillo<\/strong>:No<\/li>\n<li><strong>Clientes objetivo<\/strong>:General<\/li>\n<li><strong>\u00bfEs personalizable?<\/strong>:S\u00ed<\/li>\n<li><strong>Funci\u00f3n<\/strong>:Almacenamiento<\/li>\n<li><strong>Material<\/strong>:Madera<\/li>\n<li><strong>Material de madera<\/strong>:otro<\/li>\n<li><strong>Detalles de las instrucciones de instalaci\u00f3n<\/strong>:No requiere instalaci\u00f3n<\/li>\n<li><strong>Instalaci\u00f3n<\/strong>:Completamente empaquetado, no requiere instalaci\u00f3n, listo para usar nada m\u00e1s sacarlo de la caja<\/li>\n<li><strong>patr\u00f3n<\/strong>:Otro<\/li>\n<li><strong>N\u00famero de secci\u00f3n de la gu\u00eda del caj\u00f3n<\/strong>:3 secciones<\/li>\n<li><strong>alto<\/strong>:600 mm o menos<\/li>\n<li><strong>Entrega\/instalaci\u00f3n disponible<\/strong>:Other, National<\/li>\n<li><strong>N\u00famero de puertas<\/strong>:Single door<\/li>\n<li><strong><\/strong>:<\/li>\n<\/ul>","protected":false},"excerpt":{"rendered":"<p>Estilo:Simple y moderno Ensamblaje:no Ciudad:Foshan Distritos y condados:Distrito de Shunde Ya sea con amortiguaci\u00f3n:s\u00ed Material de acabado:Madera Caracter\u00edsticas adicionales:Almacenamiento Volumen de embalaje:2 Estructura del mueble:Marco<\/p>","protected":false},"featured_media":156713,"comment_status":"open","ping_status":"closed","template":"","meta":[],"product_brand":[],"product_cat":[30858,30895,30892,30862,30867,30854],"product_tag":[30891],"class_list":{"0":"post-156714","1":"product","2":"type-product","3":"status-publish","4":"has-post-thumbnail","6":"product_cat-wholesale-bedroom","7":"product_cat-bs-bedroom","8":"product_cat-export","9":"product_cat-wholesales-hotels","10":"product_cat-nightstands","11":"product_cat-wholesale-side-table","12":"product_tag-title-adjust","14":"first","15":"instock","16":"taxable","17":"shipping-taxable","18":"purchasable","19":"product-type-variable"},"_links":{"self":[{"href":"https:\/\/nexgendecors.com\/es\/wp-json\/wp\/v2\/product\/156714","targetHints":{"allow":["GET"]}}],"collection":[{"href":"https:\/\/nexgendecors.com\/es\/wp-json\/wp\/v2\/product"}],"about":[{"href":"https:\/\/nexgendecors.com\/es\/wp-json\/wp\/v2\/types\/product"}],"replies":[{"embeddable":true,"href":"https:\/\/nexgendecors.com\/es\/wp-json\/wp\/v2\/comments?post=156714"}],"version-history":[{"count":0,"href":"https:\/\/nexgendecors.com\/es\/wp-json\/wp\/v2\/product\/156714\/revisions"}],"wp:featuredmedia":[{"embeddable":true,"href":"https:\/\/nexgendecors.com\/es\/wp-json\/wp\/v2\/media\/156713"}],"wp:attachment":[{"href":"https:\/\/nexgendecors.com\/es\/wp-json\/wp\/v2\/media?parent=156714"}],"wp:term":[{"taxonomy":"product_brand","embeddable":true,"href":"https:\/\/nexgendecors.com\/es\/wp-json\/wp\/v2\/product_brand?post=156714"},{"taxonomy":"product_cat","embeddable":true,"href":"https:\/\/nexgendecors.com\/es\/wp-json\/wp\/v2\/product_cat?post=156714"},{"taxonomy":"product_tag","embeddable":true,"href":"https:\/\/nexgendecors.com\/es\/wp-json\/wp\/v2\/product_tag?post=156714"}],"curies":[{"name":"wp","href":"https:\/\/api.w.org\/{rel}","templated":true}]}}