{"id":156726,"date":"2025-02-10T06:34:16","date_gmt":"2025-02-10T06:34:16","guid":{"rendered":"https:\/\/nexgendecors.com\/en\/product\/2024-new-mini-ultra-narrow-bedside-table-simple-modern-small-apartment-bedroom-storage-italian-minimalist-creative-paint\/"},"modified":"2025-04-06T09:50:28","modified_gmt":"2025-04-06T09:50:28","slug":"2024-new-mini-ultra-narrow-bedside-table-simple-modern-small-apartment-bedroom-storage-italian-minimalist-creative-paint","status":"publish","type":"product","link":"https:\/\/nexgendecors.com\/es\/product\/2024-new-mini-ultra-narrow-bedside-table-simple-modern-small-apartment-bedroom-storage-italian-minimalist-creative-paint\/","title":{"rendered":"Mesita de noche ultra estrecha minimalista italiana 2024"},"content":{"rendered":"<ul>\n<li><strong>estilo<\/strong>:Simple y moderno<\/li>\n<li><strong>Armar<\/strong>:No<\/li>\n<li><strong>Ciudad<\/strong>:Foshan<\/li>\n<li><strong>Distritos y condados<\/strong>Distrito de Shunde<\/li>\n<li><strong>Ya sea con amortiguaci\u00f3n<\/strong>:No<\/li>\n<li><strong>Material de acabado<\/strong>:Madera<\/li>\n<li><strong>Caracter\u00edsticas adicionales<\/strong>:Almacenamiento<\/li>\n<li><strong>Volumen de embalaje<\/strong>:1<\/li>\n<li><strong>Estructura del mobiliario<\/strong>:Estructura<\/li>\n<li><strong>Origen<\/strong>:Provincia de Guangdong<\/li>\n<li><strong>ordenar por color<\/strong>:off white<\/li>\n<li><strong>Peso bruto<\/strong>:20<\/li>\n<li><strong>marca<\/strong>:Otras casas<\/li>\n<li><strong>modelo<\/strong>:x01<\/li>\n<li><strong>tama\u00f1o<\/strong>:30x40x45cm,35x40x45cm,40x40x45cm<\/li>\n<li><strong>Ya sea con rodillo<\/strong>:No<\/li>\n<li><strong>Clientes objetivo<\/strong>:General<\/li>\n<li><strong>\u00bfEs personalizable?<\/strong>:S\u00ed<\/li>\n<li><strong>Funci\u00f3n<\/strong>:Almacenamiento<\/li>\n<li><strong>Material<\/strong>:otro<\/li>\n<li><strong>Detalles de las instrucciones de instalaci\u00f3n<\/strong>:No hay instrucciones de instalaci\u00f3n<\/li>\n<li><strong>Instalaci\u00f3n<\/strong>:Completamente empaquetado, no requiere instalaci\u00f3n, listo para usar nada m\u00e1s sacarlo de la caja<\/li>\n<li><strong>patr\u00f3n<\/strong>:Arte<\/li>\n<li><strong>N\u00famero de secci\u00f3n de la gu\u00eda del caj\u00f3n<\/strong>:3 secciones<\/li>\n<li><strong>alto<\/strong>:600 mm o menos<\/li>\n<li><strong>Entrega\/instalaci\u00f3n disponible<\/strong>:A escala nacional<\/li>\n<li><strong>N\u00famero de puertas<\/strong>:Single door<\/li>\n<li><strong><\/strong>:<\/li>\n<\/ul>","protected":false},"excerpt":{"rendered":"<p>Estilo:Simple y moderno Ensamblaje:no Ciudad:Foshan Distritos y condados:Distrito de Shunde Ya sea con amortiguaci\u00f3n:no Material de acabado:Madera Caracter\u00edsticas adicionales:Almacenamiento Volumen de embalaje:1 Estructura del mueble:Marco<\/p>","protected":false},"featured_media":156725,"comment_status":"open","ping_status":"closed","template":"","meta":[],"product_brand":[],"product_cat":[30858,30892,30862,30867,30854],"product_tag":[30891],"class_list":{"0":"post-156726","1":"product","2":"type-product","3":"status-publish","4":"has-post-thumbnail","6":"product_cat-wholesale-bedroom","7":"product_cat-export","8":"product_cat-wholesales-hotels","9":"product_cat-nightstands","10":"product_cat-wholesale-side-table","11":"product_tag-title-adjust","13":"first","14":"instock","15":"taxable","16":"shipping-taxable","17":"purchasable","18":"product-type-variable"},"_links":{"self":[{"href":"https:\/\/nexgendecors.com\/es\/wp-json\/wp\/v2\/product\/156726","targetHints":{"allow":["GET"]}}],"collection":[{"href":"https:\/\/nexgendecors.com\/es\/wp-json\/wp\/v2\/product"}],"about":[{"href":"https:\/\/nexgendecors.com\/es\/wp-json\/wp\/v2\/types\/product"}],"replies":[{"embeddable":true,"href":"https:\/\/nexgendecors.com\/es\/wp-json\/wp\/v2\/comments?post=156726"}],"version-history":[{"count":0,"href":"https:\/\/nexgendecors.com\/es\/wp-json\/wp\/v2\/product\/156726\/revisions"}],"wp:featuredmedia":[{"embeddable":true,"href":"https:\/\/nexgendecors.com\/es\/wp-json\/wp\/v2\/media\/156725"}],"wp:attachment":[{"href":"https:\/\/nexgendecors.com\/es\/wp-json\/wp\/v2\/media?parent=156726"}],"wp:term":[{"taxonomy":"product_brand","embeddable":true,"href":"https:\/\/nexgendecors.com\/es\/wp-json\/wp\/v2\/product_brand?post=156726"},{"taxonomy":"product_cat","embeddable":true,"href":"https:\/\/nexgendecors.com\/es\/wp-json\/wp\/v2\/product_cat?post=156726"},{"taxonomy":"product_tag","embeddable":true,"href":"https:\/\/nexgendecors.com\/es\/wp-json\/wp\/v2\/product_tag?post=156726"}],"curies":[{"name":"wp","href":"https:\/\/api.w.org\/{rel}","templated":true}]}}