{"id":156766,"date":"2025-02-10T06:36:11","date_gmt":"2025-02-10T06:36:11","guid":{"rendered":"https:\/\/nexgendecors.com\/en\/product\/2025-new-creative-design-solid-wood-modern-simple-light-luxury-high-end-home-bedroom-childrens-rotating-bedside-table\/"},"modified":"2025-04-06T09:50:33","modified_gmt":"2025-04-06T09:50:33","slug":"2025-new-creative-design-solid-wood-modern-simple-light-luxury-high-end-home-bedroom-childrens-rotating-bedside-table","status":"publish","type":"product","link":"https:\/\/nexgendecors.com\/es\/product\/2025-new-creative-design-solid-wood-modern-simple-light-luxury-high-end-home-bedroom-childrens-rotating-bedside-table\/","title":{"rendered":"Mesita de noche giratoria moderna de madera maciza 2025"},"content":{"rendered":"<ul>\n<li><strong>estilo<\/strong>:Simple y moderno<\/li>\n<li><strong>Armar<\/strong>:No<\/li>\n<li><strong>Ciudad<\/strong>:Wuhan<\/li>\n<li><strong>Distritos y condados<\/strong>:Distrito de Huangpi<\/li>\n<li><strong>Ya sea con amortiguaci\u00f3n<\/strong>:No<\/li>\n<li><strong>Material de acabado<\/strong>:Microfiber leather<\/li>\n<li><strong>Caracter\u00edsticas adicionales<\/strong>:Almacenamiento<\/li>\n<li><strong>Volumen de embalaje<\/strong>:0.1<\/li>\n<li><strong>Estructura del mobiliario<\/strong>:Estructura<\/li>\n<li><strong>Origen<\/strong>:Provincia de Hubei<\/li>\n<li><strong>ordenar por color<\/strong>:Khaki.jpg,Ballet pink.jpg,Off-white.jpg,Twilight orange.jpg,Avocado.jpg,Light gray.jpg,Light brown.jpg,Dark gray.jpg,Dark brown.jpg,Medium gray.jpg,Pure white.jpg,Pure black.jpg<\/li>\n<li><strong>Peso bruto<\/strong>:16<\/li>\n<li><strong>marca<\/strong>:Otras casas<\/li>\n<li><strong>modelo<\/strong>:X24<\/li>\n<li><strong>tama\u00f1o<\/strong>:50x40x50cm<\/li>\n<li><strong>Ya sea con rodillo<\/strong>:No<\/li>\n<li><strong>Clientes objetivo<\/strong>:General<\/li>\n<li><strong>\u00bfEs personalizable?<\/strong>:No<\/li>\n<li><strong>Funci\u00f3n<\/strong>:Almacenamiento<\/li>\n<li><strong>Material<\/strong>:Madera<\/li>\n<li><strong>Material de madera<\/strong>:Pino<\/li>\n<li><strong>Detalles de las instrucciones de instalaci\u00f3n<\/strong>:No requiere instalaci\u00f3n<\/li>\n<li><strong>Instalaci\u00f3n<\/strong>:Completamente empaquetado, no requiere instalaci\u00f3n, listo para usar nada m\u00e1s sacarlo de la caja<\/li>\n<li><strong>patr\u00f3n<\/strong>:Arte<\/li>\n<li><strong>N\u00famero de secci\u00f3n de la gu\u00eda del caj\u00f3n<\/strong>:3 secciones<\/li>\n<li><strong>alto<\/strong>:600 mm o menos<\/li>\n<li><strong>N\u00famero de puertas<\/strong>:Puerta doble<\/li>\n<li><strong><\/strong>:<\/li>\n<\/ul>","protected":false},"excerpt":{"rendered":"<p>Estilo:Simple y moderno Ensamblaje:no Ciudad:Wuhan Distritos y condados:Distrito de Huangpi Ya sea con amortiguaci\u00f3n:no Material de acabado:Cuero de microfibra Caracter\u00edsticas adicionales:Almacenamiento Volumen de embalaje:0.1 Muebles<\/p>","protected":false},"featured_media":156765,"comment_status":"open","ping_status":"closed","template":"","meta":[],"product_brand":[],"product_cat":[30858,30895,30892,30862,30867,30854],"product_tag":[30891],"class_list":{"0":"post-156766","1":"product","2":"type-product","3":"status-publish","4":"has-post-thumbnail","6":"product_cat-wholesale-bedroom","7":"product_cat-bs-bedroom","8":"product_cat-export","9":"product_cat-wholesales-hotels","10":"product_cat-nightstands","11":"product_cat-wholesale-side-table","12":"product_tag-title-adjust","14":"first","15":"instock","16":"taxable","17":"shipping-taxable","18":"purchasable","19":"product-type-variable"},"_links":{"self":[{"href":"https:\/\/nexgendecors.com\/es\/wp-json\/wp\/v2\/product\/156766","targetHints":{"allow":["GET"]}}],"collection":[{"href":"https:\/\/nexgendecors.com\/es\/wp-json\/wp\/v2\/product"}],"about":[{"href":"https:\/\/nexgendecors.com\/es\/wp-json\/wp\/v2\/types\/product"}],"replies":[{"embeddable":true,"href":"https:\/\/nexgendecors.com\/es\/wp-json\/wp\/v2\/comments?post=156766"}],"version-history":[{"count":0,"href":"https:\/\/nexgendecors.com\/es\/wp-json\/wp\/v2\/product\/156766\/revisions"}],"wp:featuredmedia":[{"embeddable":true,"href":"https:\/\/nexgendecors.com\/es\/wp-json\/wp\/v2\/media\/156765"}],"wp:attachment":[{"href":"https:\/\/nexgendecors.com\/es\/wp-json\/wp\/v2\/media?parent=156766"}],"wp:term":[{"taxonomy":"product_brand","embeddable":true,"href":"https:\/\/nexgendecors.com\/es\/wp-json\/wp\/v2\/product_brand?post=156766"},{"taxonomy":"product_cat","embeddable":true,"href":"https:\/\/nexgendecors.com\/es\/wp-json\/wp\/v2\/product_cat?post=156766"},{"taxonomy":"product_tag","embeddable":true,"href":"https:\/\/nexgendecors.com\/es\/wp-json\/wp\/v2\/product_tag?post=156766"}],"curies":[{"name":"wp","href":"https:\/\/api.w.org\/{rel}","templated":true}]}}