{"id":156797,"date":"2025-02-10T06:37:19","date_gmt":"2025-02-10T06:37:19","guid":{"rendered":"https:\/\/nexgendecors.com\/en\/product\/2025-modern-simple-light-luxury-high-end-home-bedroom-suspended-rotating-solid-wood-wood-grain-leather-bedside-table-storage-rack\/"},"modified":"2025-04-06T09:50:37","modified_gmt":"2025-04-06T09:50:37","slug":"mesita-de-noche-moderna-sencilla-ligera-de-lujo-de-alta-gama-para-dormitorio-suspendida-giratoria-de-madera-maciza-de-cuero-con-veta-de-madera-con-estante-de-almacenamiento","status":"publish","type":"product","link":"https:\/\/nexgendecors.com\/es\/product\/mesita-de-noche-moderna-sencilla-ligera-de-lujo-de-alta-gama-para-dormitorio-suspendida-giratoria-de-madera-maciza-de-cuero-con-veta-de-madera-con-estante-de-almacenamiento\/","title":{"rendered":"Mesita de noche de lujo de madera maciza y cuero 2025 con almacenamiento"},"content":{"rendered":"<ul>\n<li><strong>estilo<\/strong>:Estilo de lujo ligero<\/li>\n<li><strong>Armar<\/strong>:No<\/li>\n<li><strong>Ciudad<\/strong>:Wuhan<\/li>\n<li><strong>Distritos y condados<\/strong>:Distrito de Huangpi<\/li>\n<li><strong>Ya sea con amortiguaci\u00f3n<\/strong>:No<\/li>\n<li><strong>Material de acabado<\/strong>:cuero<\/li>\n<li><strong>Caracter\u00edsticas adicionales<\/strong>:Almacenamiento<\/li>\n<li><strong>Volumen de embalaje<\/strong>:0.1<\/li>\n<li><strong>Estructura del mobiliario<\/strong>:Estructura<\/li>\n<li><strong>Origen<\/strong>:Provincia de Hubei<\/li>\n<li><strong>ordenar por color<\/strong>:Cuero con veta de madera 803-10, cuero con veta de madera 502-5, cuero con veta de madera 803-11, cuero con veta de madera 801-8, cuero con veta de madera 802-1, cuero con veta de madera 802-4, cuero con veta de madera 803-5, estilo giratorio, pedido de servicio al cliente, color personalizado, luego solicita estos servicios al cliente, pedido de consulta de color personalizado<\/li>\n<li><strong>Peso bruto<\/strong>:18<\/li>\n<li><strong>marca<\/strong>:Otras casas<\/li>\n<li><strong>modelo<\/strong>:X25<\/li>\n<li><strong>tama\u00f1o<\/strong>:50x40x50cm<\/li>\n<li><strong>Ya sea con rodillo<\/strong>:No<\/li>\n<li><strong>Clientes objetivo<\/strong>:General<\/li>\n<li><strong>\u00bfEs personalizable?<\/strong>:No<\/li>\n<li><strong>Funci\u00f3n<\/strong>:Almacenamiento<\/li>\n<li><strong>Material<\/strong>:Madera<\/li>\n<li><strong>Material de madera<\/strong>:Pino<\/li>\n<li><strong>Detalles de las instrucciones de instalaci\u00f3n<\/strong>:No requiere instalaci\u00f3n<\/li>\n<li><strong>Instalaci\u00f3n<\/strong>:Completamente empaquetado, no requiere instalaci\u00f3n, listo para usar nada m\u00e1s sacarlo de la caja<\/li>\n<li><strong>patr\u00f3n<\/strong>:Arte<\/li>\n<li><strong>N\u00famero de secci\u00f3n de la gu\u00eda del caj\u00f3n<\/strong>:3 secciones<\/li>\n<li><strong>alto<\/strong>:600 mm o menos<\/li>\n<li><strong>N\u00famero de puertas<\/strong>:3 puertas<\/li>\n<li><strong><\/strong>:<\/li>\n<\/ul>","protected":false},"excerpt":{"rendered":"<p>Estilo: Estilo de lujo ligero Ensamblaje: no Ciudad: Wuhan Distritos y condados: Distrito de Huangpi Ya sea con amortiguaci\u00f3n: no Material de acabado: cuero Caracter\u00edsticas adicionales: Almacenamiento Volumen de embalaje: 0.1 Estructura del mueble: Marco<\/p>","protected":false},"featured_media":156796,"comment_status":"open","ping_status":"closed","template":"","meta":[],"product_brand":[],"product_cat":[30858,30892,30862,30867,30854],"product_tag":[30891],"class_list":{"0":"post-156797","1":"product","2":"type-product","3":"status-publish","4":"has-post-thumbnail","6":"product_cat-wholesale-bedroom","7":"product_cat-export","8":"product_cat-wholesales-hotels","9":"product_cat-nightstands","10":"product_cat-wholesale-side-table","11":"product_tag-title-adjust","13":"first","14":"instock","15":"taxable","16":"shipping-taxable","17":"purchasable","18":"product-type-variable"},"_links":{"self":[{"href":"https:\/\/nexgendecors.com\/es\/wp-json\/wp\/v2\/product\/156797","targetHints":{"allow":["GET"]}}],"collection":[{"href":"https:\/\/nexgendecors.com\/es\/wp-json\/wp\/v2\/product"}],"about":[{"href":"https:\/\/nexgendecors.com\/es\/wp-json\/wp\/v2\/types\/product"}],"replies":[{"embeddable":true,"href":"https:\/\/nexgendecors.com\/es\/wp-json\/wp\/v2\/comments?post=156797"}],"version-history":[{"count":0,"href":"https:\/\/nexgendecors.com\/es\/wp-json\/wp\/v2\/product\/156797\/revisions"}],"wp:featuredmedia":[{"embeddable":true,"href":"https:\/\/nexgendecors.com\/es\/wp-json\/wp\/v2\/media\/156796"}],"wp:attachment":[{"href":"https:\/\/nexgendecors.com\/es\/wp-json\/wp\/v2\/media?parent=156797"}],"wp:term":[{"taxonomy":"product_brand","embeddable":true,"href":"https:\/\/nexgendecors.com\/es\/wp-json\/wp\/v2\/product_brand?post=156797"},{"taxonomy":"product_cat","embeddable":true,"href":"https:\/\/nexgendecors.com\/es\/wp-json\/wp\/v2\/product_cat?post=156797"},{"taxonomy":"product_tag","embeddable":true,"href":"https:\/\/nexgendecors.com\/es\/wp-json\/wp\/v2\/product_tag?post=156797"}],"curies":[{"name":"wp","href":"https:\/\/api.w.org\/{rel}","templated":true}]}}