{"id":156839,"date":"2025-02-10T06:39:27","date_gmt":"2025-02-10T06:39:27","guid":{"rendered":"https:\/\/nexgendecors.com\/en\/product\/second-hand-solid-wood-leisure-chair-retro-leather-single-sofa-chair-designer-tea-chair-newspaper-chair-rest-sofa\/"},"modified":"2025-04-06T09:50:43","modified_gmt":"2025-04-06T09:50:43","slug":"silla-de-ocio-de-madera-maciza-de-segunda-mano-sillon-individual-de-cuero-retro-sillon-de-te-de-diseno-sillon-de-periodico-sofa-de-descanso","status":"publish","type":"product","link":"https:\/\/nexgendecors.com\/es\/product\/silla-de-ocio-de-madera-maciza-de-segunda-mano-sillon-individual-de-cuero-retro-sillon-de-te-de-diseno-sillon-de-periodico-sofa-de-descanso\/","title":{"rendered":"Sill\u00f3n retro de madera maciza y cuero \u2013 Silla de t\u00e9 de dise\u00f1o"},"content":{"rendered":"<ul>\n<li><strong>marca<\/strong>:Otras casas<\/li>\n<li><strong>modelo<\/strong>:CD-011<\/li>\n<li><strong>estilo<\/strong>:Europa del Norte<\/li>\n<li><strong>\u00bfEs personalizable?<\/strong>:No<\/li>\n<li><strong>Armar<\/strong>:S\u00ed<\/li>\n<li><strong>Material<\/strong>:Ceniza<\/li>\n<li><strong>Clientes objetivo<\/strong>:General<\/li>\n<li><strong>Posicionamiento de estilo<\/strong>:Lujo de calidad<\/li>\n<li><strong>ordenar por color<\/strong>:001 silla marr\u00f3n, 001 silla negra, 002 silla marr\u00f3n, 001 combinaci\u00f3n de silla marr\u00f3n, 001 silla marr\u00f3n primera capa de piel de vaca, 001 silla negra primera capa de piel de vaca, 002 silla marr\u00f3n primera capa de piel de vaca, 001 combinaci\u00f3n de silla marr\u00f3n primera capa de piel de vaca<\/li>\n<li><strong><\/strong>:<\/li>\n<\/ul>","protected":false},"excerpt":{"rendered":"<p>marca:Other Homes modelo:CD-011 estilo:Norte de Europa \u00bfEs personalizable?:no Ensamblar:si Material:Fresno Clientes objetivo:General Posicionamiento de estilo:Lujo de calidad ordenar por color:001 silla marr\u00f3n,<\/p>","protected":false},"featured_media":156838,"comment_status":"open","ping_status":"closed","template":"","meta":[],"product_brand":[],"product_cat":[30811,30858,30892,30862,30846],"product_tag":[30891],"class_list":{"0":"post-156839","1":"product","2":"type-product","3":"status-publish","4":"has-post-thumbnail","6":"product_cat-armchairs","7":"product_cat-wholesale-bedroom","8":"product_cat-export","9":"product_cat-wholesales-hotels","10":"product_cat-living-room","11":"product_tag-title-adjust","13":"first","14":"instock","15":"sale","16":"taxable","17":"shipping-taxable","18":"purchasable","19":"product-type-variable"},"_links":{"self":[{"href":"https:\/\/nexgendecors.com\/es\/wp-json\/wp\/v2\/product\/156839","targetHints":{"allow":["GET"]}}],"collection":[{"href":"https:\/\/nexgendecors.com\/es\/wp-json\/wp\/v2\/product"}],"about":[{"href":"https:\/\/nexgendecors.com\/es\/wp-json\/wp\/v2\/types\/product"}],"replies":[{"embeddable":true,"href":"https:\/\/nexgendecors.com\/es\/wp-json\/wp\/v2\/comments?post=156839"}],"version-history":[{"count":0,"href":"https:\/\/nexgendecors.com\/es\/wp-json\/wp\/v2\/product\/156839\/revisions"}],"wp:featuredmedia":[{"embeddable":true,"href":"https:\/\/nexgendecors.com\/es\/wp-json\/wp\/v2\/media\/156838"}],"wp:attachment":[{"href":"https:\/\/nexgendecors.com\/es\/wp-json\/wp\/v2\/media?parent=156839"}],"wp:term":[{"taxonomy":"product_brand","embeddable":true,"href":"https:\/\/nexgendecors.com\/es\/wp-json\/wp\/v2\/product_brand?post=156839"},{"taxonomy":"product_cat","embeddable":true,"href":"https:\/\/nexgendecors.com\/es\/wp-json\/wp\/v2\/product_cat?post=156839"},{"taxonomy":"product_tag","embeddable":true,"href":"https:\/\/nexgendecors.com\/es\/wp-json\/wp\/v2\/product_tag?post=156839"}],"curies":[{"name":"wp","href":"https:\/\/api.w.org\/{rel}","templated":true}]}}