{"id":157081,"date":"2025-02-10T07:00:50","date_gmt":"2025-02-10T07:00:50","guid":{"rendered":"https:\/\/nexgendecors.com\/en\/product\/light-luxury-living-room-balcony-curved-sofa-small-apartment-chaise-lounge-beauty-salon-clothing-barber-shop-waiting-area\/"},"modified":"2025-04-06T09:51:13","modified_gmt":"2025-04-06T09:51:13","slug":"light-luxury-living-room-balcony-curved-sofa-small-apartment-chaise-lounge-beauty-salon-clothing-barber-shop-waiting-area","status":"publish","type":"product","link":"https:\/\/nexgendecors.com\/es\/product\/light-luxury-living-room-balcony-curved-sofa-small-apartment-chaise-lounge-beauty-salon-clothing-barber-shop-waiting-area\/","title":{"rendered":"Sof\u00e1 curvo para sala de estar y sal\u00f3n de lujo con iluminaci\u00f3n"},"content":{"rendered":"<ul>\n<li><strong>marca<\/strong>:#0 F\u00e1brica<\/li>\n<li><strong>modelo<\/strong>:SF-55<\/li>\n<li><strong>Elementos populares<\/strong>:Extranjero<\/li>\n<li><strong>\u00bfHay espacio de almacenamiento?<\/strong>:No<\/li>\n<li><strong>estilo<\/strong>:Moderno y sencillo<\/li>\n<li><strong>Armar<\/strong>:No<\/li>\n<li><strong>Dureza del relleno<\/strong>:suave<\/li>\n<li><strong>Tela<\/strong>:Tejidos compuestos<\/li>\n<li><strong>Clientes objetivo<\/strong>:Adultos<\/li>\n<li><strong>Distritos y condados<\/strong>:Nan&#8217;an City<\/li>\n<li><strong>Tecnolog\u00eda estructural<\/strong>:Artesan\u00eda en madera<\/li>\n<li><strong>Tecnolog\u00eda de estructura de madera<\/strong>:otro<\/li>\n<li><strong>Ciudad<\/strong>:Ciudad de Quanzhou<\/li>\n<li><strong>Caracter\u00edsticas adicionales<\/strong>:Otro<\/li>\n<li><strong>\u00bfEs personalizable?<\/strong>:S\u00ed<\/li>\n<li><strong>Relleno<\/strong>:esponja<\/li>\n<li><strong>Combinaci\u00f3n de sof\u00e1s<\/strong>:arco<\/li>\n<li><strong>\u00bfEs desmontable y lavable?<\/strong>:No<\/li>\n<li><strong>Material<\/strong>:Madera<\/li>\n<li><strong>Material de madera<\/strong>:Pino<\/li>\n<li><strong>Origen<\/strong>:Provincia de Fujian<\/li>\n<li><strong>patr\u00f3n<\/strong>:Otro<\/li>\n<li><strong>Posicionamiento de estilo<\/strong>:Estilo art\u00edstico<\/li>\n<li><strong>Entrega\/instalaci\u00f3n disponible<\/strong>: Foshan, Zhengzhou, Guiyang, Guangzhou, Fuzhou, Harbin, Xiamen, Chongqing, Changzhou, Suzhou, Xi&#039;an, Shenzhen, Nanjing, Beijing, Wuxi, Qingdao, Changsha, Chengdu, Shanghai, Wuhan, Nanning, Shenyang, Dalian, Taizhou, Dongguan, Tianjin, Otros, Jinhua, Hangzhou, Ningbo, Nanchang, Wenzhou<\/li>\n<li><strong>ordenar por color<\/strong>:Off-white 170cm, Off-white 200cm, Off-white 240cm, Black 170cm, Black 200cm, Black 240cm, Off-white 200cm with side table, Off-white 240cm with side table, Black 200cm with side table, Black 240cm with side table, A single seat, B single seat, support customization\/customization please contact customer service<\/li>\n<li><strong><\/strong>:<\/li>\n<\/ul>","protected":false},"excerpt":{"rendered":"<p>Marca: #0 Modelo de f\u00e1brica: SF-55 Elementos populares: Alien \u00bfHay espacio de almacenamiento?: no Estilo: moderno y sencillo Ensamblaje: no Dureza del relleno: suave Tela: telas compuestas Clientes objetivo: adultos Distritos<\/p>","protected":false},"featured_media":157095,"comment_status":"open","ping_status":"closed","template":"","meta":[],"product_brand":[],"product_cat":[30858,30892,30862,30846,30873,30890],"product_tag":[30891],"class_list":{"0":"post-157081","1":"product","2":"type-product","3":"status-publish","4":"has-post-thumbnail","6":"product_cat-wholesale-bedroom","7":"product_cat-export","8":"product_cat-wholesales-hotels","9":"product_cat-living-room","10":"product_cat-sofa","11":"product_cat-sofas-fav","12":"product_tag-title-adjust","14":"first","15":"instock","16":"taxable","17":"shipping-taxable","18":"purchasable","19":"product-type-variable"},"_links":{"self":[{"href":"https:\/\/nexgendecors.com\/es\/wp-json\/wp\/v2\/product\/157081","targetHints":{"allow":["GET"]}}],"collection":[{"href":"https:\/\/nexgendecors.com\/es\/wp-json\/wp\/v2\/product"}],"about":[{"href":"https:\/\/nexgendecors.com\/es\/wp-json\/wp\/v2\/types\/product"}],"replies":[{"embeddable":true,"href":"https:\/\/nexgendecors.com\/es\/wp-json\/wp\/v2\/comments?post=157081"}],"version-history":[{"count":0,"href":"https:\/\/nexgendecors.com\/es\/wp-json\/wp\/v2\/product\/157081\/revisions"}],"wp:featuredmedia":[{"embeddable":true,"href":"https:\/\/nexgendecors.com\/es\/wp-json\/wp\/v2\/media\/157095"}],"wp:attachment":[{"href":"https:\/\/nexgendecors.com\/es\/wp-json\/wp\/v2\/media?parent=157081"}],"wp:term":[{"taxonomy":"product_brand","embeddable":true,"href":"https:\/\/nexgendecors.com\/es\/wp-json\/wp\/v2\/product_brand?post=157081"},{"taxonomy":"product_cat","embeddable":true,"href":"https:\/\/nexgendecors.com\/es\/wp-json\/wp\/v2\/product_cat?post=157081"},{"taxonomy":"product_tag","embeddable":true,"href":"https:\/\/nexgendecors.com\/es\/wp-json\/wp\/v2\/product_tag?post=157081"}],"curies":[{"name":"wp","href":"https:\/\/api.w.org\/{rel}","templated":true}]}}