{"id":157350,"date":"2025-02-10T07:07:03","date_gmt":"2025-02-10T07:07:03","guid":{"rendered":"https:\/\/nexgendecors.com\/en\/product\/living-room-designer-special-shaped-bent-pipe-simple-creative-nordic-single-dining-chair-fiberglass-rainbow-leisure-balcony-chair\/"},"modified":"2025-04-06T09:51:33","modified_gmt":"2025-04-06T09:51:33","slug":"living-room-designer-special-shaped-bent-pipe-simple-creative-nordic-single-dining-chair-fiberglass-rainbow-leisure-balcony-chair","status":"publish","type":"product","link":"https:\/\/nexgendecors.com\/es\/product\/living-room-designer-special-shaped-bent-pipe-simple-creative-nordic-single-dining-chair-fiberglass-rainbow-leisure-balcony-chair\/","title":{"rendered":"Silla de comedor n\u00f3rdica arco\u00edris de fibra de vidrio \u2013 Dise\u00f1o creativo"},"content":{"rendered":"<ul>\n<li><strong>marca<\/strong>:OLIELAN\/Olilan<\/li>\n<li><strong>modelo<\/strong>:yeo<\/li>\n<li><strong>Material<\/strong>:Fibra de vidrio<\/li>\n<li><strong>Elementos populares<\/strong>:Metal, Special Shape, Master Design<\/li>\n<li><strong>ordenar por color<\/strong>:Multicolor large size, color-hopping large size, pedal, blue large size, red large size, red small size, color-hopping small size, small size<\/li>\n<li><strong>\u00bfEs personalizable?<\/strong>:S\u00ed<\/li>\n<li><strong>Origen<\/strong>:Provincia de Guangdong<\/li>\n<li><strong>Ciudad<\/strong>:Ciudad de Huizhou<\/li>\n<li><strong>Distritos y condados<\/strong>:Distrito de Huiyang<\/li>\n<li><strong>\u00bfHay taxi disponible para transporte?<\/strong>:No<\/li>\n<li><strong>Posicionamiento de estilo<\/strong>:Estilo art\u00edstico<\/li>\n<li><strong><\/strong>:<\/li>\n<\/ul>","protected":false},"excerpt":{"rendered":"<p>Marca: OLIELAN\/Olilan Modelo: Yeo Material: Fibra de vidrio Elementos populares: Metal, Forma especial, Dise\u00f1o maestro Ordenar por color: Multicolor tama\u00f1o grande, color-hopping tama\u00f1o grande, pedal, azul grande<\/p>","protected":false},"featured_media":157349,"comment_status":"open","ping_status":"closed","template":"","meta":[],"product_brand":[],"product_cat":[30811,30902,30892,30862,30846,30860],"product_tag":[30891],"class_list":{"0":"post-157350","1":"product","2":"type-product","3":"status-publish","4":"has-post-thumbnail","6":"product_cat-armchairs","7":"product_cat-bs-chairs","8":"product_cat-export","9":"product_cat-wholesales-hotels","10":"product_cat-living-room","11":"product_cat-wholesale-restaurant","12":"product_tag-title-adjust","14":"first","15":"instock","16":"sale","17":"taxable","18":"shipping-taxable","19":"purchasable","20":"product-type-variable"},"_links":{"self":[{"href":"https:\/\/nexgendecors.com\/es\/wp-json\/wp\/v2\/product\/157350","targetHints":{"allow":["GET"]}}],"collection":[{"href":"https:\/\/nexgendecors.com\/es\/wp-json\/wp\/v2\/product"}],"about":[{"href":"https:\/\/nexgendecors.com\/es\/wp-json\/wp\/v2\/types\/product"}],"replies":[{"embeddable":true,"href":"https:\/\/nexgendecors.com\/es\/wp-json\/wp\/v2\/comments?post=157350"}],"version-history":[{"count":0,"href":"https:\/\/nexgendecors.com\/es\/wp-json\/wp\/v2\/product\/157350\/revisions"}],"wp:featuredmedia":[{"embeddable":true,"href":"https:\/\/nexgendecors.com\/es\/wp-json\/wp\/v2\/media\/157349"}],"wp:attachment":[{"href":"https:\/\/nexgendecors.com\/es\/wp-json\/wp\/v2\/media?parent=157350"}],"wp:term":[{"taxonomy":"product_brand","embeddable":true,"href":"https:\/\/nexgendecors.com\/es\/wp-json\/wp\/v2\/product_brand?post=157350"},{"taxonomy":"product_cat","embeddable":true,"href":"https:\/\/nexgendecors.com\/es\/wp-json\/wp\/v2\/product_cat?post=157350"},{"taxonomy":"product_tag","embeddable":true,"href":"https:\/\/nexgendecors.com\/es\/wp-json\/wp\/v2\/product_tag?post=157350"}],"curies":[{"name":"wp","href":"https:\/\/api.w.org\/{rel}","templated":true}]}}