{"id":15753,"date":"2025-01-13T06:53:39","date_gmt":"2025-01-13T06:53:39","guid":{"rendered":"https:\/\/nexgendecors.com\/product\/gray-household-toilet-water-saving-small-household-flush-siphon-ceramic-new-color-personality-simple-seat-toilet\/"},"modified":"2025-04-06T07:39:03","modified_gmt":"2025-04-06T07:39:03","slug":"inodoro-domestico-gris-ahorrador-de-agua-pequeno-sifon-de-descarga-domestico-de-ceramica-nuevo-color-personalidad-inodoro-de-asiento-simple","status":"publish","type":"product","link":"https:\/\/nexgendecors.com\/es\/product\/inodoro-domestico-gris-ahorrador-de-agua-pequeno-sifon-de-descarga-domestico-de-ceramica-nuevo-color-personalidad-inodoro-de-asiento-simple\/","title":{"rendered":"Inodoro Super Swirl de cer\u00e1mica gris con dise\u00f1o de doble descarga"},"content":{"rendered":"<p>Mejore su ba\u00f1o con el sofisticado y eficiente inodoro sif\u00f3nico de una pieza de doble descarga Super Swirl de cer\u00e1mica gris. Dise\u00f1ado tanto para uso dom\u00e9stico como hotelero, este inodoro creativo ofrece:<\/p>\n<p>??? <strong>Descarga sif\u00f3nica Super Swirl:<\/strong> La tecnolog\u00eda de descarga potente y eficiente garantiza una limpieza profunda y silenciosa con cada uso, reduciendo el uso de agua y manteniendo la higiene.<\/p>\n<p>?? <strong>Operaci\u00f3n de silencio:<\/strong> Dise\u00f1ado para una descarga silenciosa, brindando una experiencia de ba\u00f1o tranquila y discreta, ideal tanto para hogares como para hoteles.<\/p>\n<p>?? <strong>Dise\u00f1o de una sola pieza:<\/strong> Elegante y sin costuras, la construcci\u00f3n de una sola pieza agrega un toque moderno a su ba\u00f1o al tiempo que garantiza una f\u00e1cil limpieza y mantenimiento.<\/p>\n<p>?? <strong>Sistema de doble descarga:<\/strong> Elija entre una descarga completa o media descarga para conservar el agua, lo que lo convierte en una soluci\u00f3n ecol\u00f3gica y rentable.<\/p>\n<p>?? <strong>Caracter\u00edstica desodorizante:<\/strong> Sistema desodorizante incorporado para mantener su ba\u00f1o fresco y libre de olores desagradables.<\/p>\n<p>? <strong>Cer\u00e1mica gris elegante:<\/strong> El sofisticado acabado cer\u00e1mico gris a\u00f1ade un toque de lujo y estilo, combin\u00e1ndose perfectamente con la decoraci\u00f3n de cualquier ba\u00f1o.<\/p>\n<p>?? <strong>Duradero y de larga duraci\u00f3n:<\/strong> La construcci\u00f3n de cer\u00e1mica de alta calidad garantiza durabilidad y confiabilidad a largo plazo.<\/p>\n<p>Transforme su ba\u00f1o con el inodoro sif\u00f3nico de una pieza de doble descarga Super Swirl de cer\u00e1mica gris. Combinando un dise\u00f1o moderno con una funcionalidad avanzada, este inodoro es el complemento perfecto para cualquier ba\u00f1o de casa o hotel, ofreciendo una soluci\u00f3n silenciosa, eficiente y elegante.<\/p>\n<ul>\n<li>\n<strong>marca<\/strong>:Manglis<\/li>\n<li>\n<strong>modelo<\/strong>:MG-598<\/li>\n<li>\n<strong>Distancia m\u00ednima entre boxes<\/strong>:Otro\/otro,400 mm,305 mm,350 mm<\/li>\n<li>\n<strong>Nivel de eficiencia del agua<\/strong>:Nivel 1<\/li>\n<li>\n<strong>provincia<\/strong>:Provincia de Guangdong<\/li>\n<li>\n<strong>ciudad<\/strong>:Ciudad de Chaozhou<\/li>\n<li>\n<strong>Servicio en la ciudad<\/strong>:Log\u00edstica intraurbana de entrega puerta a puerta<\/li>\n<li>\n<strong>Volumen de descarga del inodoro<\/strong>:3\/4,5L<\/li>\n<li>\n<strong>Tipo de bot\u00f3n de descarga<\/strong>:Presione en ambos extremos<\/li>\n<li>\n<strong>Origen<\/strong>:China continental<\/li>\n<li>\n<strong>\u00bfLa cubierta est\u00e1 amortiguada?<\/strong>:S\u00ed<\/li>\n<li>\n<strong>Tipo de inodoro<\/strong>:Una pieza<\/li>\n<li>\n<strong>Material<\/strong>:cer\u00e1mica<\/li>\n<li>\n<strong>M\u00e9todo de descarga del inodoro<\/strong>:Sif\u00f3n de gravedad<\/li>\n<li>\n<strong>M\u00e9todo de drenaje<\/strong>:Drenaje del suelo<\/li>\n<li>\n<strong>Soporte de carga<\/strong>:70 kg y m\u00e1s<\/li>\n<li>\n<strong>Instalaci\u00f3n<\/strong>:Marca<\/li>\n<li>\n<strong>ordenar por color<\/strong>:[8.0] Vestido hui de drag\u00f3n gris dorado, [8.0] Vestido hui de drag\u00f3n gris puro, vestido cheongsam redondo gris dorado, vestido cheongsam redondo gris puro, vestido cheongsam cuadrado gris dorado, vestido hui de drag\u00f3n dorado blanco, vestido cheongsam redondo dorado blanco, vestido cheongsam cuadrado dorado blanco, vestido cheongsam redondo gris blanco, vestido cheongsam cuadrado gris blanco<\/li>\n<\/ul>","protected":false},"excerpt":{"rendered":"<p>Mejore su ba\u00f1o con el sofisticado y eficiente inodoro sif\u00f3nico de una pieza de doble descarga Super Swirl de cer\u00e1mica gris. Dise\u00f1ado para...<\/p>","protected":false},"featured_media":16539,"comment_status":"open","ping_status":"closed","template":"","meta":[],"product_brand":[],"product_cat":[30971,353],"product_tag":[30972],"class_list":{"0":"post-15753","1":"product","2":"type-product","3":"status-publish","4":"has-post-thumbnail","6":"product_cat-hp","7":"product_cat-wholesale-toilet","8":"product_tag-wholesale","10":"first","11":"instock","12":"taxable","13":"shipping-taxable","14":"purchasable","15":"product-type-variable"},"_links":{"self":[{"href":"https:\/\/nexgendecors.com\/es\/wp-json\/wp\/v2\/product\/15753","targetHints":{"allow":["GET"]}}],"collection":[{"href":"https:\/\/nexgendecors.com\/es\/wp-json\/wp\/v2\/product"}],"about":[{"href":"https:\/\/nexgendecors.com\/es\/wp-json\/wp\/v2\/types\/product"}],"replies":[{"embeddable":true,"href":"https:\/\/nexgendecors.com\/es\/wp-json\/wp\/v2\/comments?post=15753"}],"version-history":[{"count":0,"href":"https:\/\/nexgendecors.com\/es\/wp-json\/wp\/v2\/product\/15753\/revisions"}],"wp:featuredmedia":[{"embeddable":true,"href":"https:\/\/nexgendecors.com\/es\/wp-json\/wp\/v2\/media\/16539"}],"wp:attachment":[{"href":"https:\/\/nexgendecors.com\/es\/wp-json\/wp\/v2\/media?parent=15753"}],"wp:term":[{"taxonomy":"product_brand","embeddable":true,"href":"https:\/\/nexgendecors.com\/es\/wp-json\/wp\/v2\/product_brand?post=15753"},{"taxonomy":"product_cat","embeddable":true,"href":"https:\/\/nexgendecors.com\/es\/wp-json\/wp\/v2\/product_cat?post=15753"},{"taxonomy":"product_tag","embeddable":true,"href":"https:\/\/nexgendecors.com\/es\/wp-json\/wp\/v2\/product_tag?post=15753"}],"curies":[{"name":"wp","href":"https:\/\/api.w.org\/{rel}","templated":true}]}}