{"id":157564,"date":"2025-02-10T13:26:37","date_gmt":"2025-02-10T13:26:37","guid":{"rendered":"https:\/\/nexgendecors.com\/en\/product\/jeaek-italian-minimalist-leather-bed-modern-tofu-block-bed-simple-master-bedroom-bed-designer-soft-double-bed\/"},"modified":"2025-04-06T09:51:55","modified_gmt":"2025-04-06T09:51:55","slug":"cama-minimalista-italiana-de-cuero-jeaek-moderna-cama-con-bloques-de-tofu-cama-principal-sencilla-cama-doble-suave-de-diseno","status":"publish","type":"product","link":"https:\/\/nexgendecors.com\/es\/product\/cama-minimalista-italiana-de-cuero-jeaek-moderna-cama-con-bloques-de-tofu-cama-principal-sencilla-cama-doble-suave-de-diseno\/","title":{"rendered":"Cama minimalista italiana de cuero Jeaek"},"content":{"rendered":"<ul>\n<li><strong>marca<\/strong>:JEAEK muebles residenciales<\/li>\n<li><strong>modelo<\/strong>:J092<\/li>\n<li><strong>Material<\/strong>:Madera<\/li>\n<li><strong>estilo<\/strong>:minimalismo italiano<\/li>\n<li><strong>forma<\/strong>:Cuadrado<\/li>\n<li><strong>tama\u00f1o<\/strong>:1500 mm x 2000 mm 1800 mm x 2000 mm<\/li>\n<li><strong>N\u00famero de personas aplicable<\/strong>:2 personas<\/li>\n<li><strong>ordenar por color<\/strong>:Cama de piel de vaca importada de capa superior serie Sprinkle Cama de piel de vaca importada de capa superior + 1 armario Cama de piel de vaca importada de capa superior + dos armarios Cama de piel de vaca importada de capa superior + colch\u00f3n de protecci\u00f3n para la columna vertebral de palma de coco y cachemira Cama de piel de vaca importada de capa superior + colch\u00f3n de l\u00e1tex de iones de plata de cinco estrellas Cama de piel de vaca importada de capa superior + colch\u00f3n de doble cara de Tencel importado de siete estrellas Cama de piel de vaca importada de capa superior + 1 armario + colch\u00f3n de protecci\u00f3n para la columna vertebral de palma de coco y cachemira Cama de piel de vaca importada de capa superior + dos armarios + colch\u00f3n de protecci\u00f3n para la columna vertebral de palma de coco y cachemira Cama de piel de vaca importada de capa superior + 1 armario + colch\u00f3n de l\u00e1tex de iones de plata de cinco estrellas Cama de piel de vaca importada de capa superior + dos armarios + colch\u00f3n de l\u00e1tex de iones de plata de cinco estrellas Cama de piel de vaca importada de capa superior + 1 armario + colch\u00f3n de doble cara de Tencel importado de siete estrellas Cama de piel de vaca importada de capa superior + dos armarios + colch\u00f3n de doble cara de Tencel importado de siete estrellas [Soportes [Color, tama\u00f1o, personalizaci\u00f3n de almacenamiento de presi\u00f3n de aire] Para obtener m\u00e1s detalles, consulte con el asesor de jeaek home para la personalizaci\u00f3n [Tablero de cama de madera maciza silenciosa 3D importado] Para obtener m\u00e1s detalles, consulte con el asesor de jeaek home<\/li>\n<li><strong>\u00bfEs personalizable?<\/strong>:S\u00ed<\/li>\n<li><strong>Si se debe brindar soporte blando<\/strong>:S\u00ed<\/li>\n<li><strong>Caracter\u00edsticas adicionales<\/strong>:Otro<\/li>\n<li><strong>\u00bfHay espacio de almacenamiento?<\/strong>:No<\/li>\n<li><strong>Estructura del mobiliario<\/strong>:Estructura<\/li>\n<li><strong>Artesan\u00eda del cuero<\/strong>:Realce<\/li>\n<li><strong>Material de cuero<\/strong>:Piel genuina<\/li>\n<li><strong>Tipo de cuero<\/strong>:Superficie de contacto de cuero<\/li>\n<li><strong>Entrega\/instalaci\u00f3n disponible<\/strong>:Beijing Nanchang Harbin Dalian Shenyang Xi&#039;an Guiyang Zhengzhou Jinhua Changsha Changzhou Chengdu Dongguan Foshan Foshan Guangzhou Hangzhou Nanjing Nanning Ningbo Qingdao Shanghai Shenzhen Suzhou Taizhou Tianjin Wenzhou Wuxi Wuhan Xiamen Chongqing<\/li>\n<li><strong>Volumen de embalaje<\/strong>:1<\/li>\n<\/ul>","protected":false},"excerpt":{"rendered":"<p>brand:JEAEK residential furniture model:J092 Material:Wood style:Italian minimalism shape:Square size:1500mm*2000mm 1800mm*2000mm Applicable number of people:2 people sort by color:Imported top-layer cowhide<\/p>","protected":false},"featured_media":157598,"comment_status":"open","ping_status":"closed","template":"","meta":[],"product_brand":[],"product_cat":[30815,30858,30892,30862,30904],"product_tag":[30891],"class_list":{"0":"post-157564","1":"product","2":"type-product","3":"status-publish","4":"has-post-thumbnail","6":"product_cat-beds","7":"product_cat-wholesale-bedroom","8":"product_cat-export","9":"product_cat-wholesales-hotels","10":"product_cat-trending-furniture","11":"product_tag-title-adjust","13":"first","14":"instock","15":"taxable","16":"shipping-taxable","17":"purchasable","18":"product-type-variable"},"_links":{"self":[{"href":"https:\/\/nexgendecors.com\/es\/wp-json\/wp\/v2\/product\/157564","targetHints":{"allow":["GET"]}}],"collection":[{"href":"https:\/\/nexgendecors.com\/es\/wp-json\/wp\/v2\/product"}],"about":[{"href":"https:\/\/nexgendecors.com\/es\/wp-json\/wp\/v2\/types\/product"}],"replies":[{"embeddable":true,"href":"https:\/\/nexgendecors.com\/es\/wp-json\/wp\/v2\/comments?post=157564"}],"version-history":[{"count":0,"href":"https:\/\/nexgendecors.com\/es\/wp-json\/wp\/v2\/product\/157564\/revisions"}],"wp:featuredmedia":[{"embeddable":true,"href":"https:\/\/nexgendecors.com\/es\/wp-json\/wp\/v2\/media\/157598"}],"wp:attachment":[{"href":"https:\/\/nexgendecors.com\/es\/wp-json\/wp\/v2\/media?parent=157564"}],"wp:term":[{"taxonomy":"product_brand","embeddable":true,"href":"https:\/\/nexgendecors.com\/es\/wp-json\/wp\/v2\/product_brand?post=157564"},{"taxonomy":"product_cat","embeddable":true,"href":"https:\/\/nexgendecors.com\/es\/wp-json\/wp\/v2\/product_cat?post=157564"},{"taxonomy":"product_tag","embeddable":true,"href":"https:\/\/nexgendecors.com\/es\/wp-json\/wp\/v2\/product_tag?post=157564"}],"curies":[{"name":"wp","href":"https:\/\/api.w.org\/{rel}","templated":true}]}}