{"id":157721,"date":"2025-02-10T13:30:32","date_gmt":"2025-02-10T13:30:32","guid":{"rendered":"https:\/\/nexgendecors.com\/en\/product\/jeaek-italian-minimalist-frosted-flannel-bed-master-bedroom-1-8m-suspended-bed-simple-large-bed-modern-designer-soft-bed\/"},"modified":"2025-04-06T09:52:05","modified_gmt":"2025-04-06T09:52:05","slug":"jeaek-italian-minimalist-frosted-flannel-bed-master-bedroom-1-8m-suspended-bed-simple-large-bed-modern-designer-soft-bed","status":"publish","type":"product","link":"https:\/\/nexgendecors.com\/es\/product\/jeaek-italian-minimalist-frosted-flannel-bed-master-bedroom-1-8m-suspended-bed-simple-large-bed-modern-designer-soft-bed\/","title":{"rendered":"Cama minimalista italiana de franela esmerilada Jeaek"},"content":{"rendered":"<ul>\n<li><strong>marca<\/strong>:JEAEK muebles residenciales<\/li>\n<li><strong>modelo<\/strong>:J121<\/li>\n<li><strong>Material<\/strong>:Madera<\/li>\n<li><strong>Tela<\/strong>:franela<\/li>\n<li><strong>estilo<\/strong>:minimalismo italiano<\/li>\n<li><strong>forma<\/strong>:Cuadrado<\/li>\n<li><strong>tama\u00f1o<\/strong>:1500 mm x 2000 mm 1800 mm x 2000 mm<\/li>\n<li><strong>N\u00famero de personas aplicable<\/strong>:2 personas<\/li>\n<li><strong>ordenar por color<\/strong>:Designer suspended bed Bristol series Designer suspended bed + 1 cabinet Designer suspended bed + two cabinets Designer suspended bed + cashmere coconut palm spine protection mattress Designer suspended bed + five-star silver ion latex mattress Designer suspended bed + seven-star imported Tencel double-sided mattress Designer suspended bed + 1 cabinet + cashmere coconut palm spine protection mattress Designer suspended bed + two cabinets + cashmere coconut palm spine protection mattress Designer suspended bed + 1 cabinet + five-star silver ion latex mattress Designer suspended bed + two cabinets + five-star silver ion latex mattress Designer suspended bed + 1 cabinet + seven-star imported Tencel double-sided mattress Designer suspended bed + two cabinets + seven-star imported Tencel double-sided mattress Support color and size customization contact home consultant jeaek furniture solemnly promises: insist on using superior materials<\/li>\n<li><strong>\u00bfEs personalizable?<\/strong>:S\u00ed<\/li>\n<li><strong>Si tener un marco de cama<\/strong>:S\u00ed<\/li>\n<li><strong>Si se debe brindar soporte blando<\/strong>:S\u00ed<\/li>\n<li><strong>Style details<\/strong>:otro<\/li>\n<li><strong>\u00bfHay espacio de almacenamiento?<\/strong>:No<\/li>\n<li><strong>Estructura del mobiliario<\/strong>:Litera montada<\/li>\n<li><strong>Tecnolog\u00eda de tejidos<\/strong>:otro<\/li>\n<li><strong>Entrega\/instalaci\u00f3n disponible<\/strong>:Beijing Nanchang Harbin Dalian Shenyang Xi&#039;an Guiyang Zhengzhou Jinhua Changsha Changzhou Chengdu Dongguan Foshan Foshan Guangzhou Hangzhou Nanjing Nanning Ningbo Qingdao Shanghai Shenzhen Suzhou Taizhou Tianjin Wenzhou Wuxi Wuhan Xiamen Chongqing<\/li>\n<li><strong>Volumen de embalaje<\/strong>:1<\/li>\n<\/ul>","protected":false},"excerpt":{"rendered":"<p>marca:JEAEK muebles residenciales modelo:J121 Material:Madera Tejido:franela estilo:minimalismo italiano forma:Cuadrado tama\u00f1o:1500mm*2000mm 1800mm*2000mm N\u00famero de personas aplicable:2 personas ordenar por color:Dise\u00f1ador suspendido<\/p>","protected":false},"featured_media":157765,"comment_status":"open","ping_status":"closed","template":"","meta":[],"product_brand":[],"product_cat":[30815,30858,30892,30862],"product_tag":[30891],"class_list":{"0":"post-157721","1":"product","2":"type-product","3":"status-publish","4":"has-post-thumbnail","6":"product_cat-beds","7":"product_cat-wholesale-bedroom","8":"product_cat-export","9":"product_cat-wholesales-hotels","10":"product_tag-title-adjust","12":"first","13":"instock","14":"taxable","15":"shipping-taxable","16":"purchasable","17":"product-type-variable"},"_links":{"self":[{"href":"https:\/\/nexgendecors.com\/es\/wp-json\/wp\/v2\/product\/157721","targetHints":{"allow":["GET"]}}],"collection":[{"href":"https:\/\/nexgendecors.com\/es\/wp-json\/wp\/v2\/product"}],"about":[{"href":"https:\/\/nexgendecors.com\/es\/wp-json\/wp\/v2\/types\/product"}],"replies":[{"embeddable":true,"href":"https:\/\/nexgendecors.com\/es\/wp-json\/wp\/v2\/comments?post=157721"}],"version-history":[{"count":0,"href":"https:\/\/nexgendecors.com\/es\/wp-json\/wp\/v2\/product\/157721\/revisions"}],"wp:featuredmedia":[{"embeddable":true,"href":"https:\/\/nexgendecors.com\/es\/wp-json\/wp\/v2\/media\/157765"}],"wp:attachment":[{"href":"https:\/\/nexgendecors.com\/es\/wp-json\/wp\/v2\/media?parent=157721"}],"wp:term":[{"taxonomy":"product_brand","embeddable":true,"href":"https:\/\/nexgendecors.com\/es\/wp-json\/wp\/v2\/product_brand?post=157721"},{"taxonomy":"product_cat","embeddable":true,"href":"https:\/\/nexgendecors.com\/es\/wp-json\/wp\/v2\/product_cat?post=157721"},{"taxonomy":"product_tag","embeddable":true,"href":"https:\/\/nexgendecors.com\/es\/wp-json\/wp\/v2\/product_tag?post=157721"}],"curies":[{"name":"wp","href":"https:\/\/api.w.org\/{rel}","templated":true}]}}