{"id":157818,"date":"2025-02-10T13:33:14","date_gmt":"2025-02-10T13:33:14","guid":{"rendered":"https:\/\/nexgendecors.com\/en\/product\/jeaek-italian-minimalist-leather-sofa-designer-new-connery-sofa-villa-large-flat-living-room-sofa\/"},"modified":"2025-03-09T14:56:35","modified_gmt":"2025-03-09T14:56:35","slug":"jeaek-italian-minimalist-leather-sofa-designer-new-connery-sofa-villa-large-flat-living-room-sofa","status":"publish","type":"product","link":"https:\/\/nexgendecors.com\/es\/product\/jeaek-italian-minimalist-leather-sofa-designer-new-connery-sofa-villa-large-flat-living-room-sofa\/","title":{"rendered":"Gran sof\u00e1 minimalista italiano de cuero de Jeaek Connery"},"content":{"rendered":"<ul>\n<li><strong>marca<\/strong>:JEAEK muebles residenciales<\/li>\n<li><strong>modelo<\/strong>:S028<\/li>\n<li><strong>Material de cuero<\/strong>:Capa superior de piel de vaca<\/li>\n<li><strong>estilo<\/strong>:minimalismo italiano<\/li>\n<li><strong>Armar<\/strong>:S\u00ed<\/li>\n<li><strong>Dureza del relleno<\/strong>:Dureza y suavidad moderadas.<\/li>\n<li><strong>Clientes objetivo<\/strong>:General<\/li>\n<li><strong>\u00bfEst\u00e1 disponible la preventa?<\/strong>:S\u00ed<\/li>\n<li><strong>Tecnolog\u00eda estructural<\/strong>:Artesan\u00eda de bamb\u00fa y rat\u00e1n<\/li>\n<li><strong>Volumen de embalaje<\/strong>:1<\/li>\n<li><strong>Relleno<\/strong>:Esponja de alta resiliencia<\/li>\n<li><strong>\u00bfEs personalizable?<\/strong>:S\u00ed<\/li>\n<li><strong>Combinaci\u00f3n de sof\u00e1s<\/strong>:Derecho<\/li>\n<li><strong>N\u00famero de personas aplicable<\/strong>:combinaci\u00f3n<\/li>\n<li><strong>\u00bfHay taxi disponible para transporte?<\/strong>:No<\/li>\n<li><strong>Posicionamiento de estilo<\/strong>:Estilo art\u00edstico<\/li>\n<li><strong>Gama de acabados de cuero<\/strong>:Superficie de contacto de cuero<\/li>\n<li><strong>Entrega\/instalaci\u00f3n disponible<\/strong>:Foshan Zhengzhou Guiyang Guangzhou Fuzhou Harbin Xiamen Chongqing Changzhou Suzhou Xi&#8217;an Shenzhen Nanjing Changsha Beijing Qingdao Wuxi Chengdu Shanghai Wuhan Nanning Shenyang Dalian Taizhou Dongguan Tianjin Jinhua Hangzhou Nanchang Ningbo Wenzhou<\/li>\n<li><strong>ordenar por color<\/strong>:220cm for two persons [S-grade fine tumbled top layer cowhide] 300cm for four persons [S-grade fine tumbled top layer cowhide] 280cm for three persons [S-grade fine tumbled top layer cowhide] 260cm for three persons [S-grade fine tumbled top layer cowhide] 280cm for three persons [R-grade medium-thick tumbled top layer cowhide] 320cm for three persons [S-grade fine tumbled top layer cowhide] 220cm for two persons [R-grade medium-thick tumbled top layer cowhide] 260cm for three persons [R-grade medium-thick tumbled top layer cowhide] [VIP customized color\/size supported] Consult customer service for free sample delivery for four persons 300cm [R-grade medium-thick tumbled top layer cowhide] 320cm for four persons [R-grade medium-thick tumbled top layer cowhide]<\/li>\n<li><strong><\/strong>:<\/li>\n<\/ul>","protected":false},"excerpt":{"rendered":"<p>Marca: Muebles residenciales JEAEK Modelo: S028 Material de cuero: Capa superior de piel de vaca Estilo: Minimalismo italiano Ensamblar: S\u00ed Dureza del relleno: Dureza y suavidad moderadas Clientes objetivo: General Is<\/p>","protected":false},"featured_media":157832,"comment_status":"open","ping_status":"closed","template":"","meta":[],"product_brand":[],"product_cat":[30892,30862,30846,30873,30890],"product_tag":[30891],"class_list":{"0":"post-157818","1":"product","2":"type-product","3":"status-publish","4":"has-post-thumbnail","6":"product_cat-export","7":"product_cat-wholesales-hotels","8":"product_cat-living-room","9":"product_cat-sofa","10":"product_cat-sofas-fav","11":"product_tag-title-adjust","13":"first","14":"instock","15":"taxable","16":"shipping-taxable","17":"purchasable","18":"product-type-variable"},"_links":{"self":[{"href":"https:\/\/nexgendecors.com\/es\/wp-json\/wp\/v2\/product\/157818","targetHints":{"allow":["GET"]}}],"collection":[{"href":"https:\/\/nexgendecors.com\/es\/wp-json\/wp\/v2\/product"}],"about":[{"href":"https:\/\/nexgendecors.com\/es\/wp-json\/wp\/v2\/types\/product"}],"replies":[{"embeddable":true,"href":"https:\/\/nexgendecors.com\/es\/wp-json\/wp\/v2\/comments?post=157818"}],"version-history":[{"count":0,"href":"https:\/\/nexgendecors.com\/es\/wp-json\/wp\/v2\/product\/157818\/revisions"}],"wp:featuredmedia":[{"embeddable":true,"href":"https:\/\/nexgendecors.com\/es\/wp-json\/wp\/v2\/media\/157832"}],"wp:attachment":[{"href":"https:\/\/nexgendecors.com\/es\/wp-json\/wp\/v2\/media?parent=157818"}],"wp:term":[{"taxonomy":"product_brand","embeddable":true,"href":"https:\/\/nexgendecors.com\/es\/wp-json\/wp\/v2\/product_brand?post=157818"},{"taxonomy":"product_cat","embeddable":true,"href":"https:\/\/nexgendecors.com\/es\/wp-json\/wp\/v2\/product_cat?post=157818"},{"taxonomy":"product_tag","embeddable":true,"href":"https:\/\/nexgendecors.com\/es\/wp-json\/wp\/v2\/product_tag?post=157818"}],"curies":[{"name":"wp","href":"https:\/\/api.w.org\/{rel}","templated":true}]}}