{"id":157843,"date":"2025-02-10T13:34:29","date_gmt":"2025-02-10T13:34:29","guid":{"rendered":"https:\/\/nexgendecors.com\/en\/product\/jeaek-italian-minimalist-suspended-bed-master-bedroom-1-8m-leather-bed-high-end-atmosphere-soft-double-bed-suspended-wedding-bed\/"},"modified":"2025-04-06T09:52:12","modified_gmt":"2025-04-06T09:52:12","slug":"cama-colgante-minimalista-italiana-jeaek-para-dormitorio-principal-cama-de-cuero-de-18-m-cama-doble-suave-de-alta-gama-cama-nupcial-colgante","status":"publish","type":"product","link":"https:\/\/nexgendecors.com\/es\/product\/cama-colgante-minimalista-italiana-jeaek-para-dormitorio-principal-cama-de-cuero-de-18-m-cama-doble-suave-de-alta-gama-cama-nupcial-colgante\/","title":{"rendered":"JEAEK Cama Suspendida de Piel Minimalista Italiana 1.8m"},"content":{"rendered":"<ul>\n<li><strong>marca<\/strong>:JEAEK muebles residenciales<\/li>\n<li><strong>modelo<\/strong>:J086<\/li>\n<li><strong>Material<\/strong>:Madera<\/li>\n<li><strong>estilo<\/strong>:minimalismo italiano<\/li>\n<li><strong>forma<\/strong>:Cuadrado<\/li>\n<li><strong>tama\u00f1o<\/strong>:1500 mm x 2000 mm 1800 mm x 2000 mm<\/li>\n<li><strong>N\u00famero de personas aplicable<\/strong>:2 personas<\/li>\n<li><strong>ordenar por color<\/strong>:Cama suspendida de piel de vaca importada de capa superior serie Lederne Cama suspendida de piel de vaca importada de capa superior + 1 armario Cama suspendida de piel de vaca importada de capa superior + dos armarios Cama suspendida de piel de vaca importada de capa superior + colch\u00f3n protector de cresta de palma de coco de cachemira Cama suspendida de piel de vaca importada de capa superior + 1 armario + colch\u00f3n protector de cresta de palma de coco de cachemira Cama suspendida de piel de vaca importada de capa superior + dos armarios + colch\u00f3n protector de cresta de palma de coco de cachemira Cama suspendida de piel de vaca importada de capa superior + colch\u00f3n de l\u00e1tex de iones de plata de cinco estrellas Cama suspendida de piel de vaca importada de capa superior + 1 armario + colch\u00f3n de l\u00e1tex de iones de plata de cinco estrellas Cama suspendida de piel de vaca importada de capa superior + dos armarios + colch\u00f3n de l\u00e1tex de iones de plata de cinco estrellas Cama suspendida de piel de vaca importada de capa superior + colch\u00f3n de doble cara Tencel importado de siete estrellas Cama suspendida de piel de vaca importada de capa superior + 1 armario + colch\u00f3n de doble cara Tencel importado de siete estrellas Cama suspendida de piel de vaca importada de capa superior + dos armarios + Colch\u00f3n de doble cara Tencel importado de siete estrellas Personalizable [color\/tama\u00f1o\/tela] Consulte con el servicio de atenci\u00f3n al cliente para la entrega gratuita de muestras Jeaek Furniture promete solemnemente: las camas de cuero insisten en usar piel de vaca de grado S de primera calidad<\/li>\n<li><strong>\u00bfEs personalizable?<\/strong>:S\u00ed<\/li>\n<li><strong>Si se debe brindar soporte blando<\/strong>:S\u00ed<\/li>\n<li><strong>\u00bfHay espacio de almacenamiento?<\/strong>:No<\/li>\n<li><strong>Estructura del mobiliario<\/strong>:Estructura<\/li>\n<li><strong>Artesan\u00eda del cuero<\/strong>:Realce<\/li>\n<li><strong>Material de cuero<\/strong>:Piel genuina<\/li>\n<li><strong>Tipo de cuero<\/strong>:Superficie de contacto de cuero<\/li>\n<li><strong>Entrega\/instalaci\u00f3n disponible<\/strong>:Beijing Nanchang Harbin Dalian Shenyang Xi&#039;an Guiyang Zhengzhou Jinhua Changsha Changzhou Chengdu Dongguan Foshan Foshan Guangzhou Hangzhou Nanjing Nanning Ningbo Qingdao Shanghai Shenzhen Suzhou Taizhou Tianjin Wenzhou Wuxi Wuhan Xiamen Chongqing<\/li>\n<li><strong>Volumen de embalaje<\/strong>:1<\/li>\n<li><strong><\/strong>:<\/li>\n<\/ul>","protected":false},"excerpt":{"rendered":"<p>marca:JEAEK muebles residenciales modelo:J086 Material:Madera estilo:Minimalismo italiano forma:Cuadrado tama\u00f1o:1500mm*2000mm 1800mm*2000mm N\u00famero aplicable de personas:2 personas clasificaci\u00f3n por color:Piel de vaca de primera capa importada<\/p>","protected":false},"featured_media":157872,"comment_status":"open","ping_status":"closed","template":"","meta":[],"product_brand":[],"product_cat":[30815,30858,30895,30898,30892,30862,30904],"product_tag":[30891],"class_list":{"0":"post-157843","1":"product","2":"type-product","3":"status-publish","4":"has-post-thumbnail","6":"product_cat-beds","7":"product_cat-wholesale-bedroom","8":"product_cat-bs-bedroom","9":"product_cat-bs-hotel","10":"product_cat-export","11":"product_cat-wholesales-hotels","12":"product_cat-trending-furniture","13":"product_tag-title-adjust","15":"first","16":"instock","17":"taxable","18":"shipping-taxable","19":"purchasable","20":"product-type-variable"},"_links":{"self":[{"href":"https:\/\/nexgendecors.com\/es\/wp-json\/wp\/v2\/product\/157843","targetHints":{"allow":["GET"]}}],"collection":[{"href":"https:\/\/nexgendecors.com\/es\/wp-json\/wp\/v2\/product"}],"about":[{"href":"https:\/\/nexgendecors.com\/es\/wp-json\/wp\/v2\/types\/product"}],"replies":[{"embeddable":true,"href":"https:\/\/nexgendecors.com\/es\/wp-json\/wp\/v2\/comments?post=157843"}],"version-history":[{"count":0,"href":"https:\/\/nexgendecors.com\/es\/wp-json\/wp\/v2\/product\/157843\/revisions"}],"wp:featuredmedia":[{"embeddable":true,"href":"https:\/\/nexgendecors.com\/es\/wp-json\/wp\/v2\/media\/157872"}],"wp:attachment":[{"href":"https:\/\/nexgendecors.com\/es\/wp-json\/wp\/v2\/media?parent=157843"}],"wp:term":[{"taxonomy":"product_brand","embeddable":true,"href":"https:\/\/nexgendecors.com\/es\/wp-json\/wp\/v2\/product_brand?post=157843"},{"taxonomy":"product_cat","embeddable":true,"href":"https:\/\/nexgendecors.com\/es\/wp-json\/wp\/v2\/product_cat?post=157843"},{"taxonomy":"product_tag","embeddable":true,"href":"https:\/\/nexgendecors.com\/es\/wp-json\/wp\/v2\/product_tag?post=157843"}],"curies":[{"name":"wp","href":"https:\/\/api.w.org\/{rel}","templated":true}]}}