{"id":158018,"date":"2025-02-10T14:05:11","date_gmt":"2025-02-10T14:05:11","guid":{"rendered":"https:\/\/nexgendecors.com\/en\/product\/2024-new-bedside-table-simple-modern-light-luxury-high-end-bedroom-paint-side-cabinet-italian-minimalist-walnut-cabinet\/"},"modified":"2025-04-06T09:52:36","modified_gmt":"2025-04-06T09:52:36","slug":"2024-new-bedside-table-simple-modern-light-luxury-high-end-bedroom-paint-side-cabinet-italian-minimalist-walnut-cabinet","status":"publish","type":"product","link":"https:\/\/nexgendecors.com\/es\/product\/2024-new-bedside-table-simple-modern-light-luxury-high-end-bedroom-paint-side-cabinet-italian-minimalist-walnut-cabinet\/","title":{"rendered":"Mesita de noche italiana de nogal 2024: dise\u00f1o moderno y lujoso"},"content":{"rendered":"<ul>\n<li><strong>estilo<\/strong>:Simple y moderno<\/li>\n<li><strong>Armar<\/strong>:No<\/li>\n<li><strong>Ciudad<\/strong>:Foshan<\/li>\n<li><strong>Distritos y condados<\/strong>Distrito de Shunde<\/li>\n<li><strong>Ya sea con amortiguaci\u00f3n<\/strong>:S\u00ed<\/li>\n<li><strong>Material de acabado<\/strong>:Madera<\/li>\n<li><strong>Caracter\u00edsticas adicionales<\/strong>:Almacenamiento<\/li>\n<li><strong>Volumen de embalaje<\/strong>:20<\/li>\n<li><strong>Estructura del mobiliario<\/strong>:Estructura<\/li>\n<li><strong>Origen<\/strong>:Provincia de Guangdong<\/li>\n<li><strong>ordenar por color<\/strong>:Designer model [Original Art Bedside Table]_Leonard<\/li>\n<li><strong>Peso bruto<\/strong>:20<\/li>\n<li><strong>marca<\/strong>:Sin marca\/sin marca registrada<\/li>\n<li><strong>modelo<\/strong>:6<\/li>\n<li><strong>Ya sea con rodillo<\/strong>:No<\/li>\n<li><strong>Clientes objetivo<\/strong>:General<\/li>\n<li><strong>\u00bfEs personalizable?<\/strong>:No<\/li>\n<li><strong>Funci\u00f3n<\/strong>:Almacenamiento<\/li>\n<li><strong>Material<\/strong>:Tablero multicapa de madera maciza<\/li>\n<li><strong>Detalles de las instrucciones de instalaci\u00f3n<\/strong>:No requiere instalaci\u00f3n<\/li>\n<li><strong>Instalaci\u00f3n<\/strong>:Completamente empaquetado, no requiere instalaci\u00f3n, listo para usar nada m\u00e1s sacarlo de la caja<\/li>\n<li><strong>patr\u00f3n<\/strong>:Arte<\/li>\n<li><strong>N\u00famero de secci\u00f3n de la gu\u00eda del caj\u00f3n<\/strong>:3 secciones<\/li>\n<li><strong>alto<\/strong>:600 mm o menos<\/li>\n<li><strong>Entrega\/instalaci\u00f3n disponible<\/strong>:Except remote areas,Others,National<\/li>\n<li><strong>N\u00famero de puertas<\/strong>:Single door<\/li>\n<\/ul>","protected":false},"excerpt":{"rendered":"<p>Estilo:Simple y moderno Ensamblaje:no Ciudad:Foshan Distritos y condados:Distrito de Shunde Ya sea con amortiguaci\u00f3n:s\u00ed Material de acabado:Madera Caracter\u00edsticas adicionales:Almacenamiento Volumen de embalaje:20 Estructura del mueble:Marco<\/p>","protected":false},"featured_media":158017,"comment_status":"open","ping_status":"closed","template":"","meta":[],"product_brand":[],"product_cat":[30858,30892,30862,30867],"product_tag":[30891],"class_list":{"0":"post-158018","1":"product","2":"type-product","3":"status-publish","4":"has-post-thumbnail","6":"product_cat-wholesale-bedroom","7":"product_cat-export","8":"product_cat-wholesales-hotels","9":"product_cat-nightstands","10":"product_tag-title-adjust","12":"first","13":"instock","14":"taxable","15":"shipping-taxable","16":"purchasable","17":"product-type-variable"},"_links":{"self":[{"href":"https:\/\/nexgendecors.com\/es\/wp-json\/wp\/v2\/product\/158018","targetHints":{"allow":["GET"]}}],"collection":[{"href":"https:\/\/nexgendecors.com\/es\/wp-json\/wp\/v2\/product"}],"about":[{"href":"https:\/\/nexgendecors.com\/es\/wp-json\/wp\/v2\/types\/product"}],"replies":[{"embeddable":true,"href":"https:\/\/nexgendecors.com\/es\/wp-json\/wp\/v2\/comments?post=158018"}],"version-history":[{"count":0,"href":"https:\/\/nexgendecors.com\/es\/wp-json\/wp\/v2\/product\/158018\/revisions"}],"wp:featuredmedia":[{"embeddable":true,"href":"https:\/\/nexgendecors.com\/es\/wp-json\/wp\/v2\/media\/158017"}],"wp:attachment":[{"href":"https:\/\/nexgendecors.com\/es\/wp-json\/wp\/v2\/media?parent=158018"}],"wp:term":[{"taxonomy":"product_brand","embeddable":true,"href":"https:\/\/nexgendecors.com\/es\/wp-json\/wp\/v2\/product_brand?post=158018"},{"taxonomy":"product_cat","embeddable":true,"href":"https:\/\/nexgendecors.com\/es\/wp-json\/wp\/v2\/product_cat?post=158018"},{"taxonomy":"product_tag","embeddable":true,"href":"https:\/\/nexgendecors.com\/es\/wp-json\/wp\/v2\/product_tag?post=158018"}],"curies":[{"name":"wp","href":"https:\/\/api.w.org\/{rel}","templated":true}]}}