{"id":158100,"date":"2025-02-10T16:15:52","date_gmt":"2025-02-10T16:15:52","guid":{"rendered":"https:\/\/nexgendecors.com\/en\/product\/new-chinese-style-rack-designer-villa-living-room-round-revolving-door-storage-cabinet-personality-creative-solid-wood-antique-shelf\/"},"modified":"2025-04-06T09:52:46","modified_gmt":"2025-04-06T09:52:46","slug":"new-chinese-style-rack-designer-villa-living-room-round-revolving-door-storage-cabinet-personality-creative-solid-wood-antique-shelf","status":"publish","type":"product","link":"https:\/\/nexgendecors.com\/es\/product\/new-chinese-style-rack-designer-villa-living-room-round-revolving-door-storage-cabinet-personality-creative-solid-wood-antique-shelf\/","title":{"rendered":"Antiguo armario giratorio redondo de madera maciza"},"content":{"rendered":"<ul>\n<li><strong>marca<\/strong>:Excellence Innovation<\/li>\n<li><strong>modelo<\/strong>:J-125<\/li>\n<li><strong>estilo<\/strong>:Nuevo chino<\/li>\n<li><strong>Caracter\u00edsticas adicionales<\/strong>:Almacenamiento<\/li>\n<li><strong>\u00bfEs personalizable?<\/strong>:S\u00ed<\/li>\n<li><strong>Armar<\/strong>:S\u00ed<\/li>\n<li><strong>Material<\/strong>:Madera maciza<\/li>\n<li><strong>N\u00famero de cajones<\/strong>:3<\/li>\n<li><strong>Material de acabado<\/strong>:cuero<\/li>\n<li><strong>N\u00famero de puertas<\/strong>:Single door<\/li>\n<li><strong>ordenar por color<\/strong>:Style 1, Style 2, Style 3<\/li>\n<li><strong><\/strong>:<\/li>\n<\/ul>","protected":false},"excerpt":{"rendered":"<p>marca:Excellence Innovation modelo:J-125 estilo:Nuevo chino Caracter\u00edsticas adicionales:Almacenamiento \u00bfEs personalizable?:s\u00ed Montar:s\u00ed Material:Madera maciza N\u00famero de cajones:3 Material de acabado:cuero N\u00famero de<\/p>","protected":false},"featured_media":158099,"comment_status":"open","ping_status":"closed","template":"","meta":[],"product_brand":[],"product_cat":[30892,30862,30846,30904,30851],"product_tag":[30891],"class_list":{"0":"post-158100","1":"product","2":"type-product","3":"status-publish","4":"has-post-thumbnail","6":"product_cat-export","7":"product_cat-wholesales-hotels","8":"product_cat-living-room","9":"product_cat-trending-furniture","10":"product_cat-wholesale-cabinets","11":"product_tag-title-adjust","13":"first","14":"instock","15":"taxable","16":"shipping-taxable","17":"purchasable","18":"product-type-variable"},"_links":{"self":[{"href":"https:\/\/nexgendecors.com\/es\/wp-json\/wp\/v2\/product\/158100","targetHints":{"allow":["GET"]}}],"collection":[{"href":"https:\/\/nexgendecors.com\/es\/wp-json\/wp\/v2\/product"}],"about":[{"href":"https:\/\/nexgendecors.com\/es\/wp-json\/wp\/v2\/types\/product"}],"replies":[{"embeddable":true,"href":"https:\/\/nexgendecors.com\/es\/wp-json\/wp\/v2\/comments?post=158100"}],"version-history":[{"count":0,"href":"https:\/\/nexgendecors.com\/es\/wp-json\/wp\/v2\/product\/158100\/revisions"}],"wp:featuredmedia":[{"embeddable":true,"href":"https:\/\/nexgendecors.com\/es\/wp-json\/wp\/v2\/media\/158099"}],"wp:attachment":[{"href":"https:\/\/nexgendecors.com\/es\/wp-json\/wp\/v2\/media?parent=158100"}],"wp:term":[{"taxonomy":"product_brand","embeddable":true,"href":"https:\/\/nexgendecors.com\/es\/wp-json\/wp\/v2\/product_brand?post=158100"},{"taxonomy":"product_cat","embeddable":true,"href":"https:\/\/nexgendecors.com\/es\/wp-json\/wp\/v2\/product_cat?post=158100"},{"taxonomy":"product_tag","embeddable":true,"href":"https:\/\/nexgendecors.com\/es\/wp-json\/wp\/v2\/product_tag?post=158100"}],"curies":[{"name":"wp","href":"https:\/\/api.w.org\/{rel}","templated":true}]}}