{"id":158148,"date":"2025-02-11T03:12:43","date_gmt":"2025-02-11T03:12:43","guid":{"rendered":"https:\/\/nexgendecors.com\/en\/product\/italian-dining-table-french-oval-light-luxury-solid-wood-dining-table-modern-simple-dining-table-light-luxury-large-rose-red-dining-table\/"},"modified":"2025-04-06T09:52:55","modified_gmt":"2025-04-06T09:52:55","slug":"mesa-de-comedor-italiana-ovalada-francesa-de-madera-maciza-moderna-y-sencilla-de-lujo-ligera-grande-color-rojo-rosa","status":"publish","type":"product","link":"https:\/\/nexgendecors.com\/es\/product\/mesa-de-comedor-italiana-ovalada-francesa-de-madera-maciza-moderna-y-sencilla-de-lujo-ligera-grande-color-rojo-rosa\/","title":{"rendered":"Mesa de comedor ovalada de madera maciza de color rojo rosa de lujo claro"},"content":{"rendered":"<ul>\n<li><strong>marca<\/strong>:Shu Pan<\/li>\n<li><strong>modelo<\/strong>:CZ-1-12<\/li>\n<li><strong>estilo<\/strong>:minimalismo italiano<\/li>\n<li><strong>tama\u00f1o<\/strong>:0x0x0cm<\/li>\n<li><strong>Armar<\/strong>:No<\/li>\n<li><strong>Material de acabado<\/strong>:Madera<\/li>\n<li><strong>Si tiene funci\u00f3n de cocina de inducci\u00f3n<\/strong>:No<\/li>\n<li><strong>Volumen de embalaje<\/strong>:1<\/li>\n<li><strong>\u00bfEs personalizable?<\/strong>:S\u00ed<\/li>\n<li><strong>forma<\/strong>:Oval<\/li>\n<li><strong>Funci\u00f3n<\/strong>:Vers\u00e1til<\/li>\n<li><strong>Material<\/strong>:Madera<\/li>\n<li><strong>Estructura del mobiliario<\/strong>:Estructura<\/li>\n<li><strong>Origen<\/strong>:Llevar a la fuerza<\/li>\n<li><strong>Posicionamiento de estilo<\/strong>:Lujo de calidad<\/li>\n<li><strong>ordenar por color<\/strong>:Pie de apoyo de madera maciza: 1,4 m Pie de apoyo de madera maciza: 1,5 m Pie de apoyo de madera maciza: 1,6 m Pie de apoyo de madera maciza: 1,8 m Pie de apoyo de madera maciza: 2 m Pie de apoyo de madera maciza: 2 m Roble norteamericano: 1,6 m sin accesorios Roble norteamericano: 1,8 m sin accesorios Roble norteamericano: 2 m sin accesorios Roble norteamericano: 2 m sin accesorios Roble norteamericano: 2 m sin accesorios Roble norteamericano: 2 m sin accesorios Plazo de pedido: 30-39 d\u00edas Color<\/li>\n<\/ul>","protected":false},"excerpt":{"rendered":"<p>Marca: Shu Pan Modelo: CZ-1-12 Estilo: minimalismo italiano Tama\u00f1o: 0x0x0cm Ensamblaje: no Material de acabado: madera Si tiene funci\u00f3n de cocina de inducci\u00f3n: no Volumen de embalaje: 1 \u00bfEs personalizable?: s\u00ed<\/p>","protected":false},"featured_media":158147,"comment_status":"open","ping_status":"closed","template":"","meta":[],"product_brand":[],"product_cat":[30826,30827,30892,30862],"product_tag":[30891],"class_list":{"0":"post-158148","1":"product","2":"type-product","3":"status-publish","4":"has-post-thumbnail","6":"product_cat-dining-room","7":"product_cat-dining-tables","8":"product_cat-export","9":"product_cat-wholesales-hotels","10":"product_tag-title-adjust","12":"first","13":"instock","14":"taxable","15":"shipping-taxable","16":"purchasable","17":"product-type-variable"},"_links":{"self":[{"href":"https:\/\/nexgendecors.com\/es\/wp-json\/wp\/v2\/product\/158148","targetHints":{"allow":["GET"]}}],"collection":[{"href":"https:\/\/nexgendecors.com\/es\/wp-json\/wp\/v2\/product"}],"about":[{"href":"https:\/\/nexgendecors.com\/es\/wp-json\/wp\/v2\/types\/product"}],"replies":[{"embeddable":true,"href":"https:\/\/nexgendecors.com\/es\/wp-json\/wp\/v2\/comments?post=158148"}],"version-history":[{"count":0,"href":"https:\/\/nexgendecors.com\/es\/wp-json\/wp\/v2\/product\/158148\/revisions"}],"wp:featuredmedia":[{"embeddable":true,"href":"https:\/\/nexgendecors.com\/es\/wp-json\/wp\/v2\/media\/158147"}],"wp:attachment":[{"href":"https:\/\/nexgendecors.com\/es\/wp-json\/wp\/v2\/media?parent=158148"}],"wp:term":[{"taxonomy":"product_brand","embeddable":true,"href":"https:\/\/nexgendecors.com\/es\/wp-json\/wp\/v2\/product_brand?post=158148"},{"taxonomy":"product_cat","embeddable":true,"href":"https:\/\/nexgendecors.com\/es\/wp-json\/wp\/v2\/product_cat?post=158148"},{"taxonomy":"product_tag","embeddable":true,"href":"https:\/\/nexgendecors.com\/es\/wp-json\/wp\/v2\/product_tag?post=158148"}],"curies":[{"name":"wp","href":"https:\/\/api.w.org\/{rel}","templated":true}]}}