{"id":158341,"date":"2025-02-11T03:26:16","date_gmt":"2025-02-11T03:26:16","guid":{"rendered":"https:\/\/nexgendecors.com\/en\/product\/retro-dining-sideboard-simple-modern-storage-cabinet-porch-cabinet-home-display-cabinet-display-cabinet-vintage-creative-sideboard\/"},"modified":"2025-03-11T07:10:09","modified_gmt":"2025-03-11T07:10:09","slug":"retro-dining-sideboard-simple-modern-storage-cabinet-porch-cabinet-home-display-cabinet-display-cabinet-vintage-creative-sideboard","status":"publish","type":"product","link":"https:\/\/nexgendecors.com\/es\/product\/retro-dining-sideboard-simple-modern-storage-cabinet-porch-cabinet-home-display-cabinet-display-cabinet-vintage-creative-sideboard\/","title":{"rendered":"Aparador moderno vintage - Armario con estilo"},"content":{"rendered":"<ul>\n<li><strong>modelo<\/strong>:C90<\/li>\n<li><strong>marca<\/strong>:Shu Pan<\/li>\n<li><strong>Armar<\/strong>:No<\/li>\n<li><strong>ordenar por color<\/strong>:Welcome: Same quality and price solid wood + environmental protection E0 grade multi-layer solid wood main material: 0.67 meters open door solid wood + environmental protection EO grade multi-layer solid wood main material: 0.9 meters open door solid wood + environmental protection EO grade multi-layer solid wood main material: 1 meter open door solid wood + environmental protection EO grade multi-layer solid wood main material: 0.67 meters sliding door solid wood + environmental protection EO grade multi-layer solid wood main material: 0.9 meters sliding door<\/li>\n<\/ul>","protected":false},"excerpt":{"rendered":"<p>modelo:C90 marca:Shu Pan montar:no ordenar por color:Bienvenido: La misma calidad y precio de madera maciza + protecci\u00f3n del medio ambiente E0 grado de m\u00faltiples capas s\u00f3lidas<\/p>","protected":false},"featured_media":158348,"comment_status":"open","ping_status":"closed","template":"","meta":[],"product_brand":[],"product_cat":[30892,30862,30846,30904,30851],"product_tag":[30891],"class_list":{"0":"post-158341","1":"product","2":"type-product","3":"status-publish","4":"has-post-thumbnail","6":"product_cat-export","7":"product_cat-wholesales-hotels","8":"product_cat-living-room","9":"product_cat-trending-furniture","10":"product_cat-wholesale-cabinets","11":"product_tag-title-adjust","13":"first","14":"instock","15":"taxable","16":"shipping-taxable","17":"purchasable","18":"product-type-variable"},"_links":{"self":[{"href":"https:\/\/nexgendecors.com\/es\/wp-json\/wp\/v2\/product\/158341","targetHints":{"allow":["GET"]}}],"collection":[{"href":"https:\/\/nexgendecors.com\/es\/wp-json\/wp\/v2\/product"}],"about":[{"href":"https:\/\/nexgendecors.com\/es\/wp-json\/wp\/v2\/types\/product"}],"replies":[{"embeddable":true,"href":"https:\/\/nexgendecors.com\/es\/wp-json\/wp\/v2\/comments?post=158341"}],"version-history":[{"count":0,"href":"https:\/\/nexgendecors.com\/es\/wp-json\/wp\/v2\/product\/158341\/revisions"}],"wp:featuredmedia":[{"embeddable":true,"href":"https:\/\/nexgendecors.com\/es\/wp-json\/wp\/v2\/media\/158348"}],"wp:attachment":[{"href":"https:\/\/nexgendecors.com\/es\/wp-json\/wp\/v2\/media?parent=158341"}],"wp:term":[{"taxonomy":"product_brand","embeddable":true,"href":"https:\/\/nexgendecors.com\/es\/wp-json\/wp\/v2\/product_brand?post=158341"},{"taxonomy":"product_cat","embeddable":true,"href":"https:\/\/nexgendecors.com\/es\/wp-json\/wp\/v2\/product_cat?post=158341"},{"taxonomy":"product_tag","embeddable":true,"href":"https:\/\/nexgendecors.com\/es\/wp-json\/wp\/v2\/product_tag?post=158341"}],"curies":[{"name":"wp","href":"https:\/\/api.w.org\/{rel}","templated":true}]}}