{"id":158356,"date":"2025-02-11T03:26:57","date_gmt":"2025-02-11T03:26:57","guid":{"rendered":"https:\/\/nexgendecors.com\/en\/product\/nordic-dining-table-lamp-restaurant-lamp-dining-room-simple-modern-one-line-long-study-chandelier-cream-style-light-luxury-bar-lamp\/"},"modified":"2025-04-06T09:53:17","modified_gmt":"2025-04-06T09:53:17","slug":"nordic-dining-table-lamp-restaurant-lamp-dining-room-simple-modern-one-line-long-study-chandelier-cream-style-light-luxury-bar-lamp","status":"publish","type":"product","link":"https:\/\/nexgendecors.com\/es\/product\/nordic-dining-table-lamp-restaurant-lamp-dining-room-simple-modern-one-line-long-study-chandelier-cream-style-light-luxury-bar-lamp\/","title":{"rendered":"L\u00e1mpara de mesa de comedor moderna n\u00f3rdica: l\u00e1mpara de ara\u00f1a de lujo"},"content":{"rendered":"<ul>\n<li><strong>marca<\/strong>:otro\/otro<\/li>\n<li><strong>modelo<\/strong>:7068 Black<\/li>\n<li><strong>estilo<\/strong>:Europa del Norte<\/li>\n<li><strong>Origen<\/strong>:China continental<\/li>\n<li><strong>Valor K de la temperatura de color de la fuente de luz<\/strong>:3000K<\/li>\n<li><strong>ordenar por color<\/strong>:7068-4 black amber lampshade, 7068-4 black ash lampshade, 7068-5 black amber lampshade, 7068-5 black milky white lampshade, 7068-5 black transparent lampshade, 7068-5 black ash lampshade, 7068-6 black amber lampshade, 7068-6 black milky white lampshade, 7068-6 black transparent lampshade, 7068-6 black ash lampshade, 7068-9 black amber lampshade, 7068-9 black ash lampshade, 7068-4 black amber lampshade three-color light source, 7068-4 Black ash lampshade three-color light source, 7068-5 black amber lampshade three-color light source, 7068-5 black milky white lampshade three-color light source, 7068-5 black transparent lampshade three-color light source, 7068-5 black ash lampshade three-color light source, 7068-6 black amber lampshade three-color light source, 7068-6 black milky white lampshade three-color light source, 7068-6 black transparent lampshade three-color light source, 7068-6 black ash lampshade three-color light source, 7068-9 black amber lampshade three-color light source, 7068-9 black ash lampshade three-color light source<\/li>\n<li><strong>\u00bfLa l\u00e1mpara tiene una fuente de luz?<\/strong>:No<\/li>\n<li><strong>Servicio en la ciudad<\/strong>:Log\u00edstica intraurbana de entrega puerta a puerta<\/li>\n<li><strong>Voltaje<\/strong>:111V~240V inclusive<\/li>\n<li><strong>Material principal del cuerpo de la l\u00e1mpara.<\/strong>:hierro<\/li>\n<li><strong>Material principal de la pantalla de la l\u00e1mpara<\/strong>:Vaso<\/li>\n<li><strong>Light source type<\/strong>:LED lamp, incandescent lamp<\/li>\n<li><strong>N\u00famero de fuentes de luz<\/strong>:6<\/li>\n<li><strong>Tecnolog\u00eda<\/strong>:Escarchado de pintura en aerosol<\/li>\n<li><strong>\u00c1rea de irradiaci\u00f3n<\/strong>:15\u33a1-30\u33a1<\/li>\n<li><strong>Tipo de control<\/strong>:Other, non-intelligent control<\/li>\n<li><strong>Material auxiliar para pantallas de l\u00e1mparas<\/strong>:Vaso<\/li>\n<li><strong>Per\u00edodo de garant\u00eda<\/strong>:3 a\u00f1os<\/li>\n<li><strong>Material auxiliar del cuerpo de la l\u00e1mpara<\/strong>:hierro<\/li>\n<li><strong>Tipo inteligente<\/strong>:Otra inteligencia<\/li>\n<li><strong>Ya sea control inteligente<\/strong>:No<\/li>\n<li><strong>Forma de la l\u00e1mpara<\/strong>:Otras l\u00e1mparas de ara\u00f1a con formas especiales<\/li>\n<li><strong>N\u00famero de cabezales de l\u00e1mpara<\/strong>:6<\/li>\n<li><strong>Tipo de l\u00e1mpara de ara\u00f1a<\/strong>:L\u00e1mpara de ara\u00f1a de hierro forjado<\/li>\n<li><strong>N\u00famero de certificado 3C<\/strong>:2016010702862801<\/li>\n<li><strong><\/strong>:<\/li>\n<\/ul>","protected":false},"excerpt":{"rendered":"<p>Marca: Otro\/Otro Modelo: 7068 Negro Estilo: Norte de Europa Origen: China continental Temperatura de color de la fuente de luz Valor K: 3000 K Ordenar por color: 7068-4 Pantalla de l\u00e1mpara \u00e1mbar negra, 7068-4<\/p>","protected":false},"featured_media":158355,"comment_status":"open","ping_status":"closed","template":"","meta":[],"product_brand":[],"product_cat":[30892,30864],"product_tag":[30891],"class_list":{"0":"post-158356","1":"product","2":"type-product","3":"status-publish","4":"has-post-thumbnail","6":"product_cat-export","7":"product_cat-new-wholesales-lights","8":"product_tag-title-adjust","10":"first","11":"instock","12":"taxable","13":"shipping-taxable","14":"purchasable","15":"product-type-variable"},"_links":{"self":[{"href":"https:\/\/nexgendecors.com\/es\/wp-json\/wp\/v2\/product\/158356","targetHints":{"allow":["GET"]}}],"collection":[{"href":"https:\/\/nexgendecors.com\/es\/wp-json\/wp\/v2\/product"}],"about":[{"href":"https:\/\/nexgendecors.com\/es\/wp-json\/wp\/v2\/types\/product"}],"replies":[{"embeddable":true,"href":"https:\/\/nexgendecors.com\/es\/wp-json\/wp\/v2\/comments?post=158356"}],"version-history":[{"count":0,"href":"https:\/\/nexgendecors.com\/es\/wp-json\/wp\/v2\/product\/158356\/revisions"}],"wp:featuredmedia":[{"embeddable":true,"href":"https:\/\/nexgendecors.com\/es\/wp-json\/wp\/v2\/media\/158355"}],"wp:attachment":[{"href":"https:\/\/nexgendecors.com\/es\/wp-json\/wp\/v2\/media?parent=158356"}],"wp:term":[{"taxonomy":"product_brand","embeddable":true,"href":"https:\/\/nexgendecors.com\/es\/wp-json\/wp\/v2\/product_brand?post=158356"},{"taxonomy":"product_cat","embeddable":true,"href":"https:\/\/nexgendecors.com\/es\/wp-json\/wp\/v2\/product_cat?post=158356"},{"taxonomy":"product_tag","embeddable":true,"href":"https:\/\/nexgendecors.com\/es\/wp-json\/wp\/v2\/product_tag?post=158356"}],"curies":[{"name":"wp","href":"https:\/\/api.w.org\/{rel}","templated":true}]}}