{"id":15838,"date":"2025-01-13T06:53:42","date_gmt":"2025-01-13T06:53:42","guid":{"rendered":"https:\/\/nexgendecors.com\/product\/color-household-toilet-without-water-tank-siphon-small-size-pulse-non-intelligent-toilet-seat-without-water-pressure-limit\/"},"modified":"2025-04-06T07:39:09","modified_gmt":"2025-04-06T07:39:09","slug":"inodoro-domestico-de-color-sin-tanque-de-agua-sifon-de-tamano-pequeno-asiento-de-inodoro-no-inteligente-de-pulso-sin-limite-de-presion-de-agua","status":"publish","type":"product","link":"https:\/\/nexgendecors.com\/es\/product\/inodoro-domestico-de-color-sin-tanque-de-agua-sifon-de-tamano-pequeno-asiento-de-inodoro-no-inteligente-de-pulso-sin-limite-de-presion-de-agua\/","title":{"rendered":"Asiento de inodoro con sif\u00f3n compacto y colorido: elegante y sin presi\u00f3n"},"content":{"rendered":"<ul>\n<li>\n<strong>marca<\/strong>:Manglis<\/li>\n<li>\n<strong>modelo<\/strong>:GC-668<\/li>\n<li>\n<strong>Distancia m\u00ednima entre boxes<\/strong>:Otro\/otro,400 mm,305 mm,350 mm<\/li>\n<li>\n<strong>Nivel de eficiencia del agua<\/strong>:Nivel 1<\/li>\n<li>\n<strong>provincia<\/strong>:Provincia de Guangdong<\/li>\n<li>\n<strong>ciudad<\/strong>:Ciudad de Chaozhou<\/li>\n<li>\n<strong>Servicio en la ciudad<\/strong>:Log\u00edstica intraurbana de entrega puerta a puerta<\/li>\n<li>\n<strong>Volumen de descarga del inodoro<\/strong>:3\/4,5L<\/li>\n<li>\n<strong>Tipo de bot\u00f3n de descarga<\/strong>:Otro<\/li>\n<li>\n<strong>Origen<\/strong>:China continental<\/li>\n<li>\n<strong>\u00bfLa cubierta est\u00e1 amortiguada?<\/strong>:S\u00ed<\/li>\n<li>\n<strong>Tipo de inodoro<\/strong>:Una pieza<\/li>\n<li>\n<strong>Material<\/strong>:cer\u00e1mica<\/li>\n<li>\n<strong>M\u00e9todo de descarga del inodoro<\/strong>:Asistencia el\u00e9ctrica<\/li>\n<li>\n<strong>M\u00e9todo de drenaje<\/strong>:Drenaje del suelo<\/li>\n<li>\n<strong>Soporte de carga<\/strong>:70 kg y m\u00e1s<\/li>\n<li>\n<strong>Instalaci\u00f3n<\/strong>:Marca<\/li>\n<li>\n<strong>ordenar por color<\/strong>:[Instalaci\u00f3n incluida] Modelo de panel plano: blanco copo de nieve, [Instalaci\u00f3n incluida] Modelo de panel plano: gris lino, [Instalaci\u00f3n incluida] Modelo de panel plano: negro elegante, [Instalaci\u00f3n incluida] Modelo de panel plano: modelo mejorado: blanco copo de nieve, [Instalaci\u00f3n incluida] Modelo de panel plano: modelo mejorado: gris lino, [Instalaci\u00f3n incluida] Modelo de panel plano: modelo mejorado: negro elegante, [Instalaci\u00f3n incluida] Modelo redondo de prensa central: blanco copo de nieve, [Instalaci\u00f3n incluida] Modelo redondo de prensa central: gris lino, [Instalaci\u00f3n incluida] Modelo redondo de prensa central: negro elegante, Nueva recomendaci\u00f3n de inodoro inteligente<\/li>\n<\/ul>\n<p><img><\/p>","protected":false},"excerpt":{"rendered":"<p>Marca: Manglis Modelo: GC-668 Distancia m\u00ednima del pozo: Otro\/otro, 400 mm, 305 mm, 350 mm Nivel de eficiencia del agua: Nivel 1 Provincia: Provincia de Guangdong Ciudad: Ciudad de Chaozhou Servicio en la ciudad: Log\u00edstica intraurbana Entrega puerta a puerta Descarga del inodoro<\/p>","protected":false},"featured_media":16580,"comment_status":"open","ping_status":"closed","template":"","meta":[],"product_brand":[],"product_cat":[30971,353],"product_tag":[],"class_list":{"0":"post-15838","1":"product","2":"type-product","3":"status-publish","4":"has-post-thumbnail","6":"product_cat-hp","7":"product_cat-wholesale-toilet","9":"first","10":"instock","11":"taxable","12":"shipping-taxable","13":"purchasable","14":"product-type-variable"},"_links":{"self":[{"href":"https:\/\/nexgendecors.com\/es\/wp-json\/wp\/v2\/product\/15838","targetHints":{"allow":["GET"]}}],"collection":[{"href":"https:\/\/nexgendecors.com\/es\/wp-json\/wp\/v2\/product"}],"about":[{"href":"https:\/\/nexgendecors.com\/es\/wp-json\/wp\/v2\/types\/product"}],"replies":[{"embeddable":true,"href":"https:\/\/nexgendecors.com\/es\/wp-json\/wp\/v2\/comments?post=15838"}],"version-history":[{"count":0,"href":"https:\/\/nexgendecors.com\/es\/wp-json\/wp\/v2\/product\/15838\/revisions"}],"wp:featuredmedia":[{"embeddable":true,"href":"https:\/\/nexgendecors.com\/es\/wp-json\/wp\/v2\/media\/16580"}],"wp:attachment":[{"href":"https:\/\/nexgendecors.com\/es\/wp-json\/wp\/v2\/media?parent=15838"}],"wp:term":[{"taxonomy":"product_brand","embeddable":true,"href":"https:\/\/nexgendecors.com\/es\/wp-json\/wp\/v2\/product_brand?post=15838"},{"taxonomy":"product_cat","embeddable":true,"href":"https:\/\/nexgendecors.com\/es\/wp-json\/wp\/v2\/product_cat?post=15838"},{"taxonomy":"product_tag","embeddable":true,"href":"https:\/\/nexgendecors.com\/es\/wp-json\/wp\/v2\/product_tag?post=15838"}],"curies":[{"name":"wp","href":"https:\/\/api.w.org\/{rel}","templated":true}]}}