{"id":159639,"date":"2025-02-11T04:22:58","date_gmt":"2025-02-11T04:22:58","guid":{"rendered":"https:\/\/nexgendecors.com\/en\/product\/fiberglass-shopping-mall-leisure-seat-creative-display-circular-waiting-chair-outdoor-public-rest-flower-pot-bench-combination\/"},"modified":"2025-04-06T09:55:14","modified_gmt":"2025-04-06T09:55:14","slug":"fiberglass-shopping-mall-leisure-seat-creative-display-circular-waiting-chair-outdoor-public-rest-flower-pot-bench-combination","status":"publish","type":"product","link":"https:\/\/nexgendecors.com\/es\/product\/fiberglass-shopping-mall-leisure-seat-creative-display-circular-waiting-chair-outdoor-public-rest-flower-pot-bench-combination\/","title":{"rendered":"Asiento y jardinera circulares creativos de fibra de vidrio para ocio"},"content":{"rendered":"<ul>\n<li><strong>marca<\/strong>:Viejo Futou<\/li>\n<li><strong>modelo<\/strong>:LFT-920<\/li>\n<li><strong>Origen<\/strong>:Llevar a la fuerza<\/li>\n<li><strong>Material<\/strong>:otro<\/li>\n<li><strong>Servicio en la ciudad<\/strong>:Log\u00edstica intraurbana de entrega puerta a puerta<\/li>\n<li><strong>ordenar por color<\/strong>:1.8m long 1.5m long Size and color customization<\/li>\n<\/ul>","protected":false},"excerpt":{"rendered":"<p>Marca: Old Futou Modelo: LFT-920 Origen: Shangh\u00e1i Material: otro Servicio en la ciudad: log\u00edstica intraurbana entrega puerta a puerta ordenar por color: 1,8 m de largo 1,5 m de largo Personalizaci\u00f3n de tama\u00f1o y color<\/p>","protected":false},"featured_media":159638,"comment_status":"open","ping_status":"closed","template":"","meta":[],"product_brand":[],"product_cat":[30892,30859,30853],"product_tag":[30891],"class_list":{"0":"post-159639","1":"product","2":"type-product","3":"status-publish","4":"has-post-thumbnail","6":"product_cat-export","7":"product_cat-wholesale-office","8":"product_cat-new-wholesale-public-projects","9":"product_tag-title-adjust","11":"first","12":"instock","13":"sale","14":"taxable","15":"shipping-taxable","16":"purchasable","17":"product-type-variable"},"_links":{"self":[{"href":"https:\/\/nexgendecors.com\/es\/wp-json\/wp\/v2\/product\/159639","targetHints":{"allow":["GET"]}}],"collection":[{"href":"https:\/\/nexgendecors.com\/es\/wp-json\/wp\/v2\/product"}],"about":[{"href":"https:\/\/nexgendecors.com\/es\/wp-json\/wp\/v2\/types\/product"}],"replies":[{"embeddable":true,"href":"https:\/\/nexgendecors.com\/es\/wp-json\/wp\/v2\/comments?post=159639"}],"version-history":[{"count":0,"href":"https:\/\/nexgendecors.com\/es\/wp-json\/wp\/v2\/product\/159639\/revisions"}],"wp:featuredmedia":[{"embeddable":true,"href":"https:\/\/nexgendecors.com\/es\/wp-json\/wp\/v2\/media\/159638"}],"wp:attachment":[{"href":"https:\/\/nexgendecors.com\/es\/wp-json\/wp\/v2\/media?parent=159639"}],"wp:term":[{"taxonomy":"product_brand","embeddable":true,"href":"https:\/\/nexgendecors.com\/es\/wp-json\/wp\/v2\/product_brand?post=159639"},{"taxonomy":"product_cat","embeddable":true,"href":"https:\/\/nexgendecors.com\/es\/wp-json\/wp\/v2\/product_cat?post=159639"},{"taxonomy":"product_tag","embeddable":true,"href":"https:\/\/nexgendecors.com\/es\/wp-json\/wp\/v2\/product_tag?post=159639"}],"curies":[{"name":"wp","href":"https:\/\/api.w.org\/{rel}","templated":true}]}}