{"id":15987,"date":"2025-01-13T06:53:47","date_gmt":"2025-01-13T06:53:47","guid":{"rendered":"https:\/\/nexgendecors.com\/product\/new-home-ceramic-toilet-creative-egg-shaped-small-apartment-silent-siphon-large-pipe-toilet-wall-drain-floor-drain\/"},"modified":"2025-04-06T07:39:17","modified_gmt":"2025-04-06T07:39:17","slug":"inodoro-de-ceramica-para-casa-nueva-creativo-con-forma-de-huevo-para-apartamento-pequeno-con-sifon-silencioso-inodoro-de-tuberia-grande-desague-de-pared-desague-de-suelo","status":"publish","type":"product","link":"https:\/\/nexgendecors.com\/es\/product\/inodoro-de-ceramica-para-casa-nueva-creativo-con-forma-de-huevo-para-apartamento-pequeno-con-sifon-silencioso-inodoro-de-tuberia-grande-desague-de-pared-desague-de-suelo\/","title":{"rendered":"Elegante inodoro de suelo para ba\u00f1os modernos"},"content":{"rendered":"<p>Renueve su ba\u00f1o con nuestro elegante y eficiente inodoro de suelo One, dise\u00f1ado para la comodidad y la higiene modernas. Este accesorio esencial incluye:<\/p>\n<p>?? <strong>Dise\u00f1o higi\u00e9nico:<\/strong> Un recipiente aerodin\u00e1mico que garantiza la limpieza y un f\u00e1cil mantenimiento, proporcionando una soluci\u00f3n sanitaria para su ba\u00f1o.<\/p>\n<p>?? <strong>Eficiente en el uso del espacio:<\/strong> Perfecto para ba\u00f1os de cualquier tama\u00f1o, este dise\u00f1o montado en el piso optimiza el espacio y al mismo tiempo ofrece la m\u00e1xima funcionalidad.<\/p>\n<p>?? <strong>F\u00e1cil de limpiar:<\/strong> La superficie de cer\u00e1mica lisa resiste manchas y olores, lo que hace que la limpieza sea r\u00e1pida y sin complicaciones.<\/p>\n<p>?? <strong>Construcci\u00f3n duradera:<\/strong> Construido con materiales de alta calidad, este inodoro est\u00e1 dise\u00f1ado para soportar el uso diario manteniendo su apariencia impecable.<\/p>\n<p>?? <strong>Est\u00e9tica moderna:<\/strong> Con sus l\u00edneas limpias y su aspecto contempor\u00e1neo, este inodoro complementa la decoraci\u00f3n de cualquier ba\u00f1o, a\u00f1adiendo un toque de elegancia moderna.<\/p>\n<p>?? <strong>Ahorro de agua:<\/strong> Dise\u00f1ado para la eficiencia, conserva el agua sin comprometer el rendimiento, lo que lo convierte en una opci\u00f3n ecol\u00f3gica para su hogar.<\/p>\n<p>Mejore su ba\u00f1o con el inodoro de orina One de montaje en suelo, una combinaci\u00f3n de dise\u00f1o moderno y funcionalidad pr\u00e1ctica. Ideal para uso residencial o comercial, garantiza una experiencia de ba\u00f1o higi\u00e9nica y eficiente.<\/p>\n<ul>\n<li>\n<strong>marca<\/strong>:IJOWMUO<\/li>\n<li>\n<strong>modelo<\/strong>:J-088<\/li>\n<li>\n<strong>Instalaci\u00f3n<\/strong>:Marca<\/li>\n<li>\n<strong>ordenar por color<\/strong>:Blanco puro (tipo sif\u00f3n de suelo), cubierta negra (tipo sif\u00f3n de suelo), gris puro (tipo sif\u00f3n de suelo), verde puro (tipo sif\u00f3n de suelo), blanco puro para drenaje de pared, cubierta negra para drenaje de pared, blanco com\u00fan (s\u00faper v\u00f3rtice de suelo), negro com\u00fan (s\u00faper v\u00f3rtice de suelo)<\/li>\n<li>\n<strong>Distancia m\u00ednima entre boxes<\/strong>:305 mm, 350 mm, 400 mm, otros<\/li>\n<li>\n<strong>Servicio en la ciudad<\/strong>:Log\u00edstica intraurbana de entrega puerta a puerta<\/li>\n<li>\n<strong>Soporte de carga<\/strong>:70 kg y m\u00e1s<\/li>\n<li>\n<strong>Tipo de inodoro<\/strong>:Una pieza<\/li>\n<li>\n<strong>M\u00e9todo de descarga del inodoro<\/strong>:Tipo sif\u00f3n de chorro<\/li>\n<li>\n<strong>M\u00e9todo de drenaje<\/strong>:Drenaje del suelo<\/li>\n<li>\n<strong>Volumen de descarga del inodoro<\/strong>:4.8L<\/li>\n<li>\n<strong>Tipo de bot\u00f3n de descarga<\/strong>:Presione lateralmente un paso<\/li>\n<li>\n<strong>\u00bfLa cubierta est\u00e1 amortiguada?<\/strong>:S\u00ed<\/li>\n<li>\n<strong>Nivel de eficiencia del agua<\/strong>:Nivel 1<\/li>\n<\/ul>\n<p><img><\/p>","protected":false},"excerpt":{"rendered":"<p>Actualice su ba\u00f1o con nuestro elegante y eficiente inodoro para orina montado en el piso, dise\u00f1ado para brindar comodidad e higiene modernas. Este inodoro esencial<\/p>","protected":false},"featured_media":16657,"comment_status":"open","ping_status":"closed","template":"","meta":[],"product_brand":[],"product_cat":[30971,353],"product_tag":[],"class_list":{"0":"post-15987","1":"product","2":"type-product","3":"status-publish","4":"has-post-thumbnail","6":"product_cat-hp","7":"product_cat-wholesale-toilet","9":"first","10":"instock","11":"taxable","12":"shipping-taxable","13":"purchasable","14":"product-type-variable"},"_links":{"self":[{"href":"https:\/\/nexgendecors.com\/es\/wp-json\/wp\/v2\/product\/15987","targetHints":{"allow":["GET"]}}],"collection":[{"href":"https:\/\/nexgendecors.com\/es\/wp-json\/wp\/v2\/product"}],"about":[{"href":"https:\/\/nexgendecors.com\/es\/wp-json\/wp\/v2\/types\/product"}],"replies":[{"embeddable":true,"href":"https:\/\/nexgendecors.com\/es\/wp-json\/wp\/v2\/comments?post=15987"}],"version-history":[{"count":0,"href":"https:\/\/nexgendecors.com\/es\/wp-json\/wp\/v2\/product\/15987\/revisions"}],"wp:featuredmedia":[{"embeddable":true,"href":"https:\/\/nexgendecors.com\/es\/wp-json\/wp\/v2\/media\/16657"}],"wp:attachment":[{"href":"https:\/\/nexgendecors.com\/es\/wp-json\/wp\/v2\/media?parent=15987"}],"wp:term":[{"taxonomy":"product_brand","embeddable":true,"href":"https:\/\/nexgendecors.com\/es\/wp-json\/wp\/v2\/product_brand?post=15987"},{"taxonomy":"product_cat","embeddable":true,"href":"https:\/\/nexgendecors.com\/es\/wp-json\/wp\/v2\/product_cat?post=15987"},{"taxonomy":"product_tag","embeddable":true,"href":"https:\/\/nexgendecors.com\/es\/wp-json\/wp\/v2\/product_tag?post=15987"}],"curies":[{"name":"wp","href":"https:\/\/api.w.org\/{rel}","templated":true}]}}