{"id":160391,"date":"2025-02-11T08:30:07","date_gmt":"2025-02-11T08:30:07","guid":{"rendered":"https:\/\/nexgendecors.com\/en\/product\/water-ripple-stainless-steel-plate-background-wall-ceiling-metal-mirror-embossed-plate-concave-convex-wave-decorative-plate-spot\/"},"modified":"2025-04-15T10:59:15","modified_gmt":"2025-04-15T10:59:15","slug":"placa-de-acero-inoxidable-con-ondulacion-de-agua-fondo-pared-techo-espejo-de-metal-placa-en-relieve-placa-decorativa-de-onda-concava-y-convexa","status":"publish","type":"product","link":"https:\/\/nexgendecors.com\/es\/product\/placa-de-acero-inoxidable-con-ondulacion-de-agua-fondo-pared-techo-espejo-de-metal-placa-en-relieve-placa-decorativa-de-onda-concava-y-convexa\/","title":{"rendered":"Placa decorativa de acero inoxidable con ondas de agua"},"content":{"rendered":"<ul>\n<li><strong>marca<\/strong>:Jun Hao<\/li>\n<li><strong>modelo<\/strong>:1220*2440\/1220*3000<\/li>\n<li><strong>Origen<\/strong>:China continental<\/li>\n<li><strong>provincia<\/strong>:Provincia de Guangdong<\/li>\n<li><strong>Ciudad<\/strong>:Foshan<\/li>\n<li><strong>Material<\/strong>:Acero inoxidable 201<\/li>\n<li><strong>ordenar por color<\/strong>:Morado, dorado, rojo, negro, azul, plata de onda grande, plata de onda mediana, plata de onda peque\u00f1a, titanio amarillo champ\u00e1n, oro rosa, panel de espejo, panel cepillado, conexi\u00f3n el\u00e9ctrica<\/li>\n<li><strong><\/strong>:<\/li>\n<\/ul>","protected":false},"excerpt":{"rendered":"<p>Marca: Jun Hao Modelo: 1220*2440\/1220*3000 Origen: China continental Provincia: Provincia de Guangdong Ciudad: Foshan Material: Acero inoxidable 201 Ordenar por color: Morado, dorado, rojo, negro, azul, plateado grande<\/p>","protected":false},"featured_media":160390,"comment_status":"open","ping_status":"closed","template":"","meta":[],"product_brand":[],"product_cat":[30894,30892,30878,30985],"product_tag":[30891],"class_list":{"0":"post-160391","1":"product","2":"type-product","3":"status-publish","4":"has-post-thumbnail","6":"product_cat-bs-wall-panels","7":"product_cat-export","8":"product_cat-wall-panel","9":"product_cat-wall-panels","10":"product_tag-title-adjust","12":"first","13":"instock","14":"taxable","15":"shipping-taxable","16":"purchasable","17":"product-type-variable"},"_links":{"self":[{"href":"https:\/\/nexgendecors.com\/es\/wp-json\/wp\/v2\/product\/160391","targetHints":{"allow":["GET"]}}],"collection":[{"href":"https:\/\/nexgendecors.com\/es\/wp-json\/wp\/v2\/product"}],"about":[{"href":"https:\/\/nexgendecors.com\/es\/wp-json\/wp\/v2\/types\/product"}],"replies":[{"embeddable":true,"href":"https:\/\/nexgendecors.com\/es\/wp-json\/wp\/v2\/comments?post=160391"}],"version-history":[{"count":0,"href":"https:\/\/nexgendecors.com\/es\/wp-json\/wp\/v2\/product\/160391\/revisions"}],"wp:featuredmedia":[{"embeddable":true,"href":"https:\/\/nexgendecors.com\/es\/wp-json\/wp\/v2\/media\/160390"}],"wp:attachment":[{"href":"https:\/\/nexgendecors.com\/es\/wp-json\/wp\/v2\/media?parent=160391"}],"wp:term":[{"taxonomy":"product_brand","embeddable":true,"href":"https:\/\/nexgendecors.com\/es\/wp-json\/wp\/v2\/product_brand?post=160391"},{"taxonomy":"product_cat","embeddable":true,"href":"https:\/\/nexgendecors.com\/es\/wp-json\/wp\/v2\/product_cat?post=160391"},{"taxonomy":"product_tag","embeddable":true,"href":"https:\/\/nexgendecors.com\/es\/wp-json\/wp\/v2\/product_tag?post=160391"}],"curies":[{"name":"wp","href":"https:\/\/api.w.org\/{rel}","templated":true}]}}