{"id":160669,"date":"2025-02-11T08:39:43","date_gmt":"2025-02-11T08:39:43","guid":{"rendered":"https:\/\/nexgendecors.com\/en\/product\/plain-matte-pure-color-micro-cement-rock-board-1200x2400-tv-background-wall-large-tile-pure-white-pure-black\/"},"modified":"2025-04-15T10:59:14","modified_gmt":"2025-04-15T10:59:14","slug":"plain-matte-pure-color-micro-cement-rock-board-1200x2400-tv-background-wall-large-tile-pure-white-pure-black","status":"publish","type":"product","link":"https:\/\/nexgendecors.com\/es\/product\/plain-matte-pure-color-micro-cement-rock-board-1200x2400-tv-background-wall-large-tile-pure-white-pure-black\/","title":{"rendered":"Tablero de microcemento mate \u2013 Blanco puro\/Negro 120\u00d7240 cm"},"content":{"rendered":"<ul>\n<li><strong>estilo<\/strong>:Simple y moderno<\/li>\n<li><strong>Origen<\/strong>:China continental<\/li>\n<li><strong>provincia<\/strong>:Provincia de Guangdong<\/li>\n<li><strong>Ciudad<\/strong>:Foshan<\/li>\n<li><strong>Elementos populares<\/strong>:Patr\u00f3n de piedra<\/li>\n<li><strong>Espacio aplicable<\/strong>:sala de estar<\/li>\n<li><strong>ordenar por color<\/strong>:White,Gray,Silver,Black,Pale Pinkish Gray,Red,Gold,Orange,Yellow,Apricot,Cyan,Green,Blue,Purple,Brown,Camel,Maroon,Color,Transparent,Dark Brown,Light Brown,Coffee,Light Purple,Athens White,Foxiao,Yu Belly Gold,Victoria,Yashi White,Yuhe,Micro Cement Cream Yellow.Cream White.Gray Yellow,Lock Beige.Lock Light Gray.Lock Dark Gray,Armani Beige Gray.Armani Gray.Soccer Gray,Lauren Black Gold,Rococo Cream White,Rococo Cream Yellow,Jiangshan Lansheng,Yunhai White , black and white gray, carved fish belly gold, Bulgari purple, Bulgari white, fish belly gray, black knight, style 2, style 3, style 4, style 5, style 6, style 7, style 8, style 9, style 10, style 11, style 12, style 13, style 15, style 17, style 20, style 23, style 24, style 25,32,33,34,35,36,37,38,39,43,44,45,46,47,48,49,50,51,52<\/li>\n<li><strong>Servicio en la ciudad<\/strong>:Los compradores de la misma ciudad recogen la mercanc\u00eda en casa.<\/li>\n<li><strong>Textura<\/strong>:Piedra de imitaci\u00f3n<\/li>\n<li><strong>Clasificaci\u00f3n del espacio de decoraci\u00f3n<\/strong>:Background wall<\/li>\n<li><strong>Is it a set meal?<\/strong>:No<\/li>\n<li><strong>\u00bfSe proporciona servicio de instalaci\u00f3n?<\/strong>:No<\/li>\n<li><strong>tama\u00f1o<\/strong>:1200x2400mm<\/li>\n<li><strong>Unidad de medida<\/strong>:1-3\u33a1<\/li>\n<li><strong>\u00bfEnviar muestras?<\/strong>:Los costos de corte y env\u00edo de muestras corren por su cuenta.<\/li>\n<li><strong><\/strong>:<\/li>\n<\/ul>","protected":false},"excerpt":{"rendered":"<p>Estilo: Simple y moderno Origen: China continental Provincia: Provincia de Guangdong Ciudad: Foshan Elementos populares: Patr\u00f3n de piedra Espacio aplicable: sala de estar Ordenar por color: Blanco, Gris, Plata, Negro, Gris rosado p\u00e1lido, Rojo, Dorado, Naranja, Amarillo, Albaricoque, Cian, Verde, Azul, P\u00farpura, Marr\u00f3n, Camello, Granate, Color, Transparente, Marr\u00f3n oscuro, Claro<\/p>","protected":false},"featured_media":160667,"comment_status":"open","ping_status":"closed","template":"","meta":[],"product_brand":[],"product_cat":[30892,30878,30985],"product_tag":[30891],"class_list":{"0":"post-160669","1":"product","2":"type-product","3":"status-publish","4":"has-post-thumbnail","6":"product_cat-export","7":"product_cat-wall-panel","8":"product_cat-wall-panels","9":"product_tag-title-adjust","11":"first","12":"instock","13":"taxable","14":"shipping-taxable","15":"purchasable","16":"product-type-variable"},"_links":{"self":[{"href":"https:\/\/nexgendecors.com\/es\/wp-json\/wp\/v2\/product\/160669","targetHints":{"allow":["GET"]}}],"collection":[{"href":"https:\/\/nexgendecors.com\/es\/wp-json\/wp\/v2\/product"}],"about":[{"href":"https:\/\/nexgendecors.com\/es\/wp-json\/wp\/v2\/types\/product"}],"replies":[{"embeddable":true,"href":"https:\/\/nexgendecors.com\/es\/wp-json\/wp\/v2\/comments?post=160669"}],"version-history":[{"count":0,"href":"https:\/\/nexgendecors.com\/es\/wp-json\/wp\/v2\/product\/160669\/revisions"}],"wp:featuredmedia":[{"embeddable":true,"href":"https:\/\/nexgendecors.com\/es\/wp-json\/wp\/v2\/media\/160667"}],"wp:attachment":[{"href":"https:\/\/nexgendecors.com\/es\/wp-json\/wp\/v2\/media?parent=160669"}],"wp:term":[{"taxonomy":"product_brand","embeddable":true,"href":"https:\/\/nexgendecors.com\/es\/wp-json\/wp\/v2\/product_brand?post=160669"},{"taxonomy":"product_cat","embeddable":true,"href":"https:\/\/nexgendecors.com\/es\/wp-json\/wp\/v2\/product_cat?post=160669"},{"taxonomy":"product_tag","embeddable":true,"href":"https:\/\/nexgendecors.com\/es\/wp-json\/wp\/v2\/product_tag?post=160669"}],"curies":[{"name":"wp","href":"https:\/\/api.w.org\/{rel}","templated":true}]}}