{"id":16104,"date":"2025-01-13T06:53:53","date_gmt":"2025-01-13T06:53:53","guid":{"rendered":"https:\/\/nexgendecors.com\/product\/new-wood-grain-toilet-stone-grain-toilet-ceramic-creative-personality-colorful-egg-shaped-toilet-water-saving-large-diameter-ceramic\/"},"modified":"2025-04-06T07:39:25","modified_gmt":"2025-04-06T07:39:25","slug":"inodoro-de-ceramica-con-vetas-de-madera-y-piedra-nuevo-con-personalidad-creativa-y-colorido-con-forma-de-huevo-ahorrador-de-agua-de-ceramica-de-gran-diametro","status":"publish","type":"product","link":"https:\/\/nexgendecors.com\/es\/product\/inodoro-de-ceramica-con-vetas-de-madera-y-piedra-nuevo-con-personalidad-creativa-y-colorido-con-forma-de-huevo-ahorrador-de-agua-de-ceramica-de-gran-diametro\/","title":{"rendered":"Inodoro de cer\u00e1mica con dise\u00f1o colorido en forma de huevo que ahorra agua"},"content":{"rendered":"<ul>\n<li>\n<strong>marca<\/strong>:otro\/otro<\/li>\n<li>\n<strong>modelo<\/strong>:8055<\/li>\n<li>\n<strong>Material<\/strong>:cer\u00e1mica<\/li>\n<li>\n<strong>Instalaci\u00f3n<\/strong>:Marca<\/li>\n<li>\n<strong>ordenar por color<\/strong>:Grano de madera negro mate, grano de piedra dorado negro brillante<\/li>\n<li>\n<strong>Distancia m\u00ednima entre boxes<\/strong>:305 mm, 400 mm, otros<\/li>\n<li>\n<strong>Soporte de carga<\/strong>:70 kg y m\u00e1s<\/li>\n<li>\n<strong>Tipo de inodoro<\/strong>:Una pieza<\/li>\n<li>\n<strong>M\u00e9todo de descarga del inodoro<\/strong>:Super v\u00f3rtice<\/li>\n<li>\n<strong>M\u00e9todo de drenaje<\/strong>:Drenaje del suelo<\/li>\n<li>\n<strong>Volumen de descarga del inodoro<\/strong>:4.8L<\/li>\n<li>\n<strong>Tipo de bot\u00f3n de descarga<\/strong>:Presione lateralmente un paso<\/li>\n<li>\n<strong>\u00bfLa cubierta est\u00e1 amortiguada?<\/strong>:S\u00ed<\/li>\n<li>\n<strong>Nivel de eficiencia del agua<\/strong>:Nivel 1<\/li>\n<\/ul>\n<p><img><\/p>","protected":false},"excerpt":{"rendered":"<p>Marca: otro\/otro Modelo: 8055 Material: cer\u00e1mica Instalaci\u00f3n: punto de referencia Ordenar por color: veta de madera negra mate, veta de piedra dorada negra brillante Distancia m\u00ednima del hoyo: 305 mm, 400 mm, otro Capacidad de carga: 70 kg y<\/p>","protected":false},"featured_media":16749,"comment_status":"open","ping_status":"closed","template":"","meta":[],"product_brand":[],"product_cat":[30971,353],"product_tag":[],"class_list":{"0":"post-16104","1":"product","2":"type-product","3":"status-publish","4":"has-post-thumbnail","6":"product_cat-hp","7":"product_cat-wholesale-toilet","9":"first","10":"instock","11":"taxable","12":"shipping-taxable","13":"purchasable","14":"product-type-variable"},"_links":{"self":[{"href":"https:\/\/nexgendecors.com\/es\/wp-json\/wp\/v2\/product\/16104","targetHints":{"allow":["GET"]}}],"collection":[{"href":"https:\/\/nexgendecors.com\/es\/wp-json\/wp\/v2\/product"}],"about":[{"href":"https:\/\/nexgendecors.com\/es\/wp-json\/wp\/v2\/types\/product"}],"replies":[{"embeddable":true,"href":"https:\/\/nexgendecors.com\/es\/wp-json\/wp\/v2\/comments?post=16104"}],"version-history":[{"count":0,"href":"https:\/\/nexgendecors.com\/es\/wp-json\/wp\/v2\/product\/16104\/revisions"}],"wp:featuredmedia":[{"embeddable":true,"href":"https:\/\/nexgendecors.com\/es\/wp-json\/wp\/v2\/media\/16749"}],"wp:attachment":[{"href":"https:\/\/nexgendecors.com\/es\/wp-json\/wp\/v2\/media?parent=16104"}],"wp:term":[{"taxonomy":"product_brand","embeddable":true,"href":"https:\/\/nexgendecors.com\/es\/wp-json\/wp\/v2\/product_brand?post=16104"},{"taxonomy":"product_cat","embeddable":true,"href":"https:\/\/nexgendecors.com\/es\/wp-json\/wp\/v2\/product_cat?post=16104"},{"taxonomy":"product_tag","embeddable":true,"href":"https:\/\/nexgendecors.com\/es\/wp-json\/wp\/v2\/product_tag?post=16104"}],"curies":[{"name":"wp","href":"https:\/\/api.w.org\/{rel}","templated":true}]}}