{"id":16156,"date":"2025-01-13T06:53:56","date_gmt":"2025-01-13T06:53:56","guid":{"rendered":"https:\/\/nexgendecors.com\/product\/new-light-luxury-gray-household-flush-toilet-color-ceramic-bathroom-siphon-deodorant-toilet-seat-toilet\/"},"modified":"2025-04-06T07:39:30","modified_gmt":"2025-04-06T07:39:30","slug":"new-light-luxury-gray-household-flush-toilet-color-ceramic-bathroom-siphon-deodorant-toilet-seat-toilet","status":"publish","type":"product","link":"https:\/\/nexgendecors.com\/es\/product\/new-light-luxury-gray-household-flush-toilet-color-ceramic-bathroom-siphon-deodorant-toilet-seat-toilet\/","title":{"rendered":"Inodoro de cer\u00e1mica gris de lujo con asiento desodorante"},"content":{"rendered":"<ul>\n<li>\n<strong>marca<\/strong>:Manglis<\/li>\n<li>\n<strong>modelo<\/strong>:MG-246<\/li>\n<li>\n<strong>Material<\/strong>:cer\u00e1mica<\/li>\n<li>\n<strong>Origen<\/strong>:China continental<\/li>\n<li>\n<strong>provincia<\/strong>:Provincia de Guangdong<\/li>\n<li>\n<strong>ciudad<\/strong>:Ciudad de Chaozhou<\/li>\n<li>\n<strong>Instalaci\u00f3n<\/strong>:Marca<\/li>\n<li>\n<strong>ordenar por color<\/strong>:Gray and gold line round cheongsam, gray and black line round cheongsam, gray and gold line square cheongsam, gray and black line square cheongsam, white and gray line round cheongsam, white and gold line round cheongsam, white and black line round cheongsam, white and gray line square cheongsam, white and gold line square cheongsam, white and black line square cheongsam<\/li>\n<li>\n<strong>Distancia m\u00ednima entre boxes<\/strong>:305 mm, 350 mm, 400 mm, otros<\/li>\n<li>\n<strong>Servicio en la ciudad<\/strong>:Log\u00edstica intraurbana de entrega puerta a puerta<\/li>\n<li>\n<strong>Tipo de inodoro<\/strong>:Una pieza<\/li>\n<li>\n<strong>M\u00e9todo de descarga del inodoro<\/strong>:Tipo sif\u00f3n de chorro<\/li>\n<li>\n<strong>M\u00e9todo de drenaje<\/strong>:Drenaje del suelo<\/li>\n<li>\n<strong>Volumen de descarga del inodoro<\/strong>:3\/4,5L<\/li>\n<li>\n<strong>Tipo de bot\u00f3n de descarga<\/strong>:Presione en ambos extremos<\/li>\n<li>\n<strong>\u00bfLa cubierta est\u00e1 amortiguada?<\/strong>:S\u00ed<\/li>\n<li>\n<strong>Nivel de eficiencia del agua<\/strong>:Nivel 1<\/li>\n<li>\n<strong><\/strong>:<\/li>\n<\/ul>\n<p><img><\/p>","protected":false},"excerpt":{"rendered":"<p>Marca: Manglis Modelo: MG-246 Material: cer\u00e1mica Origen: China continental Provincia: Provincia de Guangdong Ciudad: Ciudad de Chaozhou Instalaci\u00f3n: Punto de referencia Ordenar por color: Cheongsam redondo con l\u00edneas grises y doradas, gris y<\/p>","protected":false},"featured_media":16768,"comment_status":"open","ping_status":"closed","template":"","meta":[],"product_brand":[],"product_cat":[30971,353],"product_tag":[],"class_list":{"0":"post-16156","1":"product","2":"type-product","3":"status-publish","4":"has-post-thumbnail","6":"product_cat-hp","7":"product_cat-wholesale-toilet","9":"first","10":"instock","11":"taxable","12":"shipping-taxable","13":"purchasable","14":"product-type-variable"},"_links":{"self":[{"href":"https:\/\/nexgendecors.com\/es\/wp-json\/wp\/v2\/product\/16156","targetHints":{"allow":["GET"]}}],"collection":[{"href":"https:\/\/nexgendecors.com\/es\/wp-json\/wp\/v2\/product"}],"about":[{"href":"https:\/\/nexgendecors.com\/es\/wp-json\/wp\/v2\/types\/product"}],"replies":[{"embeddable":true,"href":"https:\/\/nexgendecors.com\/es\/wp-json\/wp\/v2\/comments?post=16156"}],"version-history":[{"count":0,"href":"https:\/\/nexgendecors.com\/es\/wp-json\/wp\/v2\/product\/16156\/revisions"}],"wp:featuredmedia":[{"embeddable":true,"href":"https:\/\/nexgendecors.com\/es\/wp-json\/wp\/v2\/media\/16768"}],"wp:attachment":[{"href":"https:\/\/nexgendecors.com\/es\/wp-json\/wp\/v2\/media?parent=16156"}],"wp:term":[{"taxonomy":"product_brand","embeddable":true,"href":"https:\/\/nexgendecors.com\/es\/wp-json\/wp\/v2\/product_brand?post=16156"},{"taxonomy":"product_cat","embeddable":true,"href":"https:\/\/nexgendecors.com\/es\/wp-json\/wp\/v2\/product_cat?post=16156"},{"taxonomy":"product_tag","embeddable":true,"href":"https:\/\/nexgendecors.com\/es\/wp-json\/wp\/v2\/product_tag?post=16156"}],"curies":[{"name":"wp","href":"https:\/\/api.w.org\/{rel}","templated":true}]}}