{"id":161885,"date":"2025-02-11T09:29:10","date_gmt":"2025-02-11T09:29:10","guid":{"rendered":"https:\/\/nexgendecors.com\/en\/product\/pu-grille-m-brick-nine-square-cement-structure-net-red-hollow-brick-construction-brick-hollow-partition-wall-background-wall-exterior-wall-brick\/"},"modified":"2025-04-15T10:59:12","modified_gmt":"2025-04-15T10:59:12","slug":"rejilla-de-pu-ladrillo-m-estructura-de-cemento-de-nueve-cuadrados-red-ladrillo-hueco-rojo-construccion-de-ladrillo-pared-divisoria-hueca-pared-de-fondo-pared-exterior-ladrillo","status":"publish","type":"product","link":"https:\/\/nexgendecors.com\/es\/product\/rejilla-de-pu-ladrillo-m-estructura-de-cemento-de-nueve-cuadrados-red-ladrillo-hueco-rojo-construccion-de-ladrillo-pared-divisoria-hueca-pared-de-fondo-pared-exterior-ladrillo\/","title":{"rendered":"Rejilla de PU M de ladrillo hueco para paredes divisorias con estilo"},"content":{"rendered":"<ul>\n<li><strong>marca<\/strong>:Nueve cuadr\u00edculas<\/li>\n<li><strong>modelo<\/strong>:puM ladrillo<\/li>\n<li><strong>estilo<\/strong>:Simple y moderno<\/li>\n<li><strong>Origen<\/strong>:China continental<\/li>\n<li><strong>\u00bfEnviar muestras?<\/strong>:Corte de muestra gratuito, el flete corre por su cuenta.<\/li>\n<li><strong>Unidad de medida<\/strong>:1\u33a1<\/li>\n<li><strong>Absorci\u00f3n de agua<\/strong>:0,5% o m\u00e1s<\/li>\n<li><strong>tama\u00f1o<\/strong>:Muestra gratuita de 200*200 mm del servicio de atenci\u00f3n al cliente, pared de un solo lado\/fondo 1200*600 mm, un solo lado 0,72 cuadrados, un solo lado\/cabezal de puerta 1200*600 mm, partici\u00f3n delgada de doble cara 1200*600 mm, doble cara 0,72 cuadrados, partici\u00f3n gruesa de doble cara 1200*600 mm<\/li>\n<li><strong>Textura<\/strong>:Color s\u00f3lido<\/li>\n<li><strong>Espacio aplicable<\/strong>:Paredes internas y externas<\/li>\n<li><strong>ordenar por color<\/strong>:M ladrillo-rojo chino, M ladrillo-gris cemento claro, M ladrillo-gris oscuro, M ladrillo-negro oscuro, M ladrillo-blanco monta\u00f1a nieve, M ladrillo-c\u00e1\u00f1amo dorado<\/li>\n<li><strong><\/strong>:<\/li>\n<\/ul>","protected":false},"excerpt":{"rendered":"<p>Marca: Nine-grid Modelo: ladrillo PUM Estilo: simple y moderno Origen: China continental \u00bfEnviar muestras?: Corte de muestra gratuito, el flete corre por su cuenta Unidad de<\/p>","protected":false},"featured_media":161884,"comment_status":"open","ping_status":"closed","template":"","meta":[],"product_brand":[],"product_cat":[30894,30892,30878,30985],"product_tag":[30891],"class_list":{"0":"post-161885","1":"product","2":"type-product","3":"status-publish","4":"has-post-thumbnail","6":"product_cat-bs-wall-panels","7":"product_cat-export","8":"product_cat-wall-panel","9":"product_cat-wall-panels","10":"product_tag-title-adjust","12":"first","13":"instock","14":"taxable","15":"shipping-taxable","16":"purchasable","17":"product-type-variable"},"_links":{"self":[{"href":"https:\/\/nexgendecors.com\/es\/wp-json\/wp\/v2\/product\/161885","targetHints":{"allow":["GET"]}}],"collection":[{"href":"https:\/\/nexgendecors.com\/es\/wp-json\/wp\/v2\/product"}],"about":[{"href":"https:\/\/nexgendecors.com\/es\/wp-json\/wp\/v2\/types\/product"}],"replies":[{"embeddable":true,"href":"https:\/\/nexgendecors.com\/es\/wp-json\/wp\/v2\/comments?post=161885"}],"version-history":[{"count":0,"href":"https:\/\/nexgendecors.com\/es\/wp-json\/wp\/v2\/product\/161885\/revisions"}],"wp:featuredmedia":[{"embeddable":true,"href":"https:\/\/nexgendecors.com\/es\/wp-json\/wp\/v2\/media\/161884"}],"wp:attachment":[{"href":"https:\/\/nexgendecors.com\/es\/wp-json\/wp\/v2\/media?parent=161885"}],"wp:term":[{"taxonomy":"product_brand","embeddable":true,"href":"https:\/\/nexgendecors.com\/es\/wp-json\/wp\/v2\/product_brand?post=161885"},{"taxonomy":"product_cat","embeddable":true,"href":"https:\/\/nexgendecors.com\/es\/wp-json\/wp\/v2\/product_cat?post=161885"},{"taxonomy":"product_tag","embeddable":true,"href":"https:\/\/nexgendecors.com\/es\/wp-json\/wp\/v2\/product_tag?post=161885"}],"curies":[{"name":"wp","href":"https:\/\/api.w.org\/{rel}","templated":true}]}}