{"id":162301,"date":"2025-02-11T09:32:56","date_gmt":"2025-02-11T09:32:56","guid":{"rendered":"https:\/\/nexgendecors.com\/en\/product\/pu-cracked-stone-turtle-pattern-stone-simulated-stone-cultural-stone-skin-background-wall-castle-stone-mushroom-stone-fortress-stone-exterior-wall-brick\/"},"modified":"2025-04-15T10:59:11","modified_gmt":"2025-04-15T10:59:11","slug":"pu-cracked-stone-turtle-pattern-stone-simulated-stone-cultural-stone-skin-background-wall-castle-stone-mushroom-stone-fortress-stone-exterior-wall-brick","status":"publish","type":"product","link":"https:\/\/nexgendecors.com\/es\/product\/pu-cracked-stone-turtle-pattern-stone-simulated-stone-cultural-stone-skin-background-wall-castle-stone-mushroom-stone-fortress-stone-exterior-wall-brick\/","title":{"rendered":"Decoraci\u00f3n de pared cultural con dise\u00f1o de tortuga de piedra agrietada"},"content":{"rendered":"<ul>\n<li><strong>marca<\/strong>:otro\/otro<\/li>\n<li><strong>Origen<\/strong>:China continental<\/li>\n<li><strong>\u00bfEnviar muestras?<\/strong>:Corte de muestra gratuito, env\u00edo gratuito.<\/li>\n<li><strong>Unidad de medida<\/strong>:1\u33a1<\/li>\n<li><strong>Clasificaci\u00f3n del espacio de decoraci\u00f3n<\/strong>:Background wall<\/li>\n<li><strong>tama\u00f1o<\/strong>:200*200 free sample upon consultation with customer service, 1200*600 0.72 square per piece<\/li>\n<li><strong>ordenar por color<\/strong>:PU cracked stone &#8211; dark gray, PU cracked stone &#8211; light cement gray, PU cracked stone &#8211; 3A cement gray, PU cracked stone &#8211; dark black, PU cracked stone &#8211; white marble, PU cracked stone &#8211; snow mountain white, PU cracked stone &#8211; Rhine yellow, PU cracked stone &#8211; mysterious black, PU cracked stone &#8211; future gray, PU cracked stone &#8211; dream red, PU cracked stone &#8211; ideal yellow<\/li>\n<li><strong><\/strong>:<\/li>\n<\/ul>","protected":false},"excerpt":{"rendered":"<p>Marca: otro\/otro Origen: China continental \u00bfEnviar muestras?: Corte de muestra gratuito, env\u00edo gratuito Unidad de medida: 1\u33a1 Clasificaci\u00f3n del espacio de decoraci\u00f3n: Pared de fondo Tama\u00f1o: 200*200 muestra gratis<\/p>","protected":false},"featured_media":162300,"comment_status":"open","ping_status":"closed","template":"","meta":[],"product_brand":[],"product_cat":[30892,30878,30985],"product_tag":[30891],"class_list":{"0":"post-162301","1":"product","2":"type-product","3":"status-publish","4":"has-post-thumbnail","6":"product_cat-export","7":"product_cat-wall-panel","8":"product_cat-wall-panels","9":"product_tag-title-adjust","11":"first","12":"instock","13":"taxable","14":"shipping-taxable","15":"purchasable","16":"product-type-variable"},"_links":{"self":[{"href":"https:\/\/nexgendecors.com\/es\/wp-json\/wp\/v2\/product\/162301","targetHints":{"allow":["GET"]}}],"collection":[{"href":"https:\/\/nexgendecors.com\/es\/wp-json\/wp\/v2\/product"}],"about":[{"href":"https:\/\/nexgendecors.com\/es\/wp-json\/wp\/v2\/types\/product"}],"replies":[{"embeddable":true,"href":"https:\/\/nexgendecors.com\/es\/wp-json\/wp\/v2\/comments?post=162301"}],"version-history":[{"count":0,"href":"https:\/\/nexgendecors.com\/es\/wp-json\/wp\/v2\/product\/162301\/revisions"}],"wp:featuredmedia":[{"embeddable":true,"href":"https:\/\/nexgendecors.com\/es\/wp-json\/wp\/v2\/media\/162300"}],"wp:attachment":[{"href":"https:\/\/nexgendecors.com\/es\/wp-json\/wp\/v2\/media?parent=162301"}],"wp:term":[{"taxonomy":"product_brand","embeddable":true,"href":"https:\/\/nexgendecors.com\/es\/wp-json\/wp\/v2\/product_brand?post=162301"},{"taxonomy":"product_cat","embeddable":true,"href":"https:\/\/nexgendecors.com\/es\/wp-json\/wp\/v2\/product_cat?post=162301"},{"taxonomy":"product_tag","embeddable":true,"href":"https:\/\/nexgendecors.com\/es\/wp-json\/wp\/v2\/product_tag?post=162301"}],"curies":[{"name":"wp","href":"https:\/\/api.w.org\/{rel}","templated":true}]}}