{"id":16308,"date":"2025-01-13T06:54:01","date_gmt":"2025-01-13T06:54:01","guid":{"rendered":"https:\/\/nexgendecors.com\/product\/new-gray-household-flush-deodorizing-toilet-modern-light-luxury-color-ceramic-toilet-siphon-black-toilet\/"},"modified":"2025-03-08T04:56:35","modified_gmt":"2025-03-08T04:56:35","slug":"new-gray-household-flush-deodorizing-toilet-modern-light-luxury-color-ceramic-toilet-siphon-black-toilet","status":"publish","type":"product","link":"https:\/\/nexgendecors.com\/es\/product\/new-gray-household-flush-deodorizing-toilet-modern-light-luxury-color-ceramic-toilet-siphon-black-toilet\/","title":{"rendered":"Inodoro de sif\u00f3n de cer\u00e1mica gris moderno y negro de lujo"},"content":{"rendered":"<ul>\n<li>\n<strong>marca<\/strong>:Shikalu<\/li>\n<li>\n<strong>modelo<\/strong>:8802<\/li>\n<li>\n<strong>Material<\/strong>:cer\u00e1mica<\/li>\n<li>\n<strong>Origen<\/strong>:China continental<\/li>\n<li>\n<strong>provincia<\/strong>:Provincia de Guangdong<\/li>\n<li>\n<strong>ciudad<\/strong>:Ciudad de Chaozhou<\/li>\n<li>\n<strong>Instalaci\u00f3n<\/strong>:Marca<\/li>\n<li>\n<strong>ordenar por color<\/strong>:Toilet Aurora White (with 304 angle valve hose), Toilet Jazz Black (with 304 angle valve hose), Toilet Bright Gray (with 304 angle valve hose), Toilet Gentleman Black (with 304 angle valve hose)<\/li>\n<li>\n<strong>Distancia m\u00ednima entre boxes<\/strong>:305 mm, 350 mm, 400 mm<\/li>\n<li>\n<strong>Servicio en la ciudad<\/strong>:Log\u00edstica intraurbana de entrega puerta a puerta<\/li>\n<li>\n<strong>Soporte de carga<\/strong>:61kg (inclusive) &#8211; 70kg (exclusive)<\/li>\n<li>\n<strong>Tipo de inodoro<\/strong>:Una pieza<\/li>\n<li>\n<strong>M\u00e9todo de descarga del inodoro<\/strong>:Tipo sif\u00f3n de chorro<\/li>\n<li>\n<strong>M\u00e9todo de drenaje<\/strong>:Drenaje del suelo<\/li>\n<li>\n<strong>Volumen de descarga del inodoro<\/strong>:3.0L-6.0L<\/li>\n<li>\n<strong>Tipo de bot\u00f3n de descarga<\/strong>:Presione en ambos extremos<\/li>\n<li>\n<strong>\u00bfLa cubierta est\u00e1 amortiguada?<\/strong>:S\u00ed<\/li>\n<li>\n<strong>Nivel de eficiencia del agua<\/strong>:Nivel 1<\/li>\n<\/ul>","protected":false},"excerpt":{"rendered":"<p>Marca: Shikalu Modelo: 8802 Material: cer\u00e1mica Origen: China continental Provincia: Provincia de Guangdong Ciudad: Ciudad de Chaozhou Instalaci\u00f3n: Punto de referencia Ordenar por color: Inodoro Aurora White (con manguera de v\u00e1lvula de \u00e1ngulo 304),<\/p>","protected":false},"featured_media":16798,"comment_status":"open","ping_status":"closed","template":"","meta":[],"product_brand":[],"product_cat":[30971,353],"product_tag":[],"class_list":{"0":"post-16308","1":"product","2":"type-product","3":"status-publish","4":"has-post-thumbnail","6":"product_cat-hp","7":"product_cat-wholesale-toilet","9":"first","10":"instock","11":"taxable","12":"shipping-taxable","13":"purchasable","14":"product-type-variable"},"_links":{"self":[{"href":"https:\/\/nexgendecors.com\/es\/wp-json\/wp\/v2\/product\/16308","targetHints":{"allow":["GET"]}}],"collection":[{"href":"https:\/\/nexgendecors.com\/es\/wp-json\/wp\/v2\/product"}],"about":[{"href":"https:\/\/nexgendecors.com\/es\/wp-json\/wp\/v2\/types\/product"}],"replies":[{"embeddable":true,"href":"https:\/\/nexgendecors.com\/es\/wp-json\/wp\/v2\/comments?post=16308"}],"version-history":[{"count":0,"href":"https:\/\/nexgendecors.com\/es\/wp-json\/wp\/v2\/product\/16308\/revisions"}],"wp:featuredmedia":[{"embeddable":true,"href":"https:\/\/nexgendecors.com\/es\/wp-json\/wp\/v2\/media\/16798"}],"wp:attachment":[{"href":"https:\/\/nexgendecors.com\/es\/wp-json\/wp\/v2\/media?parent=16308"}],"wp:term":[{"taxonomy":"product_brand","embeddable":true,"href":"https:\/\/nexgendecors.com\/es\/wp-json\/wp\/v2\/product_brand?post=16308"},{"taxonomy":"product_cat","embeddable":true,"href":"https:\/\/nexgendecors.com\/es\/wp-json\/wp\/v2\/product_cat?post=16308"},{"taxonomy":"product_tag","embeddable":true,"href":"https:\/\/nexgendecors.com\/es\/wp-json\/wp\/v2\/product_tag?post=16308"}],"curies":[{"name":"wp","href":"https:\/\/api.w.org\/{rel}","templated":true}]}}