{"id":163135,"date":"2025-02-11T10:32:02","date_gmt":"2025-02-11T10:32:02","guid":{"rendered":"https:\/\/nexgendecors.com\/en\/product\/translucent-foam-aluminum-plate-foam-aluminum-plate-aluminum-honeycomb-sound-absorbing-decorative-ceiling-micron-hole-door-head-ceiling-noise-reduction\/"},"modified":"2025-04-15T10:59:08","modified_gmt":"2025-04-15T10:59:08","slug":"translucent-foam-aluminum-plate-foam-aluminum-plate-aluminum-honeycomb-sound-absorbing-decorative-ceiling-micron-hole-door-head-ceiling-noise-reduction","status":"publish","type":"product","link":"https:\/\/nexgendecors.com\/es\/product\/translucent-foam-aluminum-plate-foam-aluminum-plate-aluminum-honeycomb-sound-absorbing-decorative-ceiling-micron-hole-door-head-ceiling-noise-reduction\/","title":{"rendered":"Techo fonoabsorbente de aluminio transl\u00facido en nido de abeja"},"content":{"rendered":"<ul>\n<li><strong>marca<\/strong>:Sin marca\/sin marca registrada<\/li>\n<li><strong>modelo<\/strong>:M10863<\/li>\n<li><strong>\u00bfEs personalizable?<\/strong>:S\u00ed<\/li>\n<li><strong>Sound absorbing material form<\/strong>:Bubble<\/li>\n<li><strong>Origen<\/strong>:China continental<\/li>\n<li><strong>provincia<\/strong>:Provincia de Jiangsu<\/li>\n<li><strong>Ciudad<\/strong>:Suqian City<\/li>\n<li><strong>forma<\/strong>:rect\u00e1ngulo<\/li>\n<li><strong>Material<\/strong>:Metal<\/li>\n<li><strong>\u00bfEnviar muestras?<\/strong>:Corte de muestra gratuito, env\u00edo gratuito.<\/li>\n<li><strong>Unidad de medida<\/strong>:Metro cuadrado<\/li>\n<li><strong>ordenar por color<\/strong>:D63-free sampling consultation customer service, M84-support color customization contact customer service, H28-hard light-transmitting-silver square price, P19-hard light-transmitting-bright silver square price, H62-hard light-transmitting-black square price, R16-hard light-transmitting-gold square price, T82-hard light-transmitting-champagne square price, C22-hard light-transmitting-orange square price, U38-hard light-transmitting-red square price, T61-hard light-transmitting-turquoise square price, R33-hard light-transmitting-purple square price, T37-hard light-transmitting-light purple square price, T73-hard light-transmitting-green square price, U80-soft bendable-silver bend at will, M40-soft bendable-gold bend at will<\/li>\n<\/ul>","protected":false},"excerpt":{"rendered":"<p>marca:No marca\/no marca registrada modelo:M10863 \u00bfSe puede personalizar?:s\u00ed material de absorci\u00f3n ac\u00fastica forma:burbuja origen:China continental provincia:provincia de Jiangsu ciudad:ciudad de Suqian forma:rect\u00e1ngulo material:metal<\/p>","protected":false},"featured_media":163134,"comment_status":"open","ping_status":"closed","template":"","meta":[],"product_brand":[],"product_cat":[30894,30892,30878,30985],"product_tag":[30891],"class_list":{"0":"post-163135","1":"product","2":"type-product","3":"status-publish","4":"has-post-thumbnail","6":"product_cat-bs-wall-panels","7":"product_cat-export","8":"product_cat-wall-panel","9":"product_cat-wall-panels","10":"product_tag-title-adjust","12":"first","13":"instock","14":"taxable","15":"shipping-taxable","16":"purchasable","17":"product-type-variable"},"_links":{"self":[{"href":"https:\/\/nexgendecors.com\/es\/wp-json\/wp\/v2\/product\/163135","targetHints":{"allow":["GET"]}}],"collection":[{"href":"https:\/\/nexgendecors.com\/es\/wp-json\/wp\/v2\/product"}],"about":[{"href":"https:\/\/nexgendecors.com\/es\/wp-json\/wp\/v2\/types\/product"}],"replies":[{"embeddable":true,"href":"https:\/\/nexgendecors.com\/es\/wp-json\/wp\/v2\/comments?post=163135"}],"version-history":[{"count":0,"href":"https:\/\/nexgendecors.com\/es\/wp-json\/wp\/v2\/product\/163135\/revisions"}],"wp:featuredmedia":[{"embeddable":true,"href":"https:\/\/nexgendecors.com\/es\/wp-json\/wp\/v2\/media\/163134"}],"wp:attachment":[{"href":"https:\/\/nexgendecors.com\/es\/wp-json\/wp\/v2\/media?parent=163135"}],"wp:term":[{"taxonomy":"product_brand","embeddable":true,"href":"https:\/\/nexgendecors.com\/es\/wp-json\/wp\/v2\/product_brand?post=163135"},{"taxonomy":"product_cat","embeddable":true,"href":"https:\/\/nexgendecors.com\/es\/wp-json\/wp\/v2\/product_cat?post=163135"},{"taxonomy":"product_tag","embeddable":true,"href":"https:\/\/nexgendecors.com\/es\/wp-json\/wp\/v2\/product_tag?post=163135"}],"curies":[{"name":"wp","href":"https:\/\/api.w.org\/{rel}","templated":true}]}}