{"id":163261,"date":"2025-02-11T10:34:37","date_gmt":"2025-02-11T10:34:37","guid":{"rendered":"https:\/\/nexgendecors.com\/en\/product\/green-feather-brick-bathroom-tile-dark-green-brick-flower-tile-toilet-wall-tile-kitchen-restaurant-net-red\/"},"modified":"2025-04-15T11:18:07","modified_gmt":"2025-04-15T11:18:07","slug":"green-feather-brick-bathroom-tile-dark-green-brick-flower-tile-toilet-wall-tile-kitchen-restaurant-net-red","status":"publish","type":"product","link":"https:\/\/nexgendecors.com\/es\/product\/green-feather-brick-bathroom-tile-dark-green-brick-flower-tile-toilet-wall-tile-kitchen-restaurant-net-red\/","title":{"rendered":"Azulejos de ladrillo verde oscuro para decoraci\u00f3n de ba\u00f1os y cocinas"},"content":{"rendered":"<ul>\n<li><strong>marca<\/strong>:Check embroidery<\/li>\n<li><strong>modelo<\/strong>:Feather Brick 6.8<\/li>\n<li><strong>patr\u00f3n<\/strong>:Color s\u00f3lido<\/li>\n<li><strong>estilo<\/strong>:Europa del Norte<\/li>\n<li><strong>Origen<\/strong>:China continental<\/li>\n<li><strong>tama\u00f1o<\/strong>:otro<\/li>\n<li><strong>Espacio aplicable<\/strong>:Interior Wall<\/li>\n<li><strong>ordenar por color<\/strong>:Dark green 3 colors single eye feather\/piece, dark green 3 colors\/piece, olive green 3 colors\/1 piece, dark green single eye single package\/piece<\/li>\n<li><strong>Unidad de medida<\/strong>:0.027\u33a1<\/li>\n<li><strong>Absorci\u00f3n de agua<\/strong>:0,5% o m\u00e1s<\/li>\n<li><strong>\u00bfEnviar muestras?<\/strong>:Corte de muestra gratuito, el flete corre por su cuenta.<\/li>\n<li><strong><\/strong>:<\/li>\n<\/ul>","protected":false},"excerpt":{"rendered":"<p>marca:Check bordado modelo:Feather Brick 6.8 patr\u00f3n:Color s\u00f3lido estilo:Europa del Norte origen:China continental tama\u00f1o:otros espacio aplicable:Pared interior ordenar por color:Verde oscuro 3<\/p>","protected":false},"featured_media":163260,"comment_status":"open","ping_status":"closed","template":"","meta":[],"product_brand":[],"product_cat":[30892,30986,30878],"product_tag":[30891],"class_list":{"0":"post-163261","1":"product","2":"type-product","3":"status-publish","4":"has-post-thumbnail","6":"product_cat-export","7":"product_cat-tiles-wall-bricks","8":"product_cat-wall-panel","9":"product_tag-title-adjust","11":"first","12":"instock","13":"taxable","14":"shipping-taxable","15":"purchasable","16":"product-type-variable"},"_links":{"self":[{"href":"https:\/\/nexgendecors.com\/es\/wp-json\/wp\/v2\/product\/163261","targetHints":{"allow":["GET"]}}],"collection":[{"href":"https:\/\/nexgendecors.com\/es\/wp-json\/wp\/v2\/product"}],"about":[{"href":"https:\/\/nexgendecors.com\/es\/wp-json\/wp\/v2\/types\/product"}],"replies":[{"embeddable":true,"href":"https:\/\/nexgendecors.com\/es\/wp-json\/wp\/v2\/comments?post=163261"}],"version-history":[{"count":0,"href":"https:\/\/nexgendecors.com\/es\/wp-json\/wp\/v2\/product\/163261\/revisions"}],"wp:featuredmedia":[{"embeddable":true,"href":"https:\/\/nexgendecors.com\/es\/wp-json\/wp\/v2\/media\/163260"}],"wp:attachment":[{"href":"https:\/\/nexgendecors.com\/es\/wp-json\/wp\/v2\/media?parent=163261"}],"wp:term":[{"taxonomy":"product_brand","embeddable":true,"href":"https:\/\/nexgendecors.com\/es\/wp-json\/wp\/v2\/product_brand?post=163261"},{"taxonomy":"product_cat","embeddable":true,"href":"https:\/\/nexgendecors.com\/es\/wp-json\/wp\/v2\/product_cat?post=163261"},{"taxonomy":"product_tag","embeddable":true,"href":"https:\/\/nexgendecors.com\/es\/wp-json\/wp\/v2\/product_tag?post=163261"}],"curies":[{"name":"wp","href":"https:\/\/api.w.org\/{rel}","templated":true}]}}