{"id":163772,"date":"2025-02-11T10:42:43","date_gmt":"2025-02-11T10:42:43","guid":{"rendered":"https:\/\/nexgendecors.com\/en\/product\/new-glass-brick-partitions-are-on-the-market-italian-design-is-pure-noble-clear-bright-and-clean-creating-a-sense-of-artistic-conception\/"},"modified":"2025-04-15T11:18:06","modified_gmt":"2025-04-15T11:18:06","slug":"new-glass-brick-partitions-are-on-the-market-italian-design-is-pure-noble-clear-bright-and-clean-creating-a-sense-of-artistic-conception","status":"publish","type":"product","link":"https:\/\/nexgendecors.com\/es\/product\/new-glass-brick-partitions-are-on-the-market-italian-design-is-pure-noble-clear-bright-and-clean-creating-a-sense-of-artistic-conception\/","title":{"rendered":"Mamparas de ladrillo de vidrio italianas: dise\u00f1o puro y elegante"},"content":{"rendered":"<ul>\n<li><strong>marca<\/strong>:otro\/otro<\/li>\n<li><strong>modelo<\/strong>:Square glass brick<\/li>\n<li><strong>Origen<\/strong>:China continental<\/li>\n<li><strong>Tipo de vidrio<\/strong>:Vidrio ordinario<\/li>\n<li><strong>Basic building materials technology<\/strong>:transparent<\/li>\n<li><strong>forma<\/strong>:Cuadrado<\/li>\n<li><strong>color<\/strong>:White<\/li>\n<li><strong><\/strong>:<\/li>\n<\/ul>","protected":false},"excerpt":{"rendered":"<p>Marca: otro\/otro Modelo: Ladrillo de vidrio cuadrado Origen: China continental Tipo de vidrio: Vidrio ordinario Tecnolog\u00eda de materiales b\u00e1sicos de construcci\u00f3n: transparente Forma: Cuadrado Color: Blanco :<\/p>","protected":false},"featured_media":163771,"comment_status":"open","ping_status":"closed","template":"","meta":[],"product_brand":[],"product_cat":[30894,30892,30986,30878],"product_tag":[30891],"class_list":{"0":"post-163772","1":"product","2":"type-product","3":"status-publish","4":"has-post-thumbnail","6":"product_cat-bs-wall-panels","7":"product_cat-export","8":"product_cat-tiles-wall-bricks","9":"product_cat-wall-panel","10":"product_tag-title-adjust","12":"first","13":"instock","14":"taxable","15":"shipping-taxable","16":"purchasable","17":"product-type-simple"},"_links":{"self":[{"href":"https:\/\/nexgendecors.com\/es\/wp-json\/wp\/v2\/product\/163772","targetHints":{"allow":["GET"]}}],"collection":[{"href":"https:\/\/nexgendecors.com\/es\/wp-json\/wp\/v2\/product"}],"about":[{"href":"https:\/\/nexgendecors.com\/es\/wp-json\/wp\/v2\/types\/product"}],"replies":[{"embeddable":true,"href":"https:\/\/nexgendecors.com\/es\/wp-json\/wp\/v2\/comments?post=163772"}],"version-history":[{"count":0,"href":"https:\/\/nexgendecors.com\/es\/wp-json\/wp\/v2\/product\/163772\/revisions"}],"wp:featuredmedia":[{"embeddable":true,"href":"https:\/\/nexgendecors.com\/es\/wp-json\/wp\/v2\/media\/163771"}],"wp:attachment":[{"href":"https:\/\/nexgendecors.com\/es\/wp-json\/wp\/v2\/media?parent=163772"}],"wp:term":[{"taxonomy":"product_brand","embeddable":true,"href":"https:\/\/nexgendecors.com\/es\/wp-json\/wp\/v2\/product_brand?post=163772"},{"taxonomy":"product_cat","embeddable":true,"href":"https:\/\/nexgendecors.com\/es\/wp-json\/wp\/v2\/product_cat?post=163772"},{"taxonomy":"product_tag","embeddable":true,"href":"https:\/\/nexgendecors.com\/es\/wp-json\/wp\/v2\/product_tag?post=163772"}],"curies":[{"name":"wp","href":"https:\/\/api.w.org\/{rel}","templated":true}]}}