{"id":163805,"date":"2025-02-11T10:44:30","date_gmt":"2025-02-11T10:44:30","guid":{"rendered":"https:\/\/nexgendecors.com\/en\/product\/hemp-woven-soft-stone-flexible-stone-woven-soft-stone-soft-porcelain-background-wall-ultra-thin-lightweight-indoor-and-outdoor-wall-decoration-material\/"},"modified":"2025-04-15T10:59:07","modified_gmt":"2025-04-15T10:59:07","slug":"piedra-blanda-tejida-de-canamo-piedra-flexible-piedra-blanda-tejida-fondo-de-pared-de-porcelana-suave-material-de-decoracion-de-pared-interior-y-exterior-ultrafino-y-ligero","status":"publish","type":"product","link":"https:\/\/nexgendecors.com\/es\/product\/piedra-blanda-tejida-de-canamo-piedra-flexible-piedra-blanda-tejida-fondo-de-pared-de-porcelana-suave-material-de-decoracion-de-pared-interior-y-exterior-ultrafino-y-ligero\/","title":{"rendered":"Decoraci\u00f3n de pared de piedra blanda tejida con c\u00e1\u00f1amo - ultrafina y ligera"},"content":{"rendered":"<ul>\n<li><strong>marca<\/strong>:Sin marca\/sin marca registrada<\/li>\n<li><strong>modelo<\/strong>:Indeciso<\/li>\n<li><strong>estilo<\/strong>:Simple y moderno<\/li>\n<li><strong>Origen<\/strong>:China continental<\/li>\n<li><strong>\u00bfEnviar muestras?<\/strong>:otro<\/li>\n<li><strong>Unidad de medida<\/strong>:0,72\u33a1<\/li>\n<li><strong>Absorci\u00f3n de agua<\/strong>:0,5% o m\u00e1s<\/li>\n<li><strong>tama\u00f1o<\/strong>:por defecto<\/li>\n<li><strong>Textura<\/strong>:Tela de imitaci\u00f3n<\/li>\n<li><strong>Espacio aplicable<\/strong>:Paredes internas y externas<\/li>\n<li><strong>ordenar por color<\/strong>:Para otros colores, contacte con el servicio de atenci\u00f3n al cliente. Precio total: blanco 600 x 1200, blanquecino 600 x 1200, amarillo trigo 600 x 1200, caqui 600 x 1200, naranja 600 x 1200, gris claro 600 x 1200, gris oscuro 600 x 1200, negro 600 x 1200, precio del tablero de c\u00e1\u00f1amo cuadrado blanco, precio del tablero de c\u00e1\u00f1amo cuadrado blanquecino, precio del tablero de c\u00e1\u00f1amo cuadrado negro, precio del tablero de c\u00e1\u00f1amo cuadrado gris claro, precio del tablero de c\u00e1\u00f1amo cuadrado gris oscuro, precio del tablero de c\u00e1\u00f1amo cuadrado naranja, precio del tablero de c\u00e1\u00f1amo cuadrado amarillo<\/li>\n<li><strong><\/strong>:<\/li>\n<\/ul>","protected":false},"excerpt":{"rendered":"<p>marca:Sin marca\/sin marca registrada modelo:Indeciso estilo:Simple y moderno origen:China continental enviar muestras?:otro unidad de medida:0.72\u33a1 absorci\u00f3n de agua:0.5% o m\u00e1s tama\u00f1o:por defecto.<\/p>","protected":false},"featured_media":163804,"comment_status":"open","ping_status":"closed","template":"","meta":[],"product_brand":[],"product_cat":[30894,30892,30878,30985],"product_tag":[30891],"class_list":{"0":"post-163805","1":"product","2":"type-product","3":"status-publish","4":"has-post-thumbnail","6":"product_cat-bs-wall-panels","7":"product_cat-export","8":"product_cat-wall-panel","9":"product_cat-wall-panels","10":"product_tag-title-adjust","12":"first","13":"instock","14":"taxable","15":"shipping-taxable","16":"purchasable","17":"product-type-variable"},"_links":{"self":[{"href":"https:\/\/nexgendecors.com\/es\/wp-json\/wp\/v2\/product\/163805","targetHints":{"allow":["GET"]}}],"collection":[{"href":"https:\/\/nexgendecors.com\/es\/wp-json\/wp\/v2\/product"}],"about":[{"href":"https:\/\/nexgendecors.com\/es\/wp-json\/wp\/v2\/types\/product"}],"replies":[{"embeddable":true,"href":"https:\/\/nexgendecors.com\/es\/wp-json\/wp\/v2\/comments?post=163805"}],"version-history":[{"count":0,"href":"https:\/\/nexgendecors.com\/es\/wp-json\/wp\/v2\/product\/163805\/revisions"}],"wp:featuredmedia":[{"embeddable":true,"href":"https:\/\/nexgendecors.com\/es\/wp-json\/wp\/v2\/media\/163804"}],"wp:attachment":[{"href":"https:\/\/nexgendecors.com\/es\/wp-json\/wp\/v2\/media?parent=163805"}],"wp:term":[{"taxonomy":"product_brand","embeddable":true,"href":"https:\/\/nexgendecors.com\/es\/wp-json\/wp\/v2\/product_brand?post=163805"},{"taxonomy":"product_cat","embeddable":true,"href":"https:\/\/nexgendecors.com\/es\/wp-json\/wp\/v2\/product_cat?post=163805"},{"taxonomy":"product_tag","embeddable":true,"href":"https:\/\/nexgendecors.com\/es\/wp-json\/wp\/v2\/product_tag?post=163805"}],"curies":[{"name":"wp","href":"https:\/\/api.w.org\/{rel}","templated":true}]}}