{"id":163844,"date":"2025-02-11T10:46:34","date_gmt":"2025-02-11T10:46:34","guid":{"rendered":"https:\/\/nexgendecors.com\/en\/product\/saw-wood-board-soft-stone-flexible-stone-saw-wood-grain-stone-plastic-board-homestay-wall-board-background-wall\/"},"modified":"2025-04-15T10:59:06","modified_gmt":"2025-04-15T10:59:06","slug":"saw-wood-board-soft-stone-flexible-stone-saw-wood-grain-stone-plastic-board-homestay-wall-board-background-wall","status":"publish","type":"product","link":"https:\/\/nexgendecors.com\/es\/product\/saw-wood-board-soft-stone-flexible-stone-saw-wood-grain-stone-plastic-board-homestay-wall-board-background-wall\/","title":{"rendered":"Tablero de piedra flexible con veteado de madera para casas de familia"},"content":{"rendered":"<ul>\n<li><strong>marca<\/strong>:otro\/otro<\/li>\n<li><strong>modelo<\/strong>:Type*Undetermined<\/li>\n<li><strong>estilo<\/strong>:Simple y moderno<\/li>\n<li><strong>Origen<\/strong>:China continental<\/li>\n<li><strong>\u00bfEnviar muestras?<\/strong>:otro<\/li>\n<li><strong>Unidad de medida<\/strong>:1\u33a1<\/li>\n<li><strong>Absorci\u00f3n de agua<\/strong>:0,5% o m\u00e1s<\/li>\n<li><strong>tama\u00f1o<\/strong>:otro<\/li>\n<li><strong>Textura<\/strong>:Piedra de imitaci\u00f3n<\/li>\n<li><strong>Espacio aplicable<\/strong>:Paredes internas y externas<\/li>\n<li><strong>ordenar por color<\/strong>:For sampling details, please consult customer service, log color 600*1200 whole block price, teak color 600*1200 whole block price, light rosewood color 600*1200 whole block price, red cherry color 600*1200 whole block price, white 600*1200 whole block price, black 600*1200 whole block price, log color 1200*3000 square price, teak color 1200*3000 square price, light rosewood color 1200*3000 square price, red cherry color 1200*3000 square price, black 1200*3000 square price<\/li>\n<li><strong><\/strong>:<\/li>\n<\/ul>","protected":false},"excerpt":{"rendered":"<p>marca:otro\/otro modelo:Tipo*Estilo indeterminado:Simple y moderno Origen:China continental \u00bfEnviar muestras?:otro Unidad de medida:1\u33a1 Absorci\u00f3n de agua:0,5% o m\u00e1s tama\u00f1o:otro Textura:Imitaci\u00f3n piedra Aplicable.<\/p>","protected":false},"featured_media":163843,"comment_status":"open","ping_status":"closed","template":"","meta":[],"product_brand":[],"product_cat":[30894,30892,30878,30985],"product_tag":[30891],"class_list":{"0":"post-163844","1":"product","2":"type-product","3":"status-publish","4":"has-post-thumbnail","6":"product_cat-bs-wall-panels","7":"product_cat-export","8":"product_cat-wall-panel","9":"product_cat-wall-panels","10":"product_tag-title-adjust","12":"first","13":"instock","14":"taxable","15":"shipping-taxable","16":"purchasable","17":"product-type-variable"},"_links":{"self":[{"href":"https:\/\/nexgendecors.com\/es\/wp-json\/wp\/v2\/product\/163844","targetHints":{"allow":["GET"]}}],"collection":[{"href":"https:\/\/nexgendecors.com\/es\/wp-json\/wp\/v2\/product"}],"about":[{"href":"https:\/\/nexgendecors.com\/es\/wp-json\/wp\/v2\/types\/product"}],"replies":[{"embeddable":true,"href":"https:\/\/nexgendecors.com\/es\/wp-json\/wp\/v2\/comments?post=163844"}],"version-history":[{"count":0,"href":"https:\/\/nexgendecors.com\/es\/wp-json\/wp\/v2\/product\/163844\/revisions"}],"wp:featuredmedia":[{"embeddable":true,"href":"https:\/\/nexgendecors.com\/es\/wp-json\/wp\/v2\/media\/163843"}],"wp:attachment":[{"href":"https:\/\/nexgendecors.com\/es\/wp-json\/wp\/v2\/media?parent=163844"}],"wp:term":[{"taxonomy":"product_brand","embeddable":true,"href":"https:\/\/nexgendecors.com\/es\/wp-json\/wp\/v2\/product_brand?post=163844"},{"taxonomy":"product_cat","embeddable":true,"href":"https:\/\/nexgendecors.com\/es\/wp-json\/wp\/v2\/product_cat?post=163844"},{"taxonomy":"product_tag","embeddable":true,"href":"https:\/\/nexgendecors.com\/es\/wp-json\/wp\/v2\/product_tag?post=163844"}],"curies":[{"name":"wp","href":"https:\/\/api.w.org\/{rel}","templated":true}]}}