{"id":163896,"date":"2025-02-11T12:09:43","date_gmt":"2025-02-11T12:09:43","guid":{"rendered":"https:\/\/nexgendecors.com\/en\/product\/hemp-woven-pattern-soft-porcelain-bendable-flexible-stone-fireproof-and-waterproof-indoor-and-outdoor-background-wall-door-head-screen-imitation-woven-pattern\/"},"modified":"2025-04-15T10:59:06","modified_gmt":"2025-04-15T10:59:06","slug":"hemp-woven-pattern-soft-porcelain-bendable-flexible-stone-fireproof-and-waterproof-indoor-and-outdoor-background-wall-door-head-screen-imitation-woven-pattern","status":"publish","type":"product","link":"https:\/\/nexgendecors.com\/es\/product\/hemp-woven-pattern-soft-porcelain-bendable-flexible-stone-fireproof-and-waterproof-indoor-and-outdoor-background-wall-door-head-screen-imitation-woven-pattern\/","title":{"rendered":"Pantalla de pared de porcelana flexible con patr\u00f3n de tejido de c\u00e1\u00f1amo"},"content":{"rendered":"<ul>\n<li><strong>Ancho de cada pieza mm<\/strong>:600<\/li>\n<li><strong>marca<\/strong>:Nuevo Mundo de Piedra<\/li>\n<li><strong>modelo<\/strong>:Soft porcelain hemp weaving<\/li>\n<li><strong>estilo<\/strong>:Nuevo chino<\/li>\n<li><strong>\u00bfEnviar muestras?<\/strong>:Corte de muestra gratuito, el flete corre por su cuenta.<\/li>\n<li><strong>Unidad de medida<\/strong>:1\u33a1<\/li>\n<li><strong>Longitud de cada pieza mm<\/strong>:1200<\/li>\n<li><strong>Special Purpose<\/strong>:Fire prevention<\/li>\n<li><strong>Textura<\/strong>:Piedra de imitaci\u00f3n<\/li>\n<li><strong>Espacio aplicable<\/strong>:Pared exterior<\/li>\n<li><strong>Servicio en la ciudad<\/strong>:Log\u00edstica intraurbana de entrega puerta a puerta<\/li>\n<li><strong>Origen<\/strong>:China continental<\/li>\n<li><strong>Clasificaci\u00f3n del espacio de decoraci\u00f3n<\/strong>:Whole House<\/li>\n<li><strong>Absorci\u00f3n de agua<\/strong>:0,5% o m\u00e1s<\/li>\n<li><strong>tama\u00f1o<\/strong>:otro<\/li>\n<li><strong>ordenar por color<\/strong>:Consult customer service for free samples 200*200 mm, hemp woven board 1 square price 60*240cm\/120*240cm, hemp woven-medium gray width 60*120cm\/sheet, hemp woven-orange width 60*120cm\/sheet, hemp woven-off-white width 60*120cm\/sheet, hemp woven-yellow width 60*120cm\/sheet<\/li>\n<\/ul>","protected":false},"excerpt":{"rendered":"<p>Ancho de cada pieza mm:600 marca:New Stone World modelo:Tejido de c\u00e1\u00f1amo de porcelana suave estilo:Nuevo chino \u00bfEnviar muestras?:Corte de muestras gratis, el flete es<\/p>","protected":false},"featured_media":163895,"comment_status":"open","ping_status":"closed","template":"","meta":[],"product_brand":[],"product_cat":[30892,30878,30985],"product_tag":[30891],"class_list":{"0":"post-163896","1":"product","2":"type-product","3":"status-publish","4":"has-post-thumbnail","6":"product_cat-export","7":"product_cat-wall-panel","8":"product_cat-wall-panels","9":"product_tag-title-adjust","11":"first","12":"instock","13":"taxable","14":"shipping-taxable","15":"purchasable","16":"product-type-variable"},"_links":{"self":[{"href":"https:\/\/nexgendecors.com\/es\/wp-json\/wp\/v2\/product\/163896","targetHints":{"allow":["GET"]}}],"collection":[{"href":"https:\/\/nexgendecors.com\/es\/wp-json\/wp\/v2\/product"}],"about":[{"href":"https:\/\/nexgendecors.com\/es\/wp-json\/wp\/v2\/types\/product"}],"replies":[{"embeddable":true,"href":"https:\/\/nexgendecors.com\/es\/wp-json\/wp\/v2\/comments?post=163896"}],"version-history":[{"count":0,"href":"https:\/\/nexgendecors.com\/es\/wp-json\/wp\/v2\/product\/163896\/revisions"}],"wp:featuredmedia":[{"embeddable":true,"href":"https:\/\/nexgendecors.com\/es\/wp-json\/wp\/v2\/media\/163895"}],"wp:attachment":[{"href":"https:\/\/nexgendecors.com\/es\/wp-json\/wp\/v2\/media?parent=163896"}],"wp:term":[{"taxonomy":"product_brand","embeddable":true,"href":"https:\/\/nexgendecors.com\/es\/wp-json\/wp\/v2\/product_brand?post=163896"},{"taxonomy":"product_cat","embeddable":true,"href":"https:\/\/nexgendecors.com\/es\/wp-json\/wp\/v2\/product_cat?post=163896"},{"taxonomy":"product_tag","embeddable":true,"href":"https:\/\/nexgendecors.com\/es\/wp-json\/wp\/v2\/product_tag?post=163896"}],"curies":[{"name":"wp","href":"https:\/\/api.w.org\/{rel}","templated":true}]}}