{"id":164109,"date":"2025-02-11T12:25:02","date_gmt":"2025-02-11T12:25:02","guid":{"rendered":"https:\/\/nexgendecors.com\/en\/product\/soft-stone-roman-white-travertine-cultural-brick-ultra-thin-flexible-stone-hemp-woven-rammed-earth-board-shale-cloth-stone-exterior-wall-tile\/"},"modified":"2025-04-15T10:59:06","modified_gmt":"2025-04-15T10:59:06","slug":"soft-stone-roman-white-travertine-cultural-brick-ultra-thin-flexible-stone-hemp-woven-rammed-earth-board-shale-cloth-stone-exterior-wall-tile","status":"publish","type":"product","link":"https:\/\/nexgendecors.com\/es\/product\/soft-stone-roman-white-travertine-cultural-brick-ultra-thin-flexible-stone-hemp-woven-rammed-earth-board-shale-cloth-stone-exterior-wall-tile\/","title":{"rendered":"Ultra-Thin Roman White Travertino Piedra Pared Azulejos"},"content":{"rendered":"<ul>\n<li><strong>Special Purpose<\/strong>:Anti-slip, fireproof, moisture-proof, mildew-proof, wear-resistant and anti-corrosion<\/li>\n<li><strong>Surface Effects<\/strong>:Matt<\/li>\n<li><strong>marca<\/strong>:Meikai Marten<\/li>\n<li><strong>modelo<\/strong>:MKD Travertine<\/li>\n<li><strong>Material<\/strong>:Stone powder<\/li>\n<li><strong>estilo<\/strong>:Simple y moderno<\/li>\n<li><strong>Origen<\/strong>:China continental<\/li>\n<li><strong>tama\u00f1o<\/strong>:Size 600*1200mm<\/li>\n<li><strong>Espacio aplicable<\/strong>:Pared exterior<\/li>\n<li><strong>ordenar por color<\/strong>:3D printed travertine-Gold 3D printed travertine-Gold yellow 3D printed travertine-Gold white 3D printed travertine-Yun yellow 3D printed travertine-Yunshan 3D printed travertine-Yunchuan 3D printed travertine-Yunsha 3D printed travertine-Yun gray travertine-Roman yellow travertine-Roman white travertine-Gold travertine-White jade travertine-Black diamond travertine-Crystal cloth-Snowflake white cloth-Beige cloth-Cement gray cloth-Space black fine cloth-White fine cloth-Cement gray fine cloth-Beige fine cloth-Red fine cloth- Beautiful black stars-Slate Meridian-Slate Night-Slate shale-Snowflake white shale-Plateau yellow shale-China red shale-Space black coarse cloth-Snowflake white coarse cloth-Cement gray coarse cloth-China red coarse cloth-Space black hemp woven stone-Snowflake white hemp woven stone-Beige jute woven stone-Plateau yellow jute woven stone-Cement gray hemp woven stone-Warm orange hemp woven stone-Warm purple flowing water stone-Snowflake white flowing water stone-Light gray flowing water stone-Dark gray corrugated board-Snowflake white corrugated board-Cement gray rammed earth board-Red rammed earth board-Yellow rammed earth board-Gray<\/li>\n<li><strong>Servicio en la ciudad<\/strong>:Log\u00edstica intraurbana de entrega puerta a puerta<\/li>\n<li><strong>Textura<\/strong>:Piedra de imitaci\u00f3n<\/li>\n<li><strong>Clasificaci\u00f3n del espacio de decoraci\u00f3n<\/strong>:Balcony restaurant background wall sun room bathroom bedroom whole house living room kitchen garden foyer chess room<\/li>\n<li><strong>Longitud de cada pieza mm<\/strong>:1200<\/li>\n<li><strong>Ancho de cada pieza mm<\/strong>:600<\/li>\n<li><strong>Unidad de medida<\/strong>:0,72\u33a1<\/li>\n<li><strong>Absorci\u00f3n de agua<\/strong>:0,5% o m\u00e1s<\/li>\n<li><strong>\u00bfEnviar muestras?<\/strong>:Corte de muestra gratuito, el flete corre por su cuenta.<\/li>\n<\/ul>","protected":false},"excerpt":{"rendered":"<p>Prop\u00f3sito especial:Antideslizante, ign\u00edfugo, a prueba de humedad, a prueba de moho, resistente al desgaste y anti-corrosi\u00f3n Efectos de superficie:Mate marca:Meikai Marten modelo:MKD Travertino Material:Polvo de piedra estilo:Simple y moderno Origen:Chino<\/p>","protected":false},"featured_media":164108,"comment_status":"open","ping_status":"closed","template":"","meta":[],"product_brand":[],"product_cat":[30892,30878,30985],"product_tag":[30891],"class_list":{"0":"post-164109","1":"product","2":"type-product","3":"status-publish","4":"has-post-thumbnail","6":"product_cat-export","7":"product_cat-wall-panel","8":"product_cat-wall-panels","9":"product_tag-title-adjust","11":"first","12":"instock","13":"taxable","14":"shipping-taxable","15":"purchasable","16":"product-type-variable"},"_links":{"self":[{"href":"https:\/\/nexgendecors.com\/es\/wp-json\/wp\/v2\/product\/164109","targetHints":{"allow":["GET"]}}],"collection":[{"href":"https:\/\/nexgendecors.com\/es\/wp-json\/wp\/v2\/product"}],"about":[{"href":"https:\/\/nexgendecors.com\/es\/wp-json\/wp\/v2\/types\/product"}],"replies":[{"embeddable":true,"href":"https:\/\/nexgendecors.com\/es\/wp-json\/wp\/v2\/comments?post=164109"}],"version-history":[{"count":0,"href":"https:\/\/nexgendecors.com\/es\/wp-json\/wp\/v2\/product\/164109\/revisions"}],"wp:featuredmedia":[{"embeddable":true,"href":"https:\/\/nexgendecors.com\/es\/wp-json\/wp\/v2\/media\/164108"}],"wp:attachment":[{"href":"https:\/\/nexgendecors.com\/es\/wp-json\/wp\/v2\/media?parent=164109"}],"wp:term":[{"taxonomy":"product_brand","embeddable":true,"href":"https:\/\/nexgendecors.com\/es\/wp-json\/wp\/v2\/product_brand?post=164109"},{"taxonomy":"product_cat","embeddable":true,"href":"https:\/\/nexgendecors.com\/es\/wp-json\/wp\/v2\/product_cat?post=164109"},{"taxonomy":"product_tag","embeddable":true,"href":"https:\/\/nexgendecors.com\/es\/wp-json\/wp\/v2\/product_tag?post=164109"}],"curies":[{"name":"wp","href":"https:\/\/api.w.org\/{rel}","templated":true}]}}